{"id":533,"date":"2022-02-23T15:32:46","date_gmt":"2022-02-23T18:32:46","guid":{"rendered":"https:\/\/www.saniprosrl.com.ar\/noticias\/?page_id=533"},"modified":"2022-02-23T15:41:25","modified_gmt":"2022-02-23T18:41:25","slug":"glosario-b","status":"publish","type":"page","link":"https:\/\/sanipro.com.ar\/noticias\/glosario-b\/","title":{"rendered":"GLOSARIO &#8211; Letra B"},"content":{"rendered":"\n<p><\/p>\n\n\n\n<p><a href=\"https:\/\/sanipro.com.ar\/noticias\/glosario\/\">A<\/a> \u2013 <a href=\"https:\/\/sanipro.com.ar\/noticias\/glosario-b\/\">B<\/a> \u2013 <a href=\"https:\/\/sanipro.com.ar\/noticias\/glosario-c\/\">C<\/a> \u2013 <a href=\"https:\/\/sanipro.com.ar\/noticias\/glosario-d\/\">D<\/a> \u2013 <a href=\"https:\/\/sanipro.com.ar\/noticias\/glosario-e\/\">E<\/a> \u2013 <a href=\"https:\/\/sanipro.com.ar\/noticias\/glosario-f\/\">F<\/a> \u2013 <a href=\"https:\/\/sanipro.com.ar\/noticias\/glosario-g\/\">G<\/a> \u2013 <a href=\"https:\/\/sanipro.com.ar\/noticias\/glosario-h\/\">H<\/a> \u2013 <a href=\"https:\/\/sanipro.com.ar\/noticias\/glosario-i\/\">I<\/a> \u2013 <a href=\"https:\/\/sanipro.com.ar\/noticias\/glosario-j\/\">J<\/a> \u2013<a href=\"https:\/\/sanipro.com.ar\/noticias\/glosario-k\/\">K<\/a>\u2013 <a href=\"https:\/\/sanipro.com.ar\/noticias\/glosario-l\/\">L<\/a> \u2013 <a href=\"https:\/\/sanipro.com.ar\/noticias\/glosario-m\/\">M<\/a> \u2013 <a href=\"https:\/\/sanipro.com.ar\/noticias\/glosario-n\/\">N<\/a> \u2013 <a href=\"https:\/\/sanipro.com.ar\/noticias\/glosario-o\/\">O<\/a> \u2013 <a href=\"https:\/\/sanipro.com.ar\/noticias\/glosario-p\/\">P<\/a> \u2013 <a href=\"https:\/\/sanipro.com.ar\/noticias\/glosario-q\/\">Q<\/a> \u2013 <a href=\"https:\/\/sanipro.com.ar\/noticias\/glosario-r\/\">R<\/a> \u2013 <a href=\"https:\/\/sanipro.com.ar\/noticias\/glosario-s\/\">S<\/a> \u2013<a href=\"https:\/\/sanipro.com.ar\/noticias\/glosario-t\/\">T<\/a>\u2013 <a href=\"https:\/\/sanipro.com.ar\/noticias\/glosario-u\/\">U<\/a> \u2013 <a href=\"https:\/\/sanipro.com.ar\/noticias\/glosario-v\/\">V<\/a> \u2013<a href=\"https:\/\/sanipro.com.ar\/noticias\/glosario-w\/\">W<\/a>\u2013 <a href=\"https:\/\/sanipro.com.ar\/noticias\/glosario-x\/\">X<\/a> \u2013 <a href=\"https:\/\/sanipro.com.ar\/noticias\/glosario-y\/\">Y<\/a> \u2013 <a href=\"https:\/\/sanipro.com.ar\/noticias\/glosario-z\/\">Z<\/a><\/p>\n\n\n\n<p><strong>Barrenador<\/strong>: Perforador.<\/p>\n\n\n\n<p><strong>Bartonelosis<\/strong>: \u201co enfermedad de Carri\u00f3n es una enfermedad causada por el microorganismo Bartonella baciliformis. Se desarrolla en dos fases: La primera, llamada fiebre de Oroya se caracteriza por anemia hemol\u00edtica aguda y febril, puede ser grave e incluso producir la muerte. La segunda , llamada verruga peruana, superada la fiebre de Oroya, es de tipo eruptivo y en ella aparecen n\u00f3dulos cut\u00e1neos, verrugas de color violeta. \u201d<\/p>\n\n\n\n<p><strong>Basal<\/strong>: En cuanto a la base de una estructura \u2013 la parte m\u00e1s cercana del cuerpo.&nbsp;Las c\u00e9lulas basales en Diptera son generalmente peque\u00f1as celdas cerca de la base del ala.<\/p>\n\n\n\n<p><strong>Basalis<\/strong>: Esclerito principal de la mand\u00edbula cuando hay varios escleritos diferenciados.<\/p>\n\n\n\n<p><strong>Basic\u00f3nico<\/strong>, <strong>Sensorio o Sensilio<\/strong>: \u00d3rgano de los sentidos que se caracteriza por presentar la superficie cuticular de forma c\u00f3nica sobresaliente.<\/p>\n\n\n\n<p><strong>Basipodito<\/strong>: Segundo segmento de un ap\u00e9ndice de los artr\u00f3podos. En insectos, el primer troc\u00e1nter.<\/p>\n\n\n\n<p><strong>Basiproboscis<\/strong>: En d\u00edpteros, la parte basal o rostro de la proboscis.<\/p>\n\n\n\n<p><strong>Basisterno<\/strong>: Porci\u00f3n anterior y mayor del eusterno.<\/p>\n\n\n\n<p><strong>Basitarso<\/strong>: ISt El segmento del tarso \u2013 por lo general el m\u00e1s grande.<\/p>\n\n\n\n<p><strong>Batelli<\/strong>, <strong>Gl\u00e1ndulas de<\/strong>: C\u00e9lulas hipod\u00e9rmicas glandulares ubicadas en el octavo y noveno ur\u00f3mero de ciertos hom\u00f3pteros, que segregan sustancias mucilaginosas.<\/p>\n\n\n\n<p><strong>Bathmedometabolia<\/strong>: Ver Hemimetabolia<\/p>\n\n\n\n<p><strong>Batumen<\/strong>: Una capa protectora de cerumen o propilis duro que encierra la cavidad del nido de una colonia de abejas sin aguij\u00f3n.<\/p>\n\n\n\n<p><strong>Ben\u00f3mero<\/strong>: Un segmento tor\u00e1cico portador de patas.<\/p>\n\n\n\n<p><strong>Ben\u00f3podo<\/strong>: Pata tor\u00e1cica o verdadera.<\/p>\n\n\n\n<p><strong>Bivoltino<\/strong>: Que tiene dos generaciones por a\u00f1o<\/p>\n\n\n\n<p><strong>B\u00edforo<\/strong>: Apl\u00edcase a los espir\u00e1culos de larvas de Coleoptera. Presentan dos sacos en el atrio y se supone que estaban originalmente abiertos al exterior.<\/p>\n\n\n\n<p><strong>Binaria<\/strong> <strong>o Binomial, Nomenclatura<\/strong>: Forma de designar las especies mediante dos nombres (gen\u00e9rico y espec\u00edfico o trivial).<\/p>\n\n\n\n<p><strong>Bioluminiscencia<\/strong>: Propiedad que tienen algunos insectos de producir luz.<\/p>\n\n\n\n<p><strong>Bionom\u00eda<\/strong>:&nbsp;El estudio de los h\u00e1bitos, la cr\u00eda, y las adaptaciones de las formas vivas.<\/p>\n\n\n\n<p><strong>Biordinales<\/strong>: Se dice de los crochets cuando se presentan en dos tama\u00f1os alternados en una misma fila o serie.<\/p>\n\n\n\n<p><strong>Bipectinadas<\/strong>:&nbsp;plumoso, con ramas que crecen hacia fuera el aceite ambos lados del eje principal: se aplica principalmente a las antenas.<\/p>\n\n\n\n<p><strong>Bisexual<\/strong>:&nbsp;Tener dos sexos distintos y separados, es decir, una especie con hombres y mujeres.<\/p>\n\n\n\n<p><strong>Bivoltina<\/strong>:&nbsp;Tener dos generaciones por a\u00f1o.<\/p>\n\n\n\n<p><strong>Blastog\u00e9nesis<\/strong>:&nbsp;El origen de las castas diferentes, dentro de una especie, desde el huevo por medios distintos de gen\u00e9tica.<\/p>\n\n\n\n<p><strong>Boca<\/strong>: Abertura anterior del tubo digestivo.<\/p>\n\n\n\n<p><strong>Bolsa<\/strong> <strong>Copuladora (Bursa Copulatrix)<\/strong>: Divert\u00edculo de la vagina que se observa en algunos insectos y en el que se deposita el semen antes de penetrar en la espermateca.<\/p>\n\n\n\n<p><strong>Borreliosis<\/strong>: \u201cInfecci\u00f3n causada por varias especies de Borrelia. La enfermedad se caracteriza por fiebre elevada, delirio, cefaleas, dolores musculares, hepato-espleniomegalia e ictericia. En la piel observan eritema migrans, acrodermatitis cr\u00f3nica atr\u00f3fica y linfocitomas \u201d<\/p>\n\n\n\n<p><strong>Bot<\/strong>:&nbsp;La larva de ciertas moscas que son par\u00e1sitos en el cuerpo de los mam\u00edferos.<\/p>\n\n\n\n<p><strong>Br\u00e1ctea<\/strong>: Parte de la flor. Piezas de estructura foliosa que se encuentran debajo de la flor, diferentes al c\u00e1liz.<\/p>\n\n\n\n<p><strong>Braqu\u00edcero<\/strong>: Que tiene antenas cortas.<\/p>\n\n\n\n<p><strong>Braqui\u00e9litro<\/strong>: Que posee \u00e9litros cortos. El \u00e9litro corto en s\u00ed.<\/p>\n\n\n\n<p><strong>Braqu\u00edpteros<\/strong>:&nbsp;Con alas cortas que no cubren el abdomen, usado de los individuos de una especie que de otro modo ya tiene alas.<\/p>\n\n\n\n<p><strong>Bucal<\/strong>: Relativo a la boca.<\/p>\n\n\n\n<p><strong>Buccula<\/strong>: Cada una de las expansiones situadas a cada lado del segmento basal del rostro de algunos hem\u00edpteros, y de importancia taxon\u00f3mica.<\/p>\n\n\n\n<p><strong>Buche<\/strong>: Ensanchamiento de la regi\u00f3n esof\u00e1gica del estomodeo. Ingluvio.<\/p>\n\n\n\n<p><strong>Bursa<\/strong> <strong>copulatriz<\/strong>:&nbsp;La parte de los genitales femeninos, que recibe el edeago y el esperma durante la c\u00f3pula.&nbsp;Su estructura suele ser importante en la separaci\u00f3n de especies estrechamente relacionadas.<\/p>\n","protected":false},"excerpt":{"rendered":"<p>A \u2013 B \u2013 C \u2013 D \u2013 E \u2013 F \u2013 G \u2013 H<\/p>\n","protected":false},"author":1,"featured_media":0,"parent":0,"menu_order":0,"comment_status":"closed","ping_status":"closed","template":"","meta":{"footnotes":""},"class_list":["post-533","page","type-page","status-publish","hentry","comments-off"],"yoast_head":"<!-- This site is optimized with the Yoast SEO plugin v19.9 - https:\/\/yoast.com\/wordpress\/plugins\/seo\/ -->\n<title>GLOSARIO - Letra B - Sanipro<\/title>\n<meta name=\"robots\" content=\"index, follow, max-snippet:-1, max-image-preview:large, max-video-preview:-1\" \/>\n<link rel=\"canonical\" href=\"https:\/\/sanipro.com.ar\/noticias\/glosario-b\/\" \/>\n<meta property=\"og:locale\" content=\"es_ES\" \/>\n<meta property=\"og:type\" content=\"article\" \/>\n<meta property=\"og:title\" content=\"GLOSARIO - Letra B - Sanipro\" \/>\n<meta property=\"og:description\" content=\"A \u2013 B \u2013 C \u2013 D \u2013 E \u2013 F \u2013 G \u2013 H\" \/>\n<meta property=\"og:url\" content=\"https:\/\/sanipro.com.ar\/noticias\/glosario-b\/\" \/>\n<meta property=\"og:site_name\" content=\"Sanipro\" \/>\n<meta property=\"article:modified_time\" content=\"2022-02-23T18:41:25+00:00\" \/>\n<meta name=\"twitter:card\" content=\"summary_large_image\" \/>\n<meta name=\"twitter:label1\" content=\"Tiempo de lectura\" \/>\n\t<meta name=\"twitter:data1\" content=\"3 minutos\" \/>\n<script type=\"application\/ld+json\" class=\"yoast-schema-graph\">{\"@context\":\"https:\/\/schema.org\",\"@graph\":[{\"@type\":\"WebPage\",\"@id\":\"https:\/\/sanipro.com.ar\/noticias\/glosario-b\/\",\"url\":\"https:\/\/sanipro.com.ar\/noticias\/glosario-b\/\",\"name\":\"GLOSARIO - Letra B - Sanipro\",\"isPartOf\":{\"@id\":\"https:\/\/sanipro.com.ar\/noticias\/#website\"},\"datePublished\":\"2022-02-23T18:32:46+00:00\",\"dateModified\":\"2022-02-23T18:41:25+00:00\",\"breadcrumb\":{\"@id\":\"https:\/\/sanipro.com.ar\/noticias\/glosario-b\/#breadcrumb\"},\"inLanguage\":\"es-AR\",\"potentialAction\":[{\"@type\":\"ReadAction\",\"target\":[\"https:\/\/sanipro.com.ar\/noticias\/glosario-b\/\"]}]},{\"@type\":\"BreadcrumbList\",\"@id\":\"https:\/\/sanipro.com.ar\/noticias\/glosario-b\/#breadcrumb\",\"itemListElement\":[{\"@type\":\"ListItem\",\"position\":1,\"name\":\"Inicio\",\"item\":\"https:\/\/sanipro.com.ar\/noticias\/\"},{\"@type\":\"ListItem\",\"position\":2,\"name\":\"GLOSARIO &#8211; Letra B\"}]},{\"@type\":\"WebSite\",\"@id\":\"https:\/\/sanipro.com.ar\/noticias\/#website\",\"url\":\"https:\/\/sanipro.com.ar\/noticias\/\",\"name\":\"Sanipro\",\"description\":\"Sanidad profesional\",\"publisher\":{\"@id\":\"https:\/\/sanipro.com.ar\/noticias\/#organization\"},\"potentialAction\":[{\"@type\":\"SearchAction\",\"target\":{\"@type\":\"EntryPoint\",\"urlTemplate\":\"https:\/\/sanipro.com.ar\/noticias\/?s={search_term_string}\"},\"query-input\":\"required name=search_term_string\"}],\"inLanguage\":\"es-AR\"},{\"@type\":\"Organization\",\"@id\":\"https:\/\/sanipro.com.ar\/noticias\/#organization\",\"name\":\"Sanipro\",\"url\":\"https:\/\/sanipro.com.ar\/noticias\/\",\"logo\":{\"@type\":\"ImageObject\",\"inLanguage\":\"es-AR\",\"@id\":\"https:\/\/sanipro.com.ar\/noticias\/#\/schema\/logo\/image\/\",\"url\":\"https:\/\/sanipro.com.ar\/noticias\/wp-content\/uploads\/2022\/02\/cropped-LOGO-noticias.fw_-1.png\",\"contentUrl\":\"https:\/\/sanipro.com.ar\/noticias\/wp-content\/uploads\/2022\/02\/cropped-LOGO-noticias.fw_-1.png\",\"width\":250,\"height\":79,\"caption\":\"Sanipro\"},\"image\":{\"@id\":\"https:\/\/sanipro.com.ar\/noticias\/#\/schema\/logo\/image\/\"}}]}<\/script>\n<!-- \/ Yoast SEO plugin. -->","yoast_head_json":{"title":"GLOSARIO - Letra B - Sanipro","robots":{"index":"index","follow":"follow","max-snippet":"max-snippet:-1","max-image-preview":"max-image-preview:large","max-video-preview":"max-video-preview:-1"},"canonical":"https:\/\/sanipro.com.ar\/noticias\/glosario-b\/","og_locale":"es_ES","og_type":"article","og_title":"GLOSARIO - Letra B - Sanipro","og_description":"A \u2013 B \u2013 C \u2013 D \u2013 E \u2013 F \u2013 G \u2013 H","og_url":"https:\/\/sanipro.com.ar\/noticias\/glosario-b\/","og_site_name":"Sanipro","article_modified_time":"2022-02-23T18:41:25+00:00","twitter_card":"summary_large_image","twitter_misc":{"Tiempo de lectura":"3 minutos"},"schema":{"@context":"https:\/\/schema.org","@graph":[{"@type":"WebPage","@id":"https:\/\/sanipro.com.ar\/noticias\/glosario-b\/","url":"https:\/\/sanipro.com.ar\/noticias\/glosario-b\/","name":"GLOSARIO - Letra B - Sanipro","isPartOf":{"@id":"https:\/\/sanipro.com.ar\/noticias\/#website"},"datePublished":"2022-02-23T18:32:46+00:00","dateModified":"2022-02-23T18:41:25+00:00","breadcrumb":{"@id":"https:\/\/sanipro.com.ar\/noticias\/glosario-b\/#breadcrumb"},"inLanguage":"es-AR","potentialAction":[{"@type":"ReadAction","target":["https:\/\/sanipro.com.ar\/noticias\/glosario-b\/"]}]},{"@type":"BreadcrumbList","@id":"https:\/\/sanipro.com.ar\/noticias\/glosario-b\/#breadcrumb","itemListElement":[{"@type":"ListItem","position":1,"name":"Inicio","item":"https:\/\/sanipro.com.ar\/noticias\/"},{"@type":"ListItem","position":2,"name":"GLOSARIO &#8211; Letra B"}]},{"@type":"WebSite","@id":"https:\/\/sanipro.com.ar\/noticias\/#website","url":"https:\/\/sanipro.com.ar\/noticias\/","name":"Sanipro","description":"Sanidad profesional","publisher":{"@id":"https:\/\/sanipro.com.ar\/noticias\/#organization"},"potentialAction":[{"@type":"SearchAction","target":{"@type":"EntryPoint","urlTemplate":"https:\/\/sanipro.com.ar\/noticias\/?s={search_term_string}"},"query-input":"required name=search_term_string"}],"inLanguage":"es-AR"},{"@type":"Organization","@id":"https:\/\/sanipro.com.ar\/noticias\/#organization","name":"Sanipro","url":"https:\/\/sanipro.com.ar\/noticias\/","logo":{"@type":"ImageObject","inLanguage":"es-AR","@id":"https:\/\/sanipro.com.ar\/noticias\/#\/schema\/logo\/image\/","url":"https:\/\/sanipro.com.ar\/noticias\/wp-content\/uploads\/2022\/02\/cropped-LOGO-noticias.fw_-1.png","contentUrl":"https:\/\/sanipro.com.ar\/noticias\/wp-content\/uploads\/2022\/02\/cropped-LOGO-noticias.fw_-1.png","width":250,"height":79,"caption":"Sanipro"},"image":{"@id":"https:\/\/sanipro.com.ar\/noticias\/#\/schema\/logo\/image\/"}}]}},"_links":{"self":[{"href":"https:\/\/sanipro.com.ar\/noticias\/wp-json\/wp\/v2\/pages\/533","targetHints":{"allow":["GET"]}}],"collection":[{"href":"https:\/\/sanipro.com.ar\/noticias\/wp-json\/wp\/v2\/pages"}],"about":[{"href":"https:\/\/sanipro.com.ar\/noticias\/wp-json\/wp\/v2\/types\/page"}],"author":[{"embeddable":true,"href":"https:\/\/sanipro.com.ar\/noticias\/wp-json\/wp\/v2\/users\/1"}],"replies":[{"embeddable":true,"href":"https:\/\/sanipro.com.ar\/noticias\/wp-json\/wp\/v2\/comments?post=533"}],"version-history":[{"count":3,"href":"https:\/\/sanipro.com.ar\/noticias\/wp-json\/wp\/v2\/pages\/533\/revisions"}],"predecessor-version":[{"id":540,"href":"https:\/\/sanipro.com.ar\/noticias\/wp-json\/wp\/v2\/pages\/533\/revisions\/540"}],"wp:attachment":[{"href":"https:\/\/sanipro.com.ar\/noticias\/wp-json\/wp\/v2\/media?parent=533"}],"curies":[{"name":"wp","href":"https:\/\/api.w.org\/{rel}","templated":true}]}}