{"id":538,"date":"2022-02-23T15:39:22","date_gmt":"2022-02-23T18:39:22","guid":{"rendered":"https:\/\/www.saniprosrl.com.ar\/noticias\/?page_id=538"},"modified":"2022-02-23T15:40:41","modified_gmt":"2022-02-23T18:40:41","slug":"glosario-c","status":"publish","type":"page","link":"https:\/\/sanipro.com.ar\/noticias\/glosario-c\/","title":{"rendered":"GLOSARIO &#8211; Letra C"},"content":{"rendered":"\n<p><a href=\"https:\/\/sanipro.com.ar\/noticias\/glosario\/\">A<\/a> &#8211; <a href=\"https:\/\/sanipro.com.ar\/noticias\/glosario-b\/\">B<\/a> &#8211; <a href=\"https:\/\/sanipro.com.ar\/noticias\/glosario-c\/\">C<\/a> &#8211; <a href=\"https:\/\/sanipro.com.ar\/noticias\/glosario-d\/\">D<\/a> &#8211; <a href=\"https:\/\/sanipro.com.ar\/noticias\/glosario-e\/\">E<\/a> &#8211; <a href=\"https:\/\/sanipro.com.ar\/noticias\/glosario-f\/\">F<\/a> &#8211; <a href=\"https:\/\/sanipro.com.ar\/noticias\/glosario-g\/\">G<\/a> &#8211; <a href=\"https:\/\/sanipro.com.ar\/noticias\/glosario-h\/\">H<\/a> &#8211; <a href=\"https:\/\/sanipro.com.ar\/noticias\/glosario-i\/\">I<\/a> &#8211; <a href=\"https:\/\/sanipro.com.ar\/noticias\/glosario-j\/\">J<\/a> &#8211;<a href=\"https:\/\/sanipro.com.ar\/noticias\/glosario-k\/\">K<\/a>&#8211; <a href=\"https:\/\/sanipro.com.ar\/noticias\/glosario-l\/\">L<\/a> &#8211; <a href=\"https:\/\/sanipro.com.ar\/noticias\/glosario-m\/\" data-type=\"URL\" data-id=\"https:\/\/sanipro.com.ar\/noticias\/glosario-m\/\">M<\/a> &#8211; <a href=\"https:\/\/sanipro.com.ar\/noticias\/glosario-n\/\">N<\/a> &#8211; <a href=\"https:\/\/sanipro.com.ar\/noticias\/glosario-o\/\">O<\/a> &#8211; <a href=\"https:\/\/sanipro.com.ar\/noticias\/glosario-p\/\">P<\/a> &#8211; <a href=\"https:\/\/sanipro.com.ar\/noticias\/glosario-q\/\">Q<\/a> &#8211; <a href=\"https:\/\/sanipro.com.ar\/noticias\/glosario-r\/\">R<\/a> &#8211; <a href=\"https:\/\/sanipro.com.ar\/noticias\/glosario-s\/\">S<\/a> &#8211;<a href=\"https:\/\/sanipro.com.ar\/noticias\/glosario-t\/\">T<\/a>&#8211; <a href=\"https:\/\/sanipro.com.ar\/noticias\/glosario-u\/\">U<\/a> &#8211; <a href=\"https:\/\/sanipro.com.ar\/noticias\/glosario-v\/\">V<\/a> &#8211;<a href=\"https:\/\/sanipro.com.ar\/noticias\/glosario-w\/\">W<\/a>&#8211; <a href=\"https:\/\/sanipro.com.ar\/noticias\/glosario-x\/\">X<\/a> &#8211; <a href=\"https:\/\/sanipro.com.ar\/noticias\/glosario-y\/\">Y<\/a> &#8211; <a href=\"https:\/\/sanipro.com.ar\/noticias\/glosario-z\/\">Z<\/a><\/p>\n\n\n\n<p><strong>Cabeza<\/strong>:&nbsp;La regi\u00f3n anterior del cuerpo de los insectos que lleva el aparato bucal, los ojos y antenas.<\/p>\n\n\n\n<p><strong>Calcar<\/strong>: \u201d Cualquier espina o cerda m\u00f3vil; espec\u00edficamente las espinas del \u00e1pice de la tibia.\u201d<\/p>\n\n\n\n<p><strong>Calc\u00e1reas<\/strong>:&nbsp;Refiri\u00e9ndose a los suelos o rocas, que posee los elementos que dan lugar a reacciones alcalinas o b\u00e1sicas.<\/p>\n\n\n\n<p><strong>Caliculada<\/strong>, <strong>Antena<\/strong>: Tipo de antena que se caracteriza por presentar sus artejos en forma de copa y dispuestos parcialmente uno dentro del otro.<\/p>\n\n\n\n<p><strong>Callow<\/strong>: Trabajadores en colonias de insectos sociales cuyas exoesqueletos todav\u00eda son suaves y cuyo color no ha madurado completamente.<\/p>\n\n\n\n<p><strong>Cal\u00edpter<\/strong>: Escama alar de d\u00edpteros.<\/p>\n\n\n\n<p><strong>Calipterado o Caliptrado<\/strong>: Aquellos d\u00edpteros que poseen escama o cal\u00edpter en la base alar.<\/p>\n\n\n\n<p><strong>Callo<\/strong>:&nbsp;redondeadas Una inflamaci\u00f3n: se aplica especialmente a las regiones inflamadas en la parte delantera o posterior del t\u00f3rax en varias moscas.<\/p>\n\n\n\n<p><strong>Calypter<\/strong>:&nbsp;Intimo de los tres, como excrecencias de aletas en la base del ala en varias mos-cas.&nbsp;Tambi\u00e9n conocida como la escama tor\u00e1cica, por lo general oculta la haltera.<\/p>\n\n\n\n<p><strong>Calyptodomous<\/strong>:&nbsp;De los nidos de avispas, refiri\u00e9ndose a aquellos que est\u00e1n rodeados por una envoltura.<\/p>\n\n\n\n<p><strong>Cambium<\/strong>: Zona generatriz de c\u00e9lulas meristem\u00e1ticas situada entre el le\u00f1o y el l\u00edber, que produce le\u00f1o hacia la parte interna y l\u00edber hacia el exterior.<\/p>\n\n\n\n<p><strong>Campodeiforme<\/strong>:&nbsp;(Aplicado a una larva) como Grub, aplanada y alargada, con piernas bien desarrolladas y las antenas.&nbsp;Muchas larvas de escarabajos son de este tipo, y tambi\u00e9n lo son las de los neur\u00f3pteros.<\/p>\n\n\n\n<p><strong>Camuflaje<\/strong>: Artificio que usan ciertos animales para ocultarse de sus enemigos naturales o de sus presas potenciales.<\/p>\n\n\n\n<p><strong>Canibal<\/strong>: Que se alimenta de organismos de su misma especie.<\/p>\n\n\n\n<p><strong>Canibalismo<\/strong>: Acci\u00f3n de comerse a un organismo de su misma especie.<\/p>\n\n\n\n<p><strong>Cantaridina<\/strong>: Sustancia vesicante que se encuentra especialmente en los \u00e9litros de ciertos Cole\u00f3pteros Meloidae.<\/p>\n\n\n\n<p><strong>Canthus<\/strong>: Banda o proceso esclerosado que divide total o parcialmente el ojo compuesto de algunos insectos en dos mitades, una superior y otra inferior.<\/p>\n\n\n\n<p><strong>Capa de cemento<\/strong>:&nbsp;Un alga delgada sobre la superficie de la cut\u00edcula del insecto formado por la secreci\u00f3n de las gl\u00e1ndulas cut\u00e1neas endurecidas.<\/p>\n\n\n\n<p><strong>Capitada<\/strong>, <strong>Antena<\/strong>: Se dice de aquellas antenas que presentan los \u00faltimos antenitos formando un cap\u00edtulo. Apl\u00edcase tambi\u00e9n a pelos, setas u otros ap\u00e9ndices cuya porci\u00f3n terminal aumenta bruscamente de tama\u00f1o.<\/p>\n\n\n\n<p><strong>Capitado<\/strong>:&nbsp;Con un mando apical como la ampliaci\u00f3n.<\/p>\n\n\n\n<p><strong>Cap\u00edtulo<\/strong>:&nbsp;Jefe de las garrapatas como la estructura que lleva los \u00f3rganos de alimentaci\u00f3n.<\/p>\n\n\n\n<p><strong>Capullo<\/strong>: Involucro filamentoso o sedoso formado por secreciones larvales y destinado a proteger a la pupa.<\/p>\n\n\n\n<p><strong>Caput<\/strong>: La cabeza con todos sus ap\u00e9ndices.<\/p>\n\n\n\n<p><strong>Carabiforme&nbsp;<\/strong>Larva: Una larva forma de la larva de un escarabajo car\u00e1bidos, que es descolorar, aplanado, y con las piernas bien desarrolladas, pero no tiene filamentos en el extremo del abdomen.<\/p>\n\n\n\n<p><strong>Card\u00edaca, Valvula<\/strong>: V\u00e1lvula ubicada entre el estomodeo y el mesenterio. V\u00e1lvula estomodeal.<\/p>\n\n\n\n<p><strong>Cardias<\/strong>: Parte anterior del mesenterio, pr\u00f3ximo a la v\u00e1lvula card\u00edaca.<\/p>\n\n\n\n<p><strong>Cardo<\/strong>:&nbsp;El segmento basal del maxilar o la mand\u00edbula secundaria.<\/p>\n\n\n\n<p><strong>Carena<\/strong>: Engrosamiento del exoesqueleto en forma de l\u00ednea o banda.<\/p>\n\n\n\n<p><strong>Carina<\/strong>:&nbsp;Una dorsal o quilla.<\/p>\n\n\n\n<p><strong>Carn\u00edvoras<\/strong>:&nbsp;depredando o se alimentan de animales.<\/p>\n\n\n\n<p><strong>Carp\u00f3fago<\/strong>: Que se alimenta de frutos.<\/p>\n\n\n\n<p><strong>Carpopodito<\/strong>: El quinto segmento de un ap\u00e9ndice de los artr\u00f3podos. En Insecta, la tibia.<\/p>\n\n\n\n<p><strong>Carro\u00f1ero<\/strong>: Que se alimenta de carro\u00f1a, de animales muertos.<\/p>\n\n\n\n<p><strong>C\u00e1scara<\/strong>: Cubierta exterior de los huevos.<\/p>\n\n\n\n<p><strong>Castas<\/strong>:&nbsp;Grupos de personas que se convierten en irreversible conductualmente distintos en alg\u00fan momento antes de la madurez reproductiva.&nbsp;Uno de los tres o m\u00e1s formas distintas que componen la poblaci\u00f3n de los insectos sociales.&nbsp;Lo de siempre tres castas son reina, z\u00e1ngano (macho), y el trabajador.&nbsp;Las termitas y algunas de las hormigas tienen una o m\u00e1s castas, los soldados tambi\u00e9n.<\/p>\n\n\n\n<p><strong>Caterpillar<\/strong>:&nbsp;La larva de una mariposa, mariposa, o una sierra con mosca.<\/p>\n\n\n\n<p><strong>Catfacing<\/strong>: El perjuicio causado por la alimentaci\u00f3n de insectos como por ejemplo insectos de plantas y chinches en el desarrollo de la fruta que produce un crecimiento desigual y una fruta madura deformado.<\/p>\n\n\n\n<p><strong>Cauda<\/strong>:&nbsp;El extremo puntiagudo del abdomen en los \u00e1fidos.<\/p>\n\n\n\n<p><strong>Caudal<\/strong>:&nbsp;Con respecto al fin de la cola.<\/p>\n\n\n\n<p><strong>Cef\u00e1lica<\/strong>: Relativo o perteneciente a la cabeza.<\/p>\n\n\n\n<p><strong>Cef\u00e1lico<\/strong>: Relativo o perteneciente a la cabeza.<\/p>\n\n\n\n<p><strong>Cefal\u00f3mero<\/strong>: Cada uno de los escleritos que constituyen la cabeza.<\/p>\n\n\n\n<p><strong>Cefaloteca<\/strong>: Parte de la envoltura pupal que cubre la cabeza.<\/p>\n\n\n\n<p><strong>Cefalot\u00f3rax<\/strong>: Parte anterior del cuerpo de los ar\u00e1cnidos formada por la uni\u00f3n de la cabeza y el t\u00f3rax.<\/p>\n\n\n\n<p><strong>Celda<\/strong>: \u00c1rea alar delimitada por nervaduras. Se dice que es abierta cuando uno de sus lados est\u00e1 constituido por el margen alar. C\u00e9lula. \/\/ Casilla o unidad constitutiva de un panal de abejas.<\/p>\n\n\n\n<p><strong>C\u00e9lula De la<\/strong>:&nbsp;Un \u00e1rea del ala delimitadas por una serie de venas.&nbsp;Una c\u00e9lula se cierra si est\u00e1 completamente rodeada por las venas y abierto si est\u00e1 limitado en parte por el margen del ala.<\/p>\n\n\n\n<p><strong>Celulosa<\/strong>: Hidratos de carbono inerte, el principal componente del marco s\u00f3lido o parte le\u00f1osa de muchas plantas.<\/p>\n\n\n\n<p><strong>Central<\/strong>, <strong>Sistema<\/strong> <strong>Nervioso<\/strong>: Sistema constituido por el cerebro, el ganglio subesof\u00e1gico o infraesof\u00e1gico y la cadena neural ventral.<\/p>\n\n\n\n<p><strong>Cerado<\/strong>: Con antenas.<\/p>\n\n\n\n<p><strong>Cerambiciforme<\/strong>: Tipo de larva caracter\u00edstica de Cerambycidae y algunas otras familias de Coleoptera, de forma cil\u00edndrica o subcil\u00edndrica, con patas tor\u00e1cicas rudimentarias o sin ellas y provistas de tub\u00e9rculos apezonados dorsales y ventrales que facilitan su progresi\u00f3n.<\/p>\n\n\n\n<p><strong>Cerci<\/strong>:&nbsp;(singular: Cerco) Los ap\u00e9ndices pares, a menudo muy largo, que nacen de la punta del abdomen de muchos insectos.<\/p>\n\n\n\n<p><strong>Cerco<\/strong>: Ap\u00e9ndice par ubicado en la cara tergal de uno de los \u00faltimos ur\u00f3meros, por lo general el d\u00e9cimo.<\/p>\n\n\n\n<p><strong>Cerdas verticales en l\u00ednea<\/strong>:&nbsp;Un par de cerdas \u2013 divergentes, paralelos, o cruzar \u2013 en la parte posterior de la cabeza de moscas diferentes, de alguna manera detr\u00e1s de los ocelos.<\/p>\n\n\n\n<p><strong>Cerebro<\/strong>: Masa ganglionar del sistema nervioso central ubicada en la cabeza, encima del es\u00f3fago y que constituye principalmente un centro de asociaci\u00f3n entre los \u00f3rganos sensoriales de la cabeza y las neuronas motoras de las regiones cef\u00e1lica, tor\u00e1cica y abdominal de los insectos.<\/p>\n\n\n\n<p><strong>Ceroteca<\/strong>: Parte de la envoltura pupal que ubre las antenas.<\/p>\n\n\n\n<p><strong>Cerumen<\/strong>:&nbsp;Una mezcla de cera y prop\u00f3leos utilizado por las abejas sociales en la construcci\u00f3n del nido.<\/p>\n\n\n\n<p><strong>Cervical<\/strong>:&nbsp;En cuanto a la regi\u00f3n del cuello, justo detr\u00e1s de la cabeza.<\/p>\n\n\n\n<p><strong>Corion<\/strong>:&nbsp;La capa interna o la cubierta de los huevos de insectos.<\/p>\n\n\n\n<p><strong>Cromosomas<\/strong>:&nbsp;En la divisi\u00f3n celular del que se ti\u00f1en intensamente, en forma de estructuras de varilla que contengan las unidades hereditarias llamadas genes.<\/p>\n\n\n\n<p><strong>Chrysalis<\/strong>:&nbsp;La cris\u00e1lida de una mariposa.<\/p>\n\n\n\n<p><strong>Ciclo de vida<\/strong>:&nbsp;Los h\u00e1bitos y cambios experimentados por un organismo de la etapa de huevo a su muerte como un adulto.<\/p>\n\n\n\n<p><strong>Ciego<\/strong>:&nbsp;(pl., ciegos).&nbsp;Un saco o una estructura en forma de tubo abierto en un solo fin.<\/p>\n\n\n\n<p><strong>Ciliada<\/strong>:&nbsp;Teniendo diminutos pelos (cilios).<\/p>\n\n\n\n<p><strong>Cladograma<\/strong>:&nbsp;Un diagrama que muestra nada m\u00e1s que la secuencia en la que grupos de organismos son interpretados de haber originado y se separaron en el curso de la evoluci\u00f3n.<\/p>\n\n\n\n<p><strong>Clase<\/strong>: Una divisi\u00f3n del reino animal inferior a un filo y mayor que un pedido, por ejemplo, la clase Insecta.<\/p>\n\n\n\n<p><strong>Claustral Fundaci\u00f3n<\/strong>:&nbsp;Una forma de creaci\u00f3n de una nueva colonia por una reina o rey y la reina de las termitas, que la involucra \/ ellos es sellado her \/ s\u00ed mismos una forma en una peque\u00f1a c\u00e1mara y la elevaci\u00f3n del primer grupo de trabajadores por completo (o casi), en las reservas almacenadas en el cuerpo (grasa y, a menudo los m\u00fasculos de vuelo).<\/p>\n\n\n\n<p><strong>Clavus<\/strong>:&nbsp;Parte posterior de las alas anteriores de los insectos heteropteran.<\/p>\n\n\n\n<p><strong>Cleptoparasitism<\/strong>:&nbsp;Cuando una mujer utiliza los recursos y el nido de otro individuo (ya sea de la misma o diferente especie) para mantener a sus j\u00f3venes y usurp\u00f3 los esfuerzos propietarios y que le imped\u00eda su utilizaci\u00f3n.<\/p>\n\n\n\n<p><strong>Cline<\/strong>:&nbsp;Un progresiva y continua el cambio por lo general en uno o m\u00e1s caracteres de una especie en un \u00e1rea de distribuci\u00f3n geogr\u00e1fica o altitudinal.<\/p>\n\n\n\n<p><strong>Club<\/strong>:&nbsp;El terminal engrosado (m\u00e1s alejado de la cabeza) de las antenas.<\/p>\n\n\n\n<p><strong>Cl\u00edpeo<\/strong>:&nbsp;Parte m\u00e1s baja de la cara de insectos, justo por encima del labrum.<\/p>\n\n\n\n<p><strong>Coarctate<\/strong>:&nbsp;(Aplicado a las pupas) Encerrado dentro de la larva \u00faltima capa, que por lo tanto act\u00faa como un capullo y protege la pupa.&nbsp;Estas pupas se encuentran en las moscas (Diptera, de la orden Cyclorrhapha sub.).<\/p>\n\n\n\n<p><strong>Cocoon<\/strong>:&nbsp;Un caso, realizados en parte o totalmente de seda, que protege a la pupa de muchos insectos, especialmente las polillas.&nbsp;El capullo se hace por la larva antes de que se convierte en pupa.<\/p>\n\n\n\n<p><strong>Colonia<\/strong>:&nbsp;A o grandes localmente peque\u00f1a poblaci\u00f3n aislada.<\/p>\n\n\n\n<p><strong>Colonia<\/strong>:&nbsp;De los insectos sociales, un grupo que colabora en la construcci\u00f3n de un nido y en la crianza de los j\u00f3venes.<\/p>\n\n\n\n<p><strong>Comb<\/strong>:&nbsp;Un grupo de espinas en la pata de un insecto se utilizan espec\u00edficamente para la limpieza de otras partes del cuerpo insectos.<\/p>\n\n\n\n<p><strong>Comensalismo<\/strong>:&nbsp;Simbiosis, uno o m\u00e1s individuos de dos o m\u00e1s especies que viven juntas de forma que se beneficia, pero no pierde la aptitud.<\/p>\n\n\n\n<p><strong>Comisura<\/strong>:&nbsp;Un puente que conecta dos cuerpos o estructuras sobre un cuerpo.<\/p>\n\n\n\n<p><strong>Comunal<\/strong>:&nbsp;Cuando las hembras de una especie de cooperar en la construcci\u00f3n del nido, pero no en cuidado de las cr\u00edas.<\/p>\n\n\n\n<p><strong>Conectivo<\/strong>:&nbsp;Un cable longitudinal de las fibras nerviosas de conexi\u00f3n ganglios sucesivas.<\/p>\n\n\n\n<p><strong>Conjunto<\/strong>:&nbsp;Estrictamente hablando, una articulaci\u00f3n entre las partes vecinas, como el f\u00e9mur y la tibia de la pierna, pero la palabra se usa com\u00fanmente como un sin\u00f3nimo de segmento \u2013 el sentido de cualquiera de las divisiones del cuerpo o de sus ap\u00e9ndices.<br>el \u00f3rgano de Johnston.&nbsp;\u00f3rganos sensoriales A situado en el segundo segmento antenal de muchos insectos y especialmente bien desarrollada en los mosquitos machos y algunos otros d\u00edpteros.<\/p>\n\n\n\n<p><strong>Contigua<\/strong>:&nbsp;Tocar \u2013 normalmente se aplica para los ojos (v\u00e9ase tambi\u00e9n Holoptic).<\/p>\n\n\n\n<p><strong>Control biol\u00f3gico<\/strong>: El control de plagas mediante el empleo de los depredadores, par\u00e1sitos o enfermedades, a los enemigos naturales alentado y difundido por el hombre.<\/p>\n\n\n\n<p><strong>Construcci\u00f3n de la gl\u00e1ndula<\/strong>:&nbsp;Una gl\u00e1ndula de avispas producen una sustancia similar al tama\u00f1o que les permite hacer el papel de la pasta de madera.<\/p>\n\n\n\n<p><strong>Copularium<\/strong>:&nbsp;La primera c\u00e1mara construida por un nuevo par acoplado de termitas sexual.<\/p>\n\n\n\n<p><strong>Coraz\u00f3n<\/strong>:&nbsp;Las c\u00e1maras, puls\u00e1til parte del vaso sangu\u00edneo dorsal.<\/p>\n\n\n\n<p><strong>Corbicula<\/strong>:&nbsp;La canasta de polen en la pata trasera de muchas abejas, formado por pelos fuerte en las fronteras de la tibia.<\/p>\n\n\n\n<p><strong>Corium<\/strong>:&nbsp;La parte principal de las alas anteriores a un error heteropteran.<\/p>\n\n\n\n<p><strong>Cornicle<\/strong>:&nbsp;Una de las dos peque\u00f1as protuberancias tubulares en el extremo posterior del abdomen del \u00e1fido.<\/p>\n\n\n\n<p><strong>Cosmopolitan<\/strong>:&nbsp;Ocurre en casi todo el mundo.<\/p>\n\n\n\n<p><strong>Costa<\/strong>:&nbsp;Una de las venas longitudinales principales, por lo general forman el margen anterior del ala y por lo general abreviado C. El borde costal es el borde delantero del ala.<\/p>\n\n\n\n<p><strong>Costal Fold<\/strong>: Una delgada membrana estrecha recogidos en la superficie superior de la costa de las alas anteriores de las mariposas, que contiene androconia<\/p>\n\n\n\n<p><strong>Coxa<\/strong>:&nbsp;El segmento basal de la pata de insectos, a menudo inamovible adherida al cuerpo.<\/p>\n\n\n\n<p><strong>Crawler<\/strong>:&nbsp;El primer estadio activo de un insecto de escama.<\/p>\n\n\n\n<p><strong>Cremaster<\/strong>:&nbsp;El conjunto de ganchos minutos (a veces un solo anzuelo m\u00e1s grande) en el extremo trasero de una pupa lepid\u00f3pteros: se utiliza para sujetar el soporte de pupa.<\/p>\n\n\n\n<p><strong>Cr\u00eda<\/strong>:&nbsp;En los insectos, un grupo de individuos de una misma especie, que dieron lugar a nacimientos en j\u00f3venes o adultos que se han convertido en aproximadamente el mismo tiempo y que conviven en un \u00e1rea definida y limitada.&nbsp;A menudo se refiere a los estados inmaduros de las hormigas abejas y avispas.<\/p>\n\n\n\n<p><strong>Crochets<\/strong>:&nbsp;(Pronunciado cuervo Shays).&nbsp;Enganchado espinas en la punta del pseudopatas de larvas de lepid\u00f3pteros.<\/p>\n\n\n\n<p><strong>Cruz-vena<\/strong>:&nbsp;Una vena corta que une dos venas longitudinales vecinos.<\/p>\n\n\n\n<p><strong>Criptobi\u00f3tico<\/strong>:&nbsp;Llevar una vida oculta o encubierta.<\/p>\n\n\n\n<p><strong>C\u00fabito<\/strong>:&nbsp;Una de las principales venas longitudinales, situado en la mitad trasera del ala y por lo general con 3 ramas o 2: abreviado a Cu.<\/p>\n\n\n\n<p><strong>Cuneus<\/strong>: Una m\u00e1s o menos regi\u00f3n triangular de las alas anteriores de errores heteropteran determinados, separada de la dermis por un surco o sutura.<\/p>\n\n\n\n<p><strong>Cursorial<\/strong>:&nbsp;Adaptado para correr.<\/p>\n\n\n\n<p><strong>Cuspidales<\/strong>:&nbsp;Dos segmentos de l\u00edneas curvas reuni\u00f3n y que termina en una punta aguda.<\/p>\n\n\n\n<p><strong>Cut\u00edcula<\/strong>: Capas de c\u00e9lulas muertas exteriores del tegumento de insectos secretada por la epidermis.<\/p>\n\n\n\n<p><strong>Cyclorrhaphous Diptera<\/strong>:&nbsp;El grupo de las moscas que salen de la pupario a trav\u00e9s de una abertura circular en un extremo del pupario.&nbsp;Estas moscas pertenecen a la avanzada m\u00e1s familias.<\/p>\n\n\n\n<p><strong>Citolog\u00eda<\/strong>:&nbsp;El estudio de las c\u00e9lulas y no en funcionamiento.<\/p>\n","protected":false},"excerpt":{"rendered":"<p>A &#8211; B &#8211; C &#8211; D &#8211; E &#8211; F &#8211; G &#8211; H<\/p>\n","protected":false},"author":1,"featured_media":0,"parent":0,"menu_order":0,"comment_status":"closed","ping_status":"closed","template":"","meta":{"footnotes":""},"class_list":["post-538","page","type-page","status-publish","hentry","comments-off"],"yoast_head":"<!-- This site is optimized with the Yoast SEO plugin v19.9 - https:\/\/yoast.com\/wordpress\/plugins\/seo\/ -->\n<title>GLOSARIO - Letra C - Sanipro<\/title>\n<meta name=\"robots\" content=\"index, follow, max-snippet:-1, max-image-preview:large, max-video-preview:-1\" \/>\n<link rel=\"canonical\" href=\"https:\/\/sanipro.com.ar\/noticias\/glosario-c\/\" \/>\n<meta property=\"og:locale\" content=\"es_ES\" \/>\n<meta property=\"og:type\" content=\"article\" \/>\n<meta property=\"og:title\" content=\"GLOSARIO - Letra C - Sanipro\" \/>\n<meta property=\"og:description\" content=\"A &#8211; B &#8211; C &#8211; D &#8211; E &#8211; F &#8211; G &#8211; H\" \/>\n<meta property=\"og:url\" content=\"https:\/\/sanipro.com.ar\/noticias\/glosario-c\/\" \/>\n<meta property=\"og:site_name\" content=\"Sanipro\" \/>\n<meta property=\"article:modified_time\" content=\"2022-02-23T18:40:41+00:00\" \/>\n<meta name=\"twitter:card\" content=\"summary_large_image\" \/>\n<meta name=\"twitter:label1\" content=\"Tiempo de lectura\" \/>\n\t<meta name=\"twitter:data1\" content=\"12 minutos\" \/>\n<script type=\"application\/ld+json\" class=\"yoast-schema-graph\">{\"@context\":\"https:\/\/schema.org\",\"@graph\":[{\"@type\":\"WebPage\",\"@id\":\"https:\/\/sanipro.com.ar\/noticias\/glosario-c\/\",\"url\":\"https:\/\/sanipro.com.ar\/noticias\/glosario-c\/\",\"name\":\"GLOSARIO - Letra C - Sanipro\",\"isPartOf\":{\"@id\":\"https:\/\/sanipro.com.ar\/noticias\/#website\"},\"datePublished\":\"2022-02-23T18:39:22+00:00\",\"dateModified\":\"2022-02-23T18:40:41+00:00\",\"breadcrumb\":{\"@id\":\"https:\/\/sanipro.com.ar\/noticias\/glosario-c\/#breadcrumb\"},\"inLanguage\":\"es-AR\",\"potentialAction\":[{\"@type\":\"ReadAction\",\"target\":[\"https:\/\/sanipro.com.ar\/noticias\/glosario-c\/\"]}]},{\"@type\":\"BreadcrumbList\",\"@id\":\"https:\/\/sanipro.com.ar\/noticias\/glosario-c\/#breadcrumb\",\"itemListElement\":[{\"@type\":\"ListItem\",\"position\":1,\"name\":\"Inicio\",\"item\":\"https:\/\/sanipro.com.ar\/noticias\/\"},{\"@type\":\"ListItem\",\"position\":2,\"name\":\"GLOSARIO &#8211; Letra C\"}]},{\"@type\":\"WebSite\",\"@id\":\"https:\/\/sanipro.com.ar\/noticias\/#website\",\"url\":\"https:\/\/sanipro.com.ar\/noticias\/\",\"name\":\"Sanipro\",\"description\":\"Sanidad profesional\",\"publisher\":{\"@id\":\"https:\/\/sanipro.com.ar\/noticias\/#organization\"},\"potentialAction\":[{\"@type\":\"SearchAction\",\"target\":{\"@type\":\"EntryPoint\",\"urlTemplate\":\"https:\/\/sanipro.com.ar\/noticias\/?s={search_term_string}\"},\"query-input\":\"required name=search_term_string\"}],\"inLanguage\":\"es-AR\"},{\"@type\":\"Organization\",\"@id\":\"https:\/\/sanipro.com.ar\/noticias\/#organization\",\"name\":\"Sanipro\",\"url\":\"https:\/\/sanipro.com.ar\/noticias\/\",\"logo\":{\"@type\":\"ImageObject\",\"inLanguage\":\"es-AR\",\"@id\":\"https:\/\/sanipro.com.ar\/noticias\/#\/schema\/logo\/image\/\",\"url\":\"https:\/\/sanipro.com.ar\/noticias\/wp-content\/uploads\/2022\/02\/cropped-LOGO-noticias.fw_-1.png\",\"contentUrl\":\"https:\/\/sanipro.com.ar\/noticias\/wp-content\/uploads\/2022\/02\/cropped-LOGO-noticias.fw_-1.png\",\"width\":250,\"height\":79,\"caption\":\"Sanipro\"},\"image\":{\"@id\":\"https:\/\/sanipro.com.ar\/noticias\/#\/schema\/logo\/image\/\"}}]}<\/script>\n<!-- \/ Yoast SEO plugin. -->","yoast_head_json":{"title":"GLOSARIO - Letra C - Sanipro","robots":{"index":"index","follow":"follow","max-snippet":"max-snippet:-1","max-image-preview":"max-image-preview:large","max-video-preview":"max-video-preview:-1"},"canonical":"https:\/\/sanipro.com.ar\/noticias\/glosario-c\/","og_locale":"es_ES","og_type":"article","og_title":"GLOSARIO - Letra C - Sanipro","og_description":"A &#8211; B &#8211; C &#8211; D &#8211; E &#8211; F &#8211; G &#8211; H","og_url":"https:\/\/sanipro.com.ar\/noticias\/glosario-c\/","og_site_name":"Sanipro","article_modified_time":"2022-02-23T18:40:41+00:00","twitter_card":"summary_large_image","twitter_misc":{"Tiempo de lectura":"12 minutos"},"schema":{"@context":"https:\/\/schema.org","@graph":[{"@type":"WebPage","@id":"https:\/\/sanipro.com.ar\/noticias\/glosario-c\/","url":"https:\/\/sanipro.com.ar\/noticias\/glosario-c\/","name":"GLOSARIO - Letra C - Sanipro","isPartOf":{"@id":"https:\/\/sanipro.com.ar\/noticias\/#website"},"datePublished":"2022-02-23T18:39:22+00:00","dateModified":"2022-02-23T18:40:41+00:00","breadcrumb":{"@id":"https:\/\/sanipro.com.ar\/noticias\/glosario-c\/#breadcrumb"},"inLanguage":"es-AR","potentialAction":[{"@type":"ReadAction","target":["https:\/\/sanipro.com.ar\/noticias\/glosario-c\/"]}]},{"@type":"BreadcrumbList","@id":"https:\/\/sanipro.com.ar\/noticias\/glosario-c\/#breadcrumb","itemListElement":[{"@type":"ListItem","position":1,"name":"Inicio","item":"https:\/\/sanipro.com.ar\/noticias\/"},{"@type":"ListItem","position":2,"name":"GLOSARIO &#8211; Letra C"}]},{"@type":"WebSite","@id":"https:\/\/sanipro.com.ar\/noticias\/#website","url":"https:\/\/sanipro.com.ar\/noticias\/","name":"Sanipro","description":"Sanidad profesional","publisher":{"@id":"https:\/\/sanipro.com.ar\/noticias\/#organization"},"potentialAction":[{"@type":"SearchAction","target":{"@type":"EntryPoint","urlTemplate":"https:\/\/sanipro.com.ar\/noticias\/?s={search_term_string}"},"query-input":"required name=search_term_string"}],"inLanguage":"es-AR"},{"@type":"Organization","@id":"https:\/\/sanipro.com.ar\/noticias\/#organization","name":"Sanipro","url":"https:\/\/sanipro.com.ar\/noticias\/","logo":{"@type":"ImageObject","inLanguage":"es-AR","@id":"https:\/\/sanipro.com.ar\/noticias\/#\/schema\/logo\/image\/","url":"https:\/\/sanipro.com.ar\/noticias\/wp-content\/uploads\/2022\/02\/cropped-LOGO-noticias.fw_-1.png","contentUrl":"https:\/\/sanipro.com.ar\/noticias\/wp-content\/uploads\/2022\/02\/cropped-LOGO-noticias.fw_-1.png","width":250,"height":79,"caption":"Sanipro"},"image":{"@id":"https:\/\/sanipro.com.ar\/noticias\/#\/schema\/logo\/image\/"}}]}},"_links":{"self":[{"href":"https:\/\/sanipro.com.ar\/noticias\/wp-json\/wp\/v2\/pages\/538","targetHints":{"allow":["GET"]}}],"collection":[{"href":"https:\/\/sanipro.com.ar\/noticias\/wp-json\/wp\/v2\/pages"}],"about":[{"href":"https:\/\/sanipro.com.ar\/noticias\/wp-json\/wp\/v2\/types\/page"}],"author":[{"embeddable":true,"href":"https:\/\/sanipro.com.ar\/noticias\/wp-json\/wp\/v2\/users\/1"}],"replies":[{"embeddable":true,"href":"https:\/\/sanipro.com.ar\/noticias\/wp-json\/wp\/v2\/comments?post=538"}],"version-history":[{"count":1,"href":"https:\/\/sanipro.com.ar\/noticias\/wp-json\/wp\/v2\/pages\/538\/revisions"}],"predecessor-version":[{"id":539,"href":"https:\/\/sanipro.com.ar\/noticias\/wp-json\/wp\/v2\/pages\/538\/revisions\/539"}],"wp:attachment":[{"href":"https:\/\/sanipro.com.ar\/noticias\/wp-json\/wp\/v2\/media?parent=538"}],"curies":[{"name":"wp","href":"https:\/\/api.w.org\/{rel}","templated":true}]}}