{"id":541,"date":"2022-02-23T15:46:52","date_gmt":"2022-02-23T18:46:52","guid":{"rendered":"https:\/\/www.saniprosrl.com.ar\/noticias\/?page_id=541"},"modified":"2022-02-23T15:46:52","modified_gmt":"2022-02-23T18:46:52","slug":"glosario-d","status":"publish","type":"page","link":"https:\/\/sanipro.com.ar\/noticias\/glosario-d\/","title":{"rendered":"GLOSARIO &#8211; Letra D"},"content":{"rendered":"\n<p><a href=\"https:\/\/sanipro.com.ar\/noticias\/glosario\/\">A<\/a> \u2013 <a href=\"https:\/\/sanipro.com.ar\/noticias\/glosario-b\/\">B<\/a> \u2013 <a href=\"https:\/\/sanipro.com.ar\/noticias\/glosario-c\/\">C<\/a> \u2013 <a href=\"https:\/\/sanipro.com.ar\/noticias\/glosario-d\/\">D<\/a> \u2013 <a href=\"https:\/\/sanipro.com.ar\/noticias\/glosario-e\/\">E<\/a> \u2013 <a href=\"https:\/\/sanipro.com.ar\/noticias\/glosario-f\/\">F<\/a> \u2013 <a href=\"https:\/\/sanipro.com.ar\/noticias\/glosario-g\/\">G<\/a> \u2013 <a href=\"https:\/\/sanipro.com.ar\/noticias\/glosario-h\/\">H<\/a> \u2013 <a href=\"https:\/\/sanipro.com.ar\/noticias\/glosario-i\/\">I<\/a> \u2013 <a href=\"https:\/\/sanipro.com.ar\/noticias\/glosario-j\/\">J<\/a> \u2013<a href=\"https:\/\/sanipro.com.ar\/noticias\/glosario-k\/\">K<\/a>\u2013 <a href=\"https:\/\/sanipro.com.ar\/noticias\/glosario-l\/\">L<\/a> \u2013 <a href=\"https:\/\/sanipro.com.ar\/noticias\/glosario-m\/\">M<\/a> \u2013 <a href=\"https:\/\/sanipro.com.ar\/noticias\/glosario-n\/\">N<\/a> \u2013 <a href=\"https:\/\/sanipro.com.ar\/noticias\/glosario-o\/\">O<\/a> \u2013 <a href=\"https:\/\/sanipro.com.ar\/noticias\/glosario-p\/\">P<\/a> \u2013 <a href=\"https:\/\/sanipro.com.ar\/noticias\/glosario-q\/\">Q<\/a> \u2013 <a href=\"https:\/\/sanipro.com.ar\/noticias\/glosario-r\/\">R<\/a> \u2013 <a href=\"https:\/\/sanipro.com.ar\/noticias\/glosario-s\/\">S<\/a> \u2013<a href=\"https:\/\/sanipro.com.ar\/noticias\/glosario-t\/\">T<\/a>\u2013 <a href=\"https:\/\/sanipro.com.ar\/noticias\/glosario-u\/\">U<\/a> \u2013 <a href=\"https:\/\/sanipro.com.ar\/noticias\/glosario-v\/\">V<\/a> \u2013<a href=\"https:\/\/sanipro.com.ar\/noticias\/glosario-w\/\">W<\/a>\u2013 <a href=\"https:\/\/sanipro.com.ar\/noticias\/glosario-x\/\">X<\/a> \u2013 <a href=\"https:\/\/sanipro.com.ar\/noticias\/glosario-y\/\">Y<\/a> \u2013 <a href=\"https:\/\/sanipro.com.ar\/noticias\/glosario-z\/\">Z<\/a><\/p>\n\n\n\n<p><strong>Dactilopodito<\/strong>: El s\u00e9ptimo segmento de un ap\u00e9ndice de los artr\u00f3podos. En insectos, el pretarso.<\/p>\n\n\n\n<p><strong>DDT<\/strong>:&nbsp;(nombre com\u00fan).&nbsp;Un insecticida sint\u00e9tico utilizado ampliamente, un hidrocarburo clorado, difenil tricloroetano dicloro.<\/p>\n\n\n\n<p><strong>Dealate<\/strong>:&nbsp;Sin alas, como resultado del insecto colar o romper sus propias alas, como en la reina de las hormigas y las termitas se aparearon recientemente.<\/p>\n\n\n\n<p><strong>D\u00e9ctica<\/strong> (pupa): Con mand\u00edbulas para escapar del capullo.<\/p>\n\n\n\n<p><strong>Decticous<\/strong>.&nbsp;De pupa: al referirse al estado en el que la pupa tiene mand\u00edbulas m\u00f3viles que pueden utilizarse para morder, el ser Adecticous contrario.<\/p>\n\n\n\n<p><strong>Deferente<\/strong>, <strong>Vaso<\/strong>: Cada uno de los conductos laterales del aparato reproductor masculino en el que desembocan los vasos eferentes y que conducen los espermatozoides hasta el conducto eyaculador mediano.<\/p>\n\n\n\n<p><strong>Defoliaci\u00f3n<\/strong>: Ver defoliar<\/p>\n\n\n\n<p><strong>Defoliaciones<\/strong>: Ver defoliar<\/p>\n\n\n\n<p><strong>Defoliador<\/strong>: Que induce a la ca\u00edda de las hojas<\/p>\n\n\n\n<p><strong>Defoliadora<\/strong>: Que induce a la ca\u00edda de las hojas<\/p>\n\n\n\n<p><strong>Defoliar<\/strong>: Ca\u00edda prematura de las hojas que puede deberse a cambios ambientales bruscos, o a plagas de insectos u hongos pat\u00f3genos.<\/p>\n\n\n\n<p><strong>Dendr\u00f3fago<\/strong>: Que se alimenta de madera.<\/p>\n\n\n\n<p><strong>Dendr\u00f3filo<\/strong>: Que habita en \u00e1rboles o en maderas.<\/p>\n\n\n\n<p><strong>Del intestino medio<\/strong>:&nbsp;La parte media del tubo digestivo y el sitio principal de la digesti\u00f3n y absorci\u00f3n.<\/p>\n\n\n\n<p><strong>Dendr\u00f3fago<\/strong>: Que se alimenta de madera.<\/p>\n\n\n\n<p><strong>Dendr\u00f3filo<\/strong>: Que habita en \u00e1rboles o en maderas.<\/p>\n\n\n\n<p><strong>Dengue<\/strong>:&nbsp;(deng\u2019e pronunciado).&nbsp;Un virus de la enfermedad del hombre marcado por fuertes dolores en la cabeza, ojos, m\u00fasculos y articulaciones y transmitida por ciertos mosquitos.<\/p>\n\n\n\n<p><strong>Dentado<\/strong>: Dentadas, dientes que poseen o en los dientes, como las estructuras.<\/p>\n\n\n\n<p><strong>Depredaci\u00f3n<\/strong>: (Del lat\u00edn praedat io, despojar) acci\u00f3n de depredar o capturar a las v\u00edctimas para alimentarse.<\/p>\n\n\n\n<p><strong>Depredador<\/strong>: Organismo que se alimenta de otro caus\u00e1ndole da\u00f1os totales que pueden acarrear la muerte.<\/p>\n\n\n\n<p><strong>Dermatitis<\/strong>: Inflamaci\u00f3n de las capas superficiales de la piel.<\/p>\n\n\n\n<p><strong>Descendencia<\/strong>: Hijos y generaciones sucesivas.<\/p>\n\n\n\n<p><strong>Desmergate<\/strong>: Entre las hormigas, un tipo intermedio entre obrera y soldado.<\/p>\n\n\n\n<p><strong>Detrit\u00edvoro<\/strong>: Que se alimenta de detritos.<\/p>\n\n\n\n<p><strong>Deuterotoquia<\/strong>: Tipo de partenog\u00e9nesis por la cual la progenie es masculina y femenina.<\/p>\n\n\n\n<p><strong>Deutocerebro<\/strong>: Segundo cerebro. Porci\u00f3n media del cerebro de los insectos.<\/p>\n\n\n\n<p><strong>Deutoninfa<\/strong>:&nbsp;El tercer estadio de un \u00e1caro.<\/p>\n\n\n\n<p><strong>Deutoplasma<\/strong>: El material alimenticio de un huevo.<\/p>\n\n\n\n<p><strong>Diapausa<\/strong>:&nbsp;Un per\u00edodo de animaci\u00f3n suspendida de ocurrencia regular en la vida de muchos insectos, especialmente en las etapas j\u00f3venes.<\/p>\n\n\n\n<p><strong>Diafragma<\/strong>:&nbsp;Membranosa. Una partici\u00f3n horizontal de la cavidad del cuerpo.<\/p>\n\n\n\n<p><strong>Diarrea<\/strong>: Trastorno digestivo que se manifiesta por la eliminaci\u00f3n de deposiciones con m\u00e1s frecuencia que lo que ocurre usualmente, de mayor volumen y contenido de agua.<\/p>\n\n\n\n<p><strong>Dic\u00f3ptico<\/strong>:&nbsp;En d\u00edpteros, ojos separados por encima de la cabeza.<\/p>\n\n\n\n<p><strong>Diferenciaci\u00f3n<\/strong>:&nbsp;Aumento de la morfolog\u00eda caracter\u00edstica visible.<\/p>\n\n\n\n<p><strong>D\u00edmero<\/strong>: Con dos artejos tarsales o tarsitos. Puede aplicarse a cualquier ap\u00e9ndice bisegmentado.<\/p>\n\n\n\n<p><strong>Dim\u00f3rficos<\/strong>:&nbsp;Se presenta en dos formas distintas.<\/p>\n\n\n\n<p><strong>Dimorfismo<\/strong>:&nbsp;Una diferencia en el tama\u00f1o, forma o color, entre individuos de la misma especie, caracterizaci\u00f3n de dos tipos distintos.<\/p>\n\n\n\n<p><strong>Dinergate<\/strong>: Obrera soldado en las hormigas, caracterizada por poseer cabeza grande y mand\u00edbulas desarrolladas.<\/p>\n\n\n\n<p><strong>Dinorfismo<\/strong>: Fen\u00f3meno com\u00fan en los animales en el que individuos de una especie o determinados \u00f3rganos se presentan en dos o varias formas distintas. Las diferencias entre el macho y la hembra representan un tipo de dimorfismo (sexual).<\/p>\n\n\n\n<p><strong>Di\u00f3ptrico<\/strong>, <strong>Aparato<\/strong>: En un omatidio, el conjunto de c\u00f3rnea, c\u00e9lulas corne\u00e1genas y cuerpo cristalino.<\/p>\n\n\n\n<p><strong>Diplodiploid\u00eda<\/strong>:&nbsp;Sistema reproductivo con machos haploides y hembras diploides<\/p>\n\n\n\n<p><strong>D\u00edpteros<\/strong> (Diptera): \u201d (Del griego di, dos; pteron, alas) orden de insectos provistos de un solo par de alas desarrolladas, las del segundo par est\u00e1n atrofiadas o convertidas en balancines, como en las moscas y los mosquitos.\u201d<\/p>\n\n\n\n<p><strong>Discal<\/strong>:&nbsp;La parte central de un ala de la costa hasta el margen interior.<\/p>\n\n\n\n<p><strong>Discal de la c\u00e9lula<\/strong>:&nbsp;Nombre dado a una y muy a menudo de c\u00e9lulas grandes prominente cerca de la mitad del ala.&nbsp;La celda discal de un grupo de insectos no puede estar delimitado por las venas misma que la de otro grupo.<\/p>\n\n\n\n<p><strong>Disco Celular<\/strong>: Cada una de las venas transversas que cierran distalmente la c\u00e9lula discal.<\/p>\n\n\n\n<p><strong>Discos imaginales<\/strong>:&nbsp;Masas celulares de tejido no diferenciado presente en los j\u00f3venes, que origina \u00f3rganos en adultos.<\/p>\n\n\n\n<p><strong>Discotos<\/strong>: Insectos en los que ciertos \u00f3rganos y ap\u00e9ndices del estado adulto se originan a partir de histoblastos o discos imaginales.<\/p>\n\n\n\n<p><strong>Disenter\u00eda<\/strong>: Enfermedad aguda o cr\u00f3nica del intestino grueso humano. Se caracteriza por deposiciones diarreicas.<\/p>\n\n\n\n<p><strong>Distal<\/strong>: (Del lat\u00edn disto, estar lejos) alejado del punto de uni\u00f3n o de origen.<\/p>\n\n\n\n<p><strong>Dormancia<\/strong>:&nbsp;Reducci\u00f3n de actividad y baja de metabolismo.<\/p>\n\n\n\n<p><strong>Dorsal<\/strong>:&nbsp;Activar o sobre la espalda o la parte superior de un animal.<\/p>\n\n\n\n<p><strong>Dorso<\/strong>\u2013<strong>lateral<\/strong>:&nbsp;Hacia los lados de la dorsal (superior) de la superficie.<\/p>\n\n\n\n<p><strong>Dorso<\/strong>\u2013<strong>ventral<\/strong>:&nbsp;Atletismo de la dorsal (superior) a la ventral (inferior) de la superficie.<\/p>\n\n\n\n<p><strong>Dorso<\/strong>:&nbsp;La superficie superior o en la espalda de un animal.<\/p>\n\n\n\n<p><strong>Dulosis<\/strong>:&nbsp;El acto de toma de esclavos en las hormigas, una especie que hace un esclavo de otro se refiere a menudo como Dulotic.<\/p>\n\n\n\n<p><strong>Dyar<\/strong>, <strong>Ley de<\/strong>: Regla pr\u00e1ctica que dice que el incremento del ancho de la c\u00e1psula cef\u00e1lica en las larvas de Lepidoptera responde a una progresi\u00f3n geom\u00e9trica regular, con una proporci\u00f3n variable de 1,1 a 1,9 y promediando aproximadamente 1,4.<\/p>\n","protected":false},"excerpt":{"rendered":"<p>A \u2013 B \u2013 C \u2013 D \u2013 E \u2013 F \u2013 G \u2013 H<\/p>\n","protected":false},"author":1,"featured_media":0,"parent":0,"menu_order":0,"comment_status":"closed","ping_status":"closed","template":"","meta":{"footnotes":""},"class_list":["post-541","page","type-page","status-publish","hentry","comments-off"],"yoast_head":"<!-- This site is optimized with the Yoast SEO plugin v19.9 - https:\/\/yoast.com\/wordpress\/plugins\/seo\/ -->\n<title>GLOSARIO - Letra D - Sanipro<\/title>\n<meta name=\"robots\" content=\"index, follow, max-snippet:-1, max-image-preview:large, max-video-preview:-1\" \/>\n<link rel=\"canonical\" href=\"https:\/\/sanipro.com.ar\/noticias\/glosario-d\/\" \/>\n<meta property=\"og:locale\" content=\"es_ES\" \/>\n<meta property=\"og:type\" content=\"article\" \/>\n<meta property=\"og:title\" content=\"GLOSARIO - Letra D - Sanipro\" \/>\n<meta property=\"og:description\" content=\"A \u2013 B \u2013 C \u2013 D \u2013 E \u2013 F \u2013 G \u2013 H\" \/>\n<meta property=\"og:url\" content=\"https:\/\/sanipro.com.ar\/noticias\/glosario-d\/\" \/>\n<meta property=\"og:site_name\" content=\"Sanipro\" \/>\n<meta name=\"twitter:card\" content=\"summary_large_image\" \/>\n<meta name=\"twitter:label1\" content=\"Tiempo de lectura\" \/>\n\t<meta name=\"twitter:data1\" content=\"5 minutos\" \/>\n<script type=\"application\/ld+json\" class=\"yoast-schema-graph\">{\"@context\":\"https:\/\/schema.org\",\"@graph\":[{\"@type\":\"WebPage\",\"@id\":\"https:\/\/sanipro.com.ar\/noticias\/glosario-d\/\",\"url\":\"https:\/\/sanipro.com.ar\/noticias\/glosario-d\/\",\"name\":\"GLOSARIO - Letra D - Sanipro\",\"isPartOf\":{\"@id\":\"https:\/\/sanipro.com.ar\/noticias\/#website\"},\"datePublished\":\"2022-02-23T18:46:52+00:00\",\"dateModified\":\"2022-02-23T18:46:52+00:00\",\"breadcrumb\":{\"@id\":\"https:\/\/sanipro.com.ar\/noticias\/glosario-d\/#breadcrumb\"},\"inLanguage\":\"es-AR\",\"potentialAction\":[{\"@type\":\"ReadAction\",\"target\":[\"https:\/\/sanipro.com.ar\/noticias\/glosario-d\/\"]}]},{\"@type\":\"BreadcrumbList\",\"@id\":\"https:\/\/sanipro.com.ar\/noticias\/glosario-d\/#breadcrumb\",\"itemListElement\":[{\"@type\":\"ListItem\",\"position\":1,\"name\":\"Inicio\",\"item\":\"https:\/\/sanipro.com.ar\/noticias\/\"},{\"@type\":\"ListItem\",\"position\":2,\"name\":\"GLOSARIO &#8211; Letra D\"}]},{\"@type\":\"WebSite\",\"@id\":\"https:\/\/sanipro.com.ar\/noticias\/#website\",\"url\":\"https:\/\/sanipro.com.ar\/noticias\/\",\"name\":\"Sanipro\",\"description\":\"Sanidad profesional\",\"publisher\":{\"@id\":\"https:\/\/sanipro.com.ar\/noticias\/#organization\"},\"potentialAction\":[{\"@type\":\"SearchAction\",\"target\":{\"@type\":\"EntryPoint\",\"urlTemplate\":\"https:\/\/sanipro.com.ar\/noticias\/?s={search_term_string}\"},\"query-input\":\"required name=search_term_string\"}],\"inLanguage\":\"es-AR\"},{\"@type\":\"Organization\",\"@id\":\"https:\/\/sanipro.com.ar\/noticias\/#organization\",\"name\":\"Sanipro\",\"url\":\"https:\/\/sanipro.com.ar\/noticias\/\",\"logo\":{\"@type\":\"ImageObject\",\"inLanguage\":\"es-AR\",\"@id\":\"https:\/\/sanipro.com.ar\/noticias\/#\/schema\/logo\/image\/\",\"url\":\"https:\/\/sanipro.com.ar\/noticias\/wp-content\/uploads\/2022\/02\/cropped-LOGO-noticias.fw_-1.png\",\"contentUrl\":\"https:\/\/sanipro.com.ar\/noticias\/wp-content\/uploads\/2022\/02\/cropped-LOGO-noticias.fw_-1.png\",\"width\":250,\"height\":79,\"caption\":\"Sanipro\"},\"image\":{\"@id\":\"https:\/\/sanipro.com.ar\/noticias\/#\/schema\/logo\/image\/\"}}]}<\/script>\n<!-- \/ Yoast SEO plugin. -->","yoast_head_json":{"title":"GLOSARIO - Letra D - Sanipro","robots":{"index":"index","follow":"follow","max-snippet":"max-snippet:-1","max-image-preview":"max-image-preview:large","max-video-preview":"max-video-preview:-1"},"canonical":"https:\/\/sanipro.com.ar\/noticias\/glosario-d\/","og_locale":"es_ES","og_type":"article","og_title":"GLOSARIO - Letra D - Sanipro","og_description":"A \u2013 B \u2013 C \u2013 D \u2013 E \u2013 F \u2013 G \u2013 H","og_url":"https:\/\/sanipro.com.ar\/noticias\/glosario-d\/","og_site_name":"Sanipro","twitter_card":"summary_large_image","twitter_misc":{"Tiempo de lectura":"5 minutos"},"schema":{"@context":"https:\/\/schema.org","@graph":[{"@type":"WebPage","@id":"https:\/\/sanipro.com.ar\/noticias\/glosario-d\/","url":"https:\/\/sanipro.com.ar\/noticias\/glosario-d\/","name":"GLOSARIO - Letra D - Sanipro","isPartOf":{"@id":"https:\/\/sanipro.com.ar\/noticias\/#website"},"datePublished":"2022-02-23T18:46:52+00:00","dateModified":"2022-02-23T18:46:52+00:00","breadcrumb":{"@id":"https:\/\/sanipro.com.ar\/noticias\/glosario-d\/#breadcrumb"},"inLanguage":"es-AR","potentialAction":[{"@type":"ReadAction","target":["https:\/\/sanipro.com.ar\/noticias\/glosario-d\/"]}]},{"@type":"BreadcrumbList","@id":"https:\/\/sanipro.com.ar\/noticias\/glosario-d\/#breadcrumb","itemListElement":[{"@type":"ListItem","position":1,"name":"Inicio","item":"https:\/\/sanipro.com.ar\/noticias\/"},{"@type":"ListItem","position":2,"name":"GLOSARIO &#8211; Letra D"}]},{"@type":"WebSite","@id":"https:\/\/sanipro.com.ar\/noticias\/#website","url":"https:\/\/sanipro.com.ar\/noticias\/","name":"Sanipro","description":"Sanidad profesional","publisher":{"@id":"https:\/\/sanipro.com.ar\/noticias\/#organization"},"potentialAction":[{"@type":"SearchAction","target":{"@type":"EntryPoint","urlTemplate":"https:\/\/sanipro.com.ar\/noticias\/?s={search_term_string}"},"query-input":"required name=search_term_string"}],"inLanguage":"es-AR"},{"@type":"Organization","@id":"https:\/\/sanipro.com.ar\/noticias\/#organization","name":"Sanipro","url":"https:\/\/sanipro.com.ar\/noticias\/","logo":{"@type":"ImageObject","inLanguage":"es-AR","@id":"https:\/\/sanipro.com.ar\/noticias\/#\/schema\/logo\/image\/","url":"https:\/\/sanipro.com.ar\/noticias\/wp-content\/uploads\/2022\/02\/cropped-LOGO-noticias.fw_-1.png","contentUrl":"https:\/\/sanipro.com.ar\/noticias\/wp-content\/uploads\/2022\/02\/cropped-LOGO-noticias.fw_-1.png","width":250,"height":79,"caption":"Sanipro"},"image":{"@id":"https:\/\/sanipro.com.ar\/noticias\/#\/schema\/logo\/image\/"}}]}},"_links":{"self":[{"href":"https:\/\/sanipro.com.ar\/noticias\/wp-json\/wp\/v2\/pages\/541","targetHints":{"allow":["GET"]}}],"collection":[{"href":"https:\/\/sanipro.com.ar\/noticias\/wp-json\/wp\/v2\/pages"}],"about":[{"href":"https:\/\/sanipro.com.ar\/noticias\/wp-json\/wp\/v2\/types\/page"}],"author":[{"embeddable":true,"href":"https:\/\/sanipro.com.ar\/noticias\/wp-json\/wp\/v2\/users\/1"}],"replies":[{"embeddable":true,"href":"https:\/\/sanipro.com.ar\/noticias\/wp-json\/wp\/v2\/comments?post=541"}],"version-history":[{"count":1,"href":"https:\/\/sanipro.com.ar\/noticias\/wp-json\/wp\/v2\/pages\/541\/revisions"}],"predecessor-version":[{"id":542,"href":"https:\/\/sanipro.com.ar\/noticias\/wp-json\/wp\/v2\/pages\/541\/revisions\/542"}],"wp:attachment":[{"href":"https:\/\/sanipro.com.ar\/noticias\/wp-json\/wp\/v2\/media?parent=541"}],"curies":[{"name":"wp","href":"https:\/\/api.w.org\/{rel}","templated":true}]}}