{"id":545,"date":"2022-02-23T15:52:41","date_gmt":"2022-02-23T18:52:41","guid":{"rendered":"https:\/\/www.saniprosrl.com.ar\/noticias\/?page_id=545"},"modified":"2022-02-23T15:52:41","modified_gmt":"2022-02-23T18:52:41","slug":"glosario-f","status":"publish","type":"page","link":"https:\/\/sanipro.com.ar\/noticias\/glosario-f\/","title":{"rendered":"GLOSARIO &#8211; Letra F"},"content":{"rendered":"\n<p><a href=\"https:\/\/sanipro.com.ar\/noticias\/glosario\/\">A<\/a> \u2013 <a href=\"https:\/\/sanipro.com.ar\/noticias\/glosario-b\/\">B<\/a> \u2013 <a href=\"https:\/\/sanipro.com.ar\/noticias\/glosario-c\/\">C<\/a> \u2013 <a href=\"https:\/\/sanipro.com.ar\/noticias\/glosario-d\/\">D<\/a> \u2013 <a href=\"https:\/\/sanipro.com.ar\/noticias\/glosario-e\/\">E<\/a> \u2013 <a href=\"https:\/\/sanipro.com.ar\/noticias\/glosario-f\/\">F<\/a> \u2013 <a href=\"https:\/\/sanipro.com.ar\/noticias\/glosario-g\/\">G<\/a> \u2013 <a href=\"https:\/\/sanipro.com.ar\/noticias\/glosario-h\/\">H<\/a> \u2013 <a href=\"https:\/\/sanipro.com.ar\/noticias\/glosario-i\/\">I<\/a> \u2013 <a href=\"https:\/\/sanipro.com.ar\/noticias\/glosario-j\/\">J<\/a> \u2013<a href=\"https:\/\/sanipro.com.ar\/noticias\/glosario-k\/\">K<\/a>\u2013 <a href=\"https:\/\/sanipro.com.ar\/noticias\/glosario-l\/\">L<\/a> \u2013 <a href=\"https:\/\/sanipro.com.ar\/noticias\/glosario-m\/\">M<\/a> \u2013 <a href=\"https:\/\/sanipro.com.ar\/noticias\/glosario-n\/\">N<\/a> \u2013 <a href=\"https:\/\/sanipro.com.ar\/noticias\/glosario-o\/\">O<\/a> \u2013 <a href=\"https:\/\/sanipro.com.ar\/noticias\/glosario-p\/\">P<\/a> \u2013 <a href=\"https:\/\/sanipro.com.ar\/noticias\/glosario-q\/\">Q<\/a> \u2013 <a href=\"https:\/\/sanipro.com.ar\/noticias\/glosario-r\/\">R<\/a> \u2013 <a href=\"https:\/\/sanipro.com.ar\/noticias\/glosario-s\/\">S<\/a> \u2013<a href=\"https:\/\/sanipro.com.ar\/noticias\/glosario-t\/\">T<\/a>\u2013 <a href=\"https:\/\/sanipro.com.ar\/noticias\/glosario-u\/\">U<\/a> \u2013 <a href=\"https:\/\/sanipro.com.ar\/noticias\/glosario-v\/\">V<\/a> \u2013<a href=\"https:\/\/sanipro.com.ar\/noticias\/glosario-w\/\">W<\/a>\u2013 <a href=\"https:\/\/sanipro.com.ar\/noticias\/glosario-x\/\">X<\/a> \u2013 <a href=\"https:\/\/sanipro.com.ar\/noticias\/glosario-y\/\">Y<\/a> \u2013 <a href=\"https:\/\/sanipro.com.ar\/noticias\/glosario-z\/\">Z<\/a><\/p>\n\n\n\n<p><strong>Faceta<\/strong>: Cada una de las peque\u00f1as superficies o \u00e1reas poligonales que constituyen el ojo compuesto, representada por la c\u00f3rnea de cada omatidio.<\/p>\n\n\n\n<p><strong>Facies<\/strong>: Cara anterior de la cabeza entre los ojos compuestos, que se extiende por encima de la boca hasta el v\u00e9rtex. T\u00e9rmino generalmente usado en los insectos hipognatos.<\/p>\n\n\n\n<p><strong>Faja<\/strong>:&nbsp;Un hilo de seda, el apoyo a la parte media de una pupa.<\/p>\n\n\n\n<p><strong>Falo<\/strong>: \u00d3rgano copulador masculino. Pene.<\/p>\n\n\n\n<p><strong>Falobase<\/strong>: Parte proximal del pene o falo en la cual se implanta el edeago.<\/p>\n\n\n\n<p><strong>Falocripta<\/strong>: Cavidad de la pared de la c\u00e1mara genital en la que se aloja en algunos casos el edeago.<\/p>\n\n\n\n<p><strong>Faloteca<\/strong>: Repliegue distal de la falobase que encierra total o parcialmente al edeago.<\/p>\n\n\n\n<p><strong>Familia<\/strong>:&nbsp;Una subdivisi\u00f3n taxon\u00f3mica de una orden, suborden, o superfamilia que contiene un grupo de subfamilias conexos, tribus y g\u00e9neros.<\/p>\n\n\n\n<p><strong>Faringe<\/strong>: Primera porci\u00f3n del estomodeo que se extiende desde la boca hasta el es\u00f3fago, y que a veces constituye un simple ensanchamiento de este \u00faltimo.<\/p>\n\n\n\n<p><strong>Fasciculada<\/strong>, <strong>Antena<\/strong>: Tipo de antena que se caracteriza por poseer haces o fasc\u00edculos de pelos largos en cada artejo.<\/p>\n\n\n\n<p><strong>Fasc\u00edculo<\/strong>:&nbsp;Un peque\u00f1o paquete, el paquete de la perforaci\u00f3n estiletes de insectos con aparato bucal piercing succi\u00f3n.<\/p>\n\n\n\n<p><strong>Fase<\/strong>: Cada uno de los aspectos y formas de vida que toma una misma especie de insecto, de acuerdo a las caracter\u00edsticas del ambiente en que se desarrolla.<\/p>\n\n\n\n<p><strong>Femoral<\/strong>: Relativo o perteneciente al f\u00e9mur.<\/p>\n\n\n\n<p><strong>F\u00e9mur<\/strong>:&nbsp;El tercero (contando desde el cuerpo) y, a menudo el mayor segmento de la pata del insecto.<\/p>\n\n\n\n<p><strong>Feromona<\/strong>: Compuestos liberados por un organismo que provocan una reacci\u00f3n en otro de su misma especie.<\/p>\n\n\n\n<p><strong>Fetometamorfosis<\/strong>: Fen\u00f3meno que consiste en que la larva no sale perfectamente formada del huevo y s\u00f3lo adquiere su forma perfecta despu\u00e9s de la primera muda.<\/p>\n\n\n\n<p><strong>Fiebre<\/strong> <strong>Amarilla<\/strong>: Enfermedad epid\u00e9mica grave, tropical y subtropical. Es transmitida por el mosquito Aedes aegypti.<\/p>\n\n\n\n<p><strong>Filamentos<\/strong>:&nbsp;Una estructura similar a un hilo, especialmente una al final de una antena.<\/p>\n\n\n\n<p><strong>Filariasis<\/strong>: \u201cGrupo de enfermedades diferentes que tienen como com\u00fan denominador el ser producidas por gusanos redondos de la misma familia, y transmitidas de persona a persona por la picadura de insectos. B\u00e1sicamente hay tres tipos de filariasis: la filariasis linf\u00e1tica obstruye de manera permanente el flujo de la linfa en las cadenas de ganglios linf\u00e1ticos causando inflamaci\u00f3n y dolor en el escroto, las ingles o las piernas (elefantiasis, \u2018); la oncocercosis afecta a la piel formando n\u00f3dulos donde sobrevive el gusano muchos a\u00f1os, diseminando larvas por otras partes de la piel y, con relativa frecuencia, alcanzando los ojos hasta producir ceguera; y, finalmente, la loasis, que origina inflamaciones de la piel que aparecen y desaparecen, con picores; espor\u00e1dicamente cruzan la c\u00f3rnea provocando irritaci\u00f3n y, sobre todo, alarma, pero sin mayor trascendencia.\u201d<\/p>\n\n\n\n<p><strong>Filiforme<\/strong>: Tipo de antena larga y delgada, semejando un hilo, que se caracteriza por poseer los artejos de igual di\u00e1metro.<\/p>\n\n\n\n<p><strong>Filo<\/strong>:&nbsp;(pl., filos).&nbsp;Una gran divisi\u00f3n del reino animal, que contiene diversos sub\u00f3rdenes y clases, etc.<\/p>\n\n\n\n<p><strong>Filodio<\/strong>: Pec\u00edolo ensanchado y foli\u00e1ceo que hace las veces de hoja.<\/p>\n\n\n\n<p><strong>Fil\u00f3fago<\/strong>: Que se alimenta de tejidos foliares.<\/p>\n\n\n\n<p><strong>Fimbriada<\/strong>, <strong>Antena<\/strong>: Antena setiforme en la que, en la articulaci\u00f3n de cada uno de sus artejos, hay un pelo lateral.<\/p>\n\n\n\n<p><strong>Fim\u00edcola<\/strong>: Que vive sobre esti\u00e9rcol.<\/p>\n\n\n\n<p><strong>Fisog\u00e1ster<\/strong>: Abdomen desmesuradamente dilatado, como puede observarse en la hembra fecundada de Isoptera.<\/p>\n\n\n\n<p><strong>Fisogastria<\/strong>: Dilataci\u00f3n desmesurada del abdomen.<\/p>\n\n\n\n<p><strong>Fit\u00f3fagos<\/strong>:&nbsp;Que se alimentan de vegetales.<\/p>\n\n\n\n<p><strong>Fitoplasmas<\/strong>: Grupo de bacterias peque\u00f1as y carentes de pared celular que viven en el sistema vascular de una planta y que pueden causar enfermedades.<\/p>\n\n\n\n<p><strong>Fitosucc\u00edvoro<\/strong>: Que se alimenta de jugos vegetales.<\/p>\n\n\n\n<p><strong>Fitot\u00f3xicas<\/strong>: Venenosas para las plantas.<\/p>\n\n\n\n<p><strong>Flabeladas<\/strong>:&nbsp;Con proyecci\u00f3n de colgajos de un lado, se aplicaba especialmente a las antenas.<\/p>\n\n\n\n<p><strong>Flabelo<\/strong>:&nbsp;L\u00f3bulo distal piloso de la glosa en Apis.<\/p>\n\n\n\n<p><strong>Flagelo<\/strong>:&nbsp;Parte distal de la antena, a continuaci\u00f3n del pedicelo.<\/p>\n\n\n\n<p><strong>Flexor<\/strong>: M\u00fasculo que dobla o flecta un ap\u00e9ndice.<\/p>\n\n\n\n<p><strong>Fontanela<\/strong>: En Isoptera, depresi\u00f3n poco profunda en la cabeza en la cual se abre el poro frontal.<\/p>\n\n\n\n<p><strong>Foramen<\/strong> <strong>Magnum<\/strong>: Gran abertura de la parte posterior de la cabeza por la cual \u00e9sta se comunica con el t\u00f3rax.<\/p>\n\n\n\n<p><strong>Forceps<\/strong>: Cercos en forma de pinza o gancho en los Dermaptera.<\/p>\n\n\n\n<p><strong>Foresia<\/strong>: Transporte ocasional de un organismo por otro.<\/p>\n\n\n\n<p><strong>Foresis<\/strong>:&nbsp;El uso de un animal de otra \u00fanicamente como un medio de transporte, es decir, ciertos \u00e1caros en varios otros insectos.<\/p>\n\n\n\n<p><strong>F\u00f3rmico<\/strong>, <strong>\u00c1cido<\/strong>: Sustancia segregada como medio de defensa por las gl\u00e1ndulas de veneno de las hormigas del g\u00e9nero Formica y algunos otros himen\u00f3pteros.<\/p>\n\n\n\n<p><strong>Fosoria<\/strong>, <strong>Pata<\/strong>: Tipo de pata adaptada para cavar y progresar subterr\u00e1neamente.<\/p>\n\n\n\n<p><strong>Fosoriales<\/strong>:&nbsp;Adaptado para excavar.<\/p>\n\n\n\n<p><strong>Foveola<\/strong>:&nbsp;(pl. foveolas) Una de las depresiones pares a cada lado del v\u00e9rtice en el saltamontes.<\/p>\n\n\n\n<p><strong>For\u00e9sis<\/strong>:&nbsp;Transporte de una especie de insecto por otro sin que existan relaciones de alimentaci\u00f3n entre ellos.<\/p>\n\n\n\n<p><strong>Fotocitos<\/strong>:&nbsp;C\u00e9lulas fot\u00f3genas presentes en algunas especies productoras de luz.<\/p>\n\n\n\n<p><strong>Fotoper\u00edodo<\/strong>:&nbsp;La cantidad de tiempo relativa, durante el d\u00eda en que hay luz (u obscuridad).<\/p>\n\n\n\n<p><strong>Fragma<\/strong>: Proyecciones cuticul\u00e1res internas de refuerzo estructural o inserci\u00f3n muscular.<\/p>\n\n\n\n<p><strong>Frenillo<\/strong>:&nbsp;El ala-mecanismo de acoplamiento en muchas polillas.<\/p>\n\n\n\n<p><strong>Frente<\/strong>: Esclerito impar de la cara anterior de la cabeza situado entre el epicr\u00e1neo y el cl\u00edpeo.<\/p>\n\n\n\n<p><strong>Fr\u00e9nulo<\/strong>: Cerda o conjunto de cerdas que, ubicado en el \u00e1ngulo humeral del ala posterior de los lepid\u00f3pteros, se proyecta por debajo del ala anterior y engancha con el retin\u00e1culo, constituyendo uno de los sistemas de trabaz\u00f3n alar.<\/p>\n\n\n\n<p><strong>Frons<\/strong>:&nbsp;Parte superior de la cara de insectos, entre y debajo de las antenas y por lo general lleva el ocelo mediano o el ojo simple.&nbsp;En cierto moscas (Diptera) que ocupa la casi totalidad de la superficie frontal de la cabeza, aparte de los ojos.<\/p>\n\n\n\n<p><strong>Frontal<\/strong> <strong>Cerdas<\/strong>: Las dos filas verticales de cerdas corriendo por la cara de una mosca de los ocelos de las antenas.<\/p>\n\n\n\n<p><strong>Frontal<\/strong>, <strong>Poro<\/strong>: Orificio ubicado en la fontanela o en el \u00e1pice del tub\u00e9rculo frontal en Isoptera, que comunica con una gl\u00e1ndula cef\u00e1lica excretora.<\/p>\n\n\n\n<p><strong>Fundatriz<\/strong>:&nbsp;En \u00e1fidos, hembra proveniente de un huevo fecundado que se reproduce partenogen\u00e9ticamente.<\/p>\n\n\n\n<p><strong>Fung\u00edvoro<\/strong>: Que se alimenta de hongos.<\/p>\n\n\n\n<p><strong>Furca<\/strong>: Proceso interno bifurcado del estern\u00f3n en los insectos superiores. F\u00farcula.<\/p>\n\n\n\n<p><strong>F\u00farcula<\/strong>: En Collembola, el ap\u00e9ndice bifurcado ubicado en el cuarto segmento abdominal, destinado a imprimir el salto.<\/p>\n\n\n\n<p><strong>Fusco<\/strong>: Smokey gris-marr\u00f3n en color, normalmente se aplica a las alas.<\/p>\n\n\n\n<p><strong>Fusiforme<\/strong>: Con forma de huso (antiguo instrumento utilizado para Hilar), estrecho y alargado.<\/p>\n\n\n\n<p><strong>F\u00fasula<\/strong>: \u00d3rgano hilador de la seda u otra sustancia similar producida por gl\u00e1ndulas especiales en larvas o adultos.<\/p>\n","protected":false},"excerpt":{"rendered":"<p>A \u2013 B \u2013 C \u2013 D \u2013 E \u2013 F \u2013 G \u2013 H<\/p>\n","protected":false},"author":1,"featured_media":0,"parent":0,"menu_order":0,"comment_status":"closed","ping_status":"closed","template":"","meta":{"footnotes":""},"class_list":["post-545","page","type-page","status-publish","hentry","comments-off"],"yoast_head":"<!-- This site is optimized with the Yoast SEO plugin v19.9 - https:\/\/yoast.com\/wordpress\/plugins\/seo\/ -->\n<title>GLOSARIO - Letra F - Sanipro<\/title>\n<meta name=\"robots\" content=\"index, follow, max-snippet:-1, max-image-preview:large, max-video-preview:-1\" \/>\n<link rel=\"canonical\" href=\"https:\/\/sanipro.com.ar\/noticias\/glosario-f\/\" \/>\n<meta property=\"og:locale\" content=\"es_ES\" \/>\n<meta property=\"og:type\" content=\"article\" \/>\n<meta property=\"og:title\" content=\"GLOSARIO - Letra F - Sanipro\" \/>\n<meta property=\"og:description\" content=\"A \u2013 B \u2013 C \u2013 D \u2013 E \u2013 F \u2013 G \u2013 H\" \/>\n<meta property=\"og:url\" content=\"https:\/\/sanipro.com.ar\/noticias\/glosario-f\/\" \/>\n<meta property=\"og:site_name\" content=\"Sanipro\" \/>\n<meta name=\"twitter:card\" content=\"summary_large_image\" \/>\n<meta name=\"twitter:label1\" content=\"Tiempo de lectura\" \/>\n\t<meta name=\"twitter:data1\" content=\"6 minutos\" \/>\n<script type=\"application\/ld+json\" class=\"yoast-schema-graph\">{\"@context\":\"https:\/\/schema.org\",\"@graph\":[{\"@type\":\"WebPage\",\"@id\":\"https:\/\/sanipro.com.ar\/noticias\/glosario-f\/\",\"url\":\"https:\/\/sanipro.com.ar\/noticias\/glosario-f\/\",\"name\":\"GLOSARIO - Letra F - Sanipro\",\"isPartOf\":{\"@id\":\"https:\/\/sanipro.com.ar\/noticias\/#website\"},\"datePublished\":\"2022-02-23T18:52:41+00:00\",\"dateModified\":\"2022-02-23T18:52:41+00:00\",\"breadcrumb\":{\"@id\":\"https:\/\/sanipro.com.ar\/noticias\/glosario-f\/#breadcrumb\"},\"inLanguage\":\"es-AR\",\"potentialAction\":[{\"@type\":\"ReadAction\",\"target\":[\"https:\/\/sanipro.com.ar\/noticias\/glosario-f\/\"]}]},{\"@type\":\"BreadcrumbList\",\"@id\":\"https:\/\/sanipro.com.ar\/noticias\/glosario-f\/#breadcrumb\",\"itemListElement\":[{\"@type\":\"ListItem\",\"position\":1,\"name\":\"Inicio\",\"item\":\"https:\/\/sanipro.com.ar\/noticias\/\"},{\"@type\":\"ListItem\",\"position\":2,\"name\":\"GLOSARIO &#8211; Letra F\"}]},{\"@type\":\"WebSite\",\"@id\":\"https:\/\/sanipro.com.ar\/noticias\/#website\",\"url\":\"https:\/\/sanipro.com.ar\/noticias\/\",\"name\":\"Sanipro\",\"description\":\"Sanidad profesional\",\"publisher\":{\"@id\":\"https:\/\/sanipro.com.ar\/noticias\/#organization\"},\"potentialAction\":[{\"@type\":\"SearchAction\",\"target\":{\"@type\":\"EntryPoint\",\"urlTemplate\":\"https:\/\/sanipro.com.ar\/noticias\/?s={search_term_string}\"},\"query-input\":\"required name=search_term_string\"}],\"inLanguage\":\"es-AR\"},{\"@type\":\"Organization\",\"@id\":\"https:\/\/sanipro.com.ar\/noticias\/#organization\",\"name\":\"Sanipro\",\"url\":\"https:\/\/sanipro.com.ar\/noticias\/\",\"logo\":{\"@type\":\"ImageObject\",\"inLanguage\":\"es-AR\",\"@id\":\"https:\/\/sanipro.com.ar\/noticias\/#\/schema\/logo\/image\/\",\"url\":\"https:\/\/sanipro.com.ar\/noticias\/wp-content\/uploads\/2022\/02\/cropped-LOGO-noticias.fw_-1.png\",\"contentUrl\":\"https:\/\/sanipro.com.ar\/noticias\/wp-content\/uploads\/2022\/02\/cropped-LOGO-noticias.fw_-1.png\",\"width\":250,\"height\":79,\"caption\":\"Sanipro\"},\"image\":{\"@id\":\"https:\/\/sanipro.com.ar\/noticias\/#\/schema\/logo\/image\/\"}}]}<\/script>\n<!-- \/ Yoast SEO plugin. -->","yoast_head_json":{"title":"GLOSARIO - Letra F - Sanipro","robots":{"index":"index","follow":"follow","max-snippet":"max-snippet:-1","max-image-preview":"max-image-preview:large","max-video-preview":"max-video-preview:-1"},"canonical":"https:\/\/sanipro.com.ar\/noticias\/glosario-f\/","og_locale":"es_ES","og_type":"article","og_title":"GLOSARIO - Letra F - Sanipro","og_description":"A \u2013 B \u2013 C \u2013 D \u2013 E \u2013 F \u2013 G \u2013 H","og_url":"https:\/\/sanipro.com.ar\/noticias\/glosario-f\/","og_site_name":"Sanipro","twitter_card":"summary_large_image","twitter_misc":{"Tiempo de lectura":"6 minutos"},"schema":{"@context":"https:\/\/schema.org","@graph":[{"@type":"WebPage","@id":"https:\/\/sanipro.com.ar\/noticias\/glosario-f\/","url":"https:\/\/sanipro.com.ar\/noticias\/glosario-f\/","name":"GLOSARIO - Letra F - Sanipro","isPartOf":{"@id":"https:\/\/sanipro.com.ar\/noticias\/#website"},"datePublished":"2022-02-23T18:52:41+00:00","dateModified":"2022-02-23T18:52:41+00:00","breadcrumb":{"@id":"https:\/\/sanipro.com.ar\/noticias\/glosario-f\/#breadcrumb"},"inLanguage":"es-AR","potentialAction":[{"@type":"ReadAction","target":["https:\/\/sanipro.com.ar\/noticias\/glosario-f\/"]}]},{"@type":"BreadcrumbList","@id":"https:\/\/sanipro.com.ar\/noticias\/glosario-f\/#breadcrumb","itemListElement":[{"@type":"ListItem","position":1,"name":"Inicio","item":"https:\/\/sanipro.com.ar\/noticias\/"},{"@type":"ListItem","position":2,"name":"GLOSARIO &#8211; Letra F"}]},{"@type":"WebSite","@id":"https:\/\/sanipro.com.ar\/noticias\/#website","url":"https:\/\/sanipro.com.ar\/noticias\/","name":"Sanipro","description":"Sanidad profesional","publisher":{"@id":"https:\/\/sanipro.com.ar\/noticias\/#organization"},"potentialAction":[{"@type":"SearchAction","target":{"@type":"EntryPoint","urlTemplate":"https:\/\/sanipro.com.ar\/noticias\/?s={search_term_string}"},"query-input":"required name=search_term_string"}],"inLanguage":"es-AR"},{"@type":"Organization","@id":"https:\/\/sanipro.com.ar\/noticias\/#organization","name":"Sanipro","url":"https:\/\/sanipro.com.ar\/noticias\/","logo":{"@type":"ImageObject","inLanguage":"es-AR","@id":"https:\/\/sanipro.com.ar\/noticias\/#\/schema\/logo\/image\/","url":"https:\/\/sanipro.com.ar\/noticias\/wp-content\/uploads\/2022\/02\/cropped-LOGO-noticias.fw_-1.png","contentUrl":"https:\/\/sanipro.com.ar\/noticias\/wp-content\/uploads\/2022\/02\/cropped-LOGO-noticias.fw_-1.png","width":250,"height":79,"caption":"Sanipro"},"image":{"@id":"https:\/\/sanipro.com.ar\/noticias\/#\/schema\/logo\/image\/"}}]}},"_links":{"self":[{"href":"https:\/\/sanipro.com.ar\/noticias\/wp-json\/wp\/v2\/pages\/545","targetHints":{"allow":["GET"]}}],"collection":[{"href":"https:\/\/sanipro.com.ar\/noticias\/wp-json\/wp\/v2\/pages"}],"about":[{"href":"https:\/\/sanipro.com.ar\/noticias\/wp-json\/wp\/v2\/types\/page"}],"author":[{"embeddable":true,"href":"https:\/\/sanipro.com.ar\/noticias\/wp-json\/wp\/v2\/users\/1"}],"replies":[{"embeddable":true,"href":"https:\/\/sanipro.com.ar\/noticias\/wp-json\/wp\/v2\/comments?post=545"}],"version-history":[{"count":1,"href":"https:\/\/sanipro.com.ar\/noticias\/wp-json\/wp\/v2\/pages\/545\/revisions"}],"predecessor-version":[{"id":546,"href":"https:\/\/sanipro.com.ar\/noticias\/wp-json\/wp\/v2\/pages\/545\/revisions\/546"}],"wp:attachment":[{"href":"https:\/\/sanipro.com.ar\/noticias\/wp-json\/wp\/v2\/media?parent=545"}],"curies":[{"name":"wp","href":"https:\/\/api.w.org\/{rel}","templated":true}]}}