{"id":547,"date":"2022-02-23T15:55:33","date_gmt":"2022-02-23T18:55:33","guid":{"rendered":"https:\/\/www.saniprosrl.com.ar\/noticias\/?page_id=547"},"modified":"2022-02-23T15:55:33","modified_gmt":"2022-02-23T18:55:33","slug":"glosario-g","status":"publish","type":"page","link":"https:\/\/sanipro.com.ar\/noticias\/glosario-g\/","title":{"rendered":"GLOSARIO &#8211; Letra G"},"content":{"rendered":"\n<p><a href=\"https:\/\/sanipro.com.ar\/noticias\/glosario\/\">A<\/a> \u2013 <a href=\"https:\/\/sanipro.com.ar\/noticias\/glosario-b\/\">B<\/a> \u2013 <a href=\"https:\/\/sanipro.com.ar\/noticias\/glosario-c\/\">C<\/a> \u2013 <a href=\"https:\/\/sanipro.com.ar\/noticias\/glosario-d\/\">D<\/a> \u2013 <a href=\"https:\/\/sanipro.com.ar\/noticias\/glosario-e\/\">E<\/a> \u2013 <a href=\"https:\/\/sanipro.com.ar\/noticias\/glosario-f\/\">F<\/a> \u2013 <a href=\"https:\/\/sanipro.com.ar\/noticias\/glosario-g\/\">G<\/a> \u2013 <a href=\"https:\/\/sanipro.com.ar\/noticias\/glosario-h\/\">H<\/a> \u2013 <a href=\"https:\/\/sanipro.com.ar\/noticias\/glosario-i\/\">I<\/a> \u2013 <a href=\"https:\/\/sanipro.com.ar\/noticias\/glosario-j\/\">J<\/a> \u2013<a href=\"https:\/\/sanipro.com.ar\/noticias\/glosario-k\/\">K<\/a>\u2013 <a href=\"https:\/\/sanipro.com.ar\/noticias\/glosario-l\/\">L<\/a> \u2013 <a href=\"https:\/\/sanipro.com.ar\/noticias\/glosario-m\/\">M<\/a> \u2013 <a href=\"https:\/\/sanipro.com.ar\/noticias\/glosario-n\/\">N<\/a> \u2013 <a href=\"https:\/\/sanipro.com.ar\/noticias\/glosario-o\/\">O<\/a> \u2013 <a href=\"https:\/\/sanipro.com.ar\/noticias\/glosario-p\/\">P<\/a> \u2013 <a href=\"https:\/\/sanipro.com.ar\/noticias\/glosario-q\/\">Q<\/a> \u2013 <a href=\"https:\/\/sanipro.com.ar\/noticias\/glosario-r\/\">R<\/a> \u2013 <a href=\"https:\/\/sanipro.com.ar\/noticias\/glosario-s\/\">S<\/a> \u2013<a href=\"https:\/\/sanipro.com.ar\/noticias\/glosario-t\/\">T<\/a>\u2013 <a href=\"https:\/\/sanipro.com.ar\/noticias\/glosario-u\/\">U<\/a> \u2013 <a href=\"https:\/\/sanipro.com.ar\/noticias\/glosario-v\/\">V<\/a> \u2013<a href=\"https:\/\/sanipro.com.ar\/noticias\/glosario-w\/\">W<\/a>\u2013 <a href=\"https:\/\/sanipro.com.ar\/noticias\/glosario-x\/\">X<\/a> \u2013 <a href=\"https:\/\/sanipro.com.ar\/noticias\/glosario-y\/\">Y<\/a> \u2013 <a href=\"https:\/\/sanipro.com.ar\/noticias\/glosario-z\/\">Z<\/a><\/p>\n\n\n\n<p><strong>G\u00e1lea<\/strong>:&nbsp;L\u00f3bulo distal externo de la maxila.<\/p>\n\n\n\n<p><strong>Gal\u00edcola<\/strong>: Insecto que vive en un agalla, producida o no por \u00e9l mismo.<\/p>\n\n\n\n<p><strong>Gall<\/strong>:&nbsp;Un crecimiento anormal de una de las plantas causadas por la presencia en los tejidos de un insecto joven o alg\u00fan otro organismo.&nbsp;Los pulgones, avispas, y mosca de las agallas se encuentran entre los insectos que causan agallas-principal.<\/p>\n\n\n\n<p><strong>Ganglio<\/strong>:&nbsp;Una masa nerviosas que sirve como centro de influencia nervioso.<\/p>\n\n\n\n<p><strong>Garrapata<\/strong>: Nombre com\u00fan de algunos miembros hemat\u00f3fagos del Orden Acarina. Posee piezas bucales para desgarrar la piel y chupar la sangre de los animales que parasita, y a los cuales puede transmitirles varios tipos de enfermedades.<\/p>\n\n\n\n<p><strong>G\u00e1ster<\/strong>:&nbsp;El himen\u00f3ptero abdomen \u2013 aparte de la 1\u00aa&nbsp;serie de sesiones (el propodeo), que se fusiona con el t\u00f3rax.&nbsp;La parte delantera del gaster menudo forma una cintura estrecha.<\/p>\n\n\n\n<p><strong>Gasteroteca<\/strong>: Parte de la envoltura pupal que cubre el abdomen.<\/p>\n\n\n\n<p><strong>G\u00e1yade<\/strong>: Forma joven de los amet\u00e1bolos.<\/p>\n\n\n\n<p><strong>Gena<\/strong>:&nbsp;La mejilla \u2013 la parte de abajo y la cabeza detr\u00e1s del ojo.<\/p>\n\n\n\n<p><strong>Generaci\u00f3n<\/strong>:&nbsp;El grupo de individuos de una especie dada que se han reproducido en el aproximadamente al mismo tiempo, el grupo de individuos de la misma categor\u00eda geneal\u00f3gica.<\/p>\n\n\n\n<p><strong>Generaciones<\/strong> <strong>alternas<\/strong>:&nbsp;Cuando dos generaciones se producen dentro de un ciclo de vida de cada uno de los individuos productores de un solo sexo, ya sea primer hombre y luego mujer o viceversa.<\/p>\n\n\n\n<p><strong>G\u00e9nero<\/strong>:&nbsp;Un grupo de especies estrechamente relacionadas (en plural: los g\u00e9neros).&nbsp;El nombre del g\u00e9nero se incorpora en los nombres cient\u00edficos de todas las especies miembros:&nbsp;Pieris napi&nbsp;y&nbsp;Pieris rapae, por ejemplo, ambas pertenecen al g\u00e9nero&nbsp;Pieris.<\/p>\n\n\n\n<p><strong>Geniculada<\/strong>\/<strong>o<\/strong>:&nbsp;De forma acodada, en forma de codo.<\/p>\n\n\n\n<p><strong>Genital<\/strong> <strong>cl\u00e1spers<\/strong>:&nbsp;\u00d3rganos de los genitales masculinos que sirven para mantener a la hembra durante la c\u00f3pula.<\/p>\n\n\n\n<p><strong>Genitales<\/strong>:&nbsp;Los \u00f3rganos copuladores de los insectos y otros animales.&nbsp;La forma y disposici\u00f3n de los \u00f3rganos genitales se utilizan a menudo para distinguir estrechamente relacionados y por lo dem\u00e1s muy especies similares.<\/p>\n\n\n\n<p><strong>Genitalia<\/strong>: Conjunto de los \u00f3rganos genitales externos.<\/p>\n\n\n\n<p><strong>Genotipo<\/strong>:&nbsp;La gen\u00e9tica total de caracteres de un organismo, es decir, todo su ADN o genes.<\/p>\n\n\n\n<p><strong>Ge\u00f3fago<\/strong>: Que se alimenta de tierra que contiene materia org\u00e1nica.<\/p>\n\n\n\n<p><strong>Geofit\u00f3fago<\/strong>: Que se alimenta de tierra y partes subterr\u00e1neas de vegetales.<\/p>\n\n\n\n<p><strong>Germario<\/strong>: C\u00e1mara apical de un ovariolo o de un tubo esperm\u00e1tico donde se encuentran las c\u00e9lulas germinales primarias.<\/p>\n\n\n\n<p><strong>Gill<\/strong>: \u00d3rgano de respiraci\u00f3n que posee muchas criaturas acu\u00e1ticas, incluyendo numerosos insectos j\u00f3venes.&nbsp;agallas de insectos suelen ser muy finas excrecencias del cuerpo y contienen numerosos tubos de aire, o tr\u00e1queas.&nbsp;El ox\u00edgeno pasa a los tubos del agua por difusi\u00f3n.<\/p>\n\n\n\n<p><strong>Gimnocerado<\/strong>: Con antenas bien visibles.<\/p>\n\n\n\n<p><strong>Gina<\/strong>: Hembra. Espec\u00edficamente, la de las hormigas.<\/p>\n\n\n\n<p><strong>Ginandromorfo<\/strong>:&nbsp;Una criatura individual con una mezcla de caracter\u00edsticas masculinas y femeninas.&nbsp;La mitad del cuerpo puede ser de sexo masculino y la otra mitad mujeres.&nbsp;Esto es particularmente notorio cuando se produce entre las mariposas azules y otros en los que los sexos son de colores diferentes.<\/p>\n\n\n\n<p><strong>Ginecaner<\/strong>: Entre las hormigas, un macho que se parece a una hembra.<\/p>\n\n\n\n<p><strong>Ginecoide<\/strong>: Entre las hormigas, una obrera que pone huevos.<\/p>\n\n\n\n<p><strong>Gin\u00f3para<\/strong>:&nbsp;Referido a \u00e1fidos, ejempalres que dan or\u00edgen a s\u00f3lo a hembras.<\/p>\n\n\n\n<p><strong>Glabra<\/strong>: Desprovisto absolutamente de pelos.<\/p>\n\n\n\n<p><strong>Glabro<\/strong>: Desprovisto absolutamente de pelos.<\/p>\n\n\n\n<p><strong>Glial<\/strong>, <strong>c\u00e9lulas<\/strong>:&nbsp;C\u00e9lulas del tejido nervioso importantes en la aislaci\u00f3n y nutrici\u00f3n neuronal.<\/p>\n\n\n\n<p><strong>Glosa<\/strong>:&nbsp;(Glossae plural) Uno de un par de l\u00f3bulos en la punta del labio o el labio inferior: por lo general muy peque\u00f1a, pero mucho tiempo en las abejas y abejorros, en la que glossae utilizados son los dos para chupar el n\u00e9ctar.<\/p>\n\n\n\n<p><strong>Glosado<\/strong>: Provisto de una glosa o lengua, como pieza activa fundamental.<\/p>\n\n\n\n<p><strong>Glosario<\/strong>: En Diptera, el labro y la epifaringe fusionados.<\/p>\n\n\n\n<p><strong>Gnatosoma<\/strong>: En \u00e1caros, parte del cuerpo que lleva los quel\u00edceros y los pedipalpos.<\/p>\n\n\n\n<p><strong>Gonap\u00f3fisis<\/strong>: Cada uno de los procesos pares, cortos y esclerosados que forman parte de la armadura genital de los insectos.<\/p>\n\n\n\n<p><strong>Gon\u00f3podo<\/strong>: Ap\u00e9ndice de la estructura genital adaptado para facilitar la c\u00f3pula o la oviposici\u00f3n.<\/p>\n\n\n\n<p><strong>Gonoporo<\/strong>: En el macho, la abertura externa del conducto eyaculador. En la hembra, el orificio que comunica el oviducto con la vagina.<\/p>\n\n\n\n<p><strong>Gonosomito<\/strong>: Ur\u00f3mero portador de \u00f3rganos genitales.<\/p>\n\n\n\n<p><strong>Grafiosis<\/strong>: \u201cSignifica \u201c\u201denfermedad gr\u00e1fica\u201d \u201c, pues hace referencia a los curiosos dibujos que realizan los insectos transmisores de la enfermedad, debajo de las cortezas de los olmos. Los hongos de la grafiosis, conocidos como Ophiostoma ulmi (Buisman), Nannf (especie no agresiva) y O. novo-ulmi Brasier (especie agresiva), han provocado la muerte masiva de los olmos en gran parte de Europa y Am\u00e9rica. En Espa\u00f1a, la especie no agresiva se detect\u00f3 por primera vez a comienzos de los a\u00f1os treinta, eliminando y debilitando una parte considerable de las olmedas existentes. La especie agresiva se a\u00edsla por primera vez en 1978 y origina, durante la siguiente d\u00e9cada, la casi total desaparici\u00f3n de los olmos adultos del pa\u00eds.\u201d<\/p>\n\n\n\n<p><strong>Graso<\/strong>, <strong>Cuerpo<\/strong>: Cada uno de los grupos de c\u00e9lulas grasas irregularmente distribuidas alrededor de los \u00f3rganos, en la cavidad general del cuerpo y que, formados durante los estad\u00edos juveniles, almacenan sustancias nutritivas y generadoras de energ\u00eda.<\/p>\n\n\n\n<p><strong>Gregario<\/strong>:&nbsp;Vivir en grupos.<\/p>\n\n\n\n<p><strong>Gregarismo<\/strong>: Agrupaci\u00f3n social simple, sin interdependencia obligada y basada en la mutua atracci\u00f3n de individuos de la misma especie.<\/p>\n\n\n\n<p><strong>Grub<\/strong>: Scarabaeiform Una larva, es decir, un cuerpo grueso larva con patas tor\u00e1cicas y bien desarro-llada cabeza, por lo general lento.<\/p>\n\n\n\n<p><strong>Gula<\/strong>:&nbsp;Esclerito proximal al labio.<\/p>\n\n\n\n<p><strong>Gular<\/strong>, <strong>Sutura<\/strong>: L\u00ednea divisoria entre la gula y la gena o mejilla.<\/p>\n\n\n\n<p><strong>Gusano<\/strong>: Se aplica com\u00fanmente a cualquier forma animal de cuerpo blando y alargado, sin ap\u00e9ndices locomotores, y de locomoci\u00f3n deslizante sobre el sustrato, como las larvas de algunos insectos.<\/p>\n\n\n\n<p><strong>Gymnoparia<\/strong>: En larvas de Coleoptera Scarabeidae, parte desnuda de la paria entre la chaetoparia y la acanthoparia y por detr\u00e1s de la acroparia. Esta porci\u00f3n de la hipofaringe no siempre est\u00e1 presente o distinguible, ya que las setas de la chaetoparia decrecen gradualmente de tama\u00f1o y a veces llegan hasta la acanthoparia.<\/p>\n","protected":false},"excerpt":{"rendered":"<p>A \u2013 B \u2013 C \u2013 D \u2013 E \u2013 F \u2013 G \u2013 H<\/p>\n","protected":false},"author":1,"featured_media":0,"parent":0,"menu_order":0,"comment_status":"closed","ping_status":"closed","template":"","meta":{"footnotes":""},"class_list":["post-547","page","type-page","status-publish","hentry","comments-off"],"yoast_head":"<!-- This site is optimized with the Yoast SEO plugin v19.9 - https:\/\/yoast.com\/wordpress\/plugins\/seo\/ -->\n<title>GLOSARIO - Letra G - Sanipro<\/title>\n<meta name=\"robots\" content=\"index, follow, max-snippet:-1, max-image-preview:large, max-video-preview:-1\" \/>\n<link rel=\"canonical\" href=\"https:\/\/sanipro.com.ar\/noticias\/glosario-g\/\" \/>\n<meta property=\"og:locale\" content=\"es_ES\" \/>\n<meta property=\"og:type\" content=\"article\" \/>\n<meta property=\"og:title\" content=\"GLOSARIO - Letra G - Sanipro\" \/>\n<meta property=\"og:description\" content=\"A \u2013 B \u2013 C \u2013 D \u2013 E \u2013 F \u2013 G \u2013 H\" \/>\n<meta property=\"og:url\" content=\"https:\/\/sanipro.com.ar\/noticias\/glosario-g\/\" \/>\n<meta property=\"og:site_name\" content=\"Sanipro\" \/>\n<meta name=\"twitter:card\" content=\"summary_large_image\" \/>\n<meta name=\"twitter:label1\" content=\"Tiempo de lectura\" \/>\n\t<meta name=\"twitter:data1\" content=\"6 minutos\" \/>\n<script type=\"application\/ld+json\" class=\"yoast-schema-graph\">{\"@context\":\"https:\/\/schema.org\",\"@graph\":[{\"@type\":\"WebPage\",\"@id\":\"https:\/\/sanipro.com.ar\/noticias\/glosario-g\/\",\"url\":\"https:\/\/sanipro.com.ar\/noticias\/glosario-g\/\",\"name\":\"GLOSARIO - Letra G - Sanipro\",\"isPartOf\":{\"@id\":\"https:\/\/sanipro.com.ar\/noticias\/#website\"},\"datePublished\":\"2022-02-23T18:55:33+00:00\",\"dateModified\":\"2022-02-23T18:55:33+00:00\",\"breadcrumb\":{\"@id\":\"https:\/\/sanipro.com.ar\/noticias\/glosario-g\/#breadcrumb\"},\"inLanguage\":\"es-AR\",\"potentialAction\":[{\"@type\":\"ReadAction\",\"target\":[\"https:\/\/sanipro.com.ar\/noticias\/glosario-g\/\"]}]},{\"@type\":\"BreadcrumbList\",\"@id\":\"https:\/\/sanipro.com.ar\/noticias\/glosario-g\/#breadcrumb\",\"itemListElement\":[{\"@type\":\"ListItem\",\"position\":1,\"name\":\"Inicio\",\"item\":\"https:\/\/sanipro.com.ar\/noticias\/\"},{\"@type\":\"ListItem\",\"position\":2,\"name\":\"GLOSARIO &#8211; Letra G\"}]},{\"@type\":\"WebSite\",\"@id\":\"https:\/\/sanipro.com.ar\/noticias\/#website\",\"url\":\"https:\/\/sanipro.com.ar\/noticias\/\",\"name\":\"Sanipro\",\"description\":\"Sanidad profesional\",\"publisher\":{\"@id\":\"https:\/\/sanipro.com.ar\/noticias\/#organization\"},\"potentialAction\":[{\"@type\":\"SearchAction\",\"target\":{\"@type\":\"EntryPoint\",\"urlTemplate\":\"https:\/\/sanipro.com.ar\/noticias\/?s={search_term_string}\"},\"query-input\":\"required name=search_term_string\"}],\"inLanguage\":\"es-AR\"},{\"@type\":\"Organization\",\"@id\":\"https:\/\/sanipro.com.ar\/noticias\/#organization\",\"name\":\"Sanipro\",\"url\":\"https:\/\/sanipro.com.ar\/noticias\/\",\"logo\":{\"@type\":\"ImageObject\",\"inLanguage\":\"es-AR\",\"@id\":\"https:\/\/sanipro.com.ar\/noticias\/#\/schema\/logo\/image\/\",\"url\":\"https:\/\/sanipro.com.ar\/noticias\/wp-content\/uploads\/2022\/02\/cropped-LOGO-noticias.fw_-1.png\",\"contentUrl\":\"https:\/\/sanipro.com.ar\/noticias\/wp-content\/uploads\/2022\/02\/cropped-LOGO-noticias.fw_-1.png\",\"width\":250,\"height\":79,\"caption\":\"Sanipro\"},\"image\":{\"@id\":\"https:\/\/sanipro.com.ar\/noticias\/#\/schema\/logo\/image\/\"}}]}<\/script>\n<!-- \/ Yoast SEO plugin. -->","yoast_head_json":{"title":"GLOSARIO - Letra G - Sanipro","robots":{"index":"index","follow":"follow","max-snippet":"max-snippet:-1","max-image-preview":"max-image-preview:large","max-video-preview":"max-video-preview:-1"},"canonical":"https:\/\/sanipro.com.ar\/noticias\/glosario-g\/","og_locale":"es_ES","og_type":"article","og_title":"GLOSARIO - Letra G - Sanipro","og_description":"A \u2013 B \u2013 C \u2013 D \u2013 E \u2013 F \u2013 G \u2013 H","og_url":"https:\/\/sanipro.com.ar\/noticias\/glosario-g\/","og_site_name":"Sanipro","twitter_card":"summary_large_image","twitter_misc":{"Tiempo de lectura":"6 minutos"},"schema":{"@context":"https:\/\/schema.org","@graph":[{"@type":"WebPage","@id":"https:\/\/sanipro.com.ar\/noticias\/glosario-g\/","url":"https:\/\/sanipro.com.ar\/noticias\/glosario-g\/","name":"GLOSARIO - Letra G - Sanipro","isPartOf":{"@id":"https:\/\/sanipro.com.ar\/noticias\/#website"},"datePublished":"2022-02-23T18:55:33+00:00","dateModified":"2022-02-23T18:55:33+00:00","breadcrumb":{"@id":"https:\/\/sanipro.com.ar\/noticias\/glosario-g\/#breadcrumb"},"inLanguage":"es-AR","potentialAction":[{"@type":"ReadAction","target":["https:\/\/sanipro.com.ar\/noticias\/glosario-g\/"]}]},{"@type":"BreadcrumbList","@id":"https:\/\/sanipro.com.ar\/noticias\/glosario-g\/#breadcrumb","itemListElement":[{"@type":"ListItem","position":1,"name":"Inicio","item":"https:\/\/sanipro.com.ar\/noticias\/"},{"@type":"ListItem","position":2,"name":"GLOSARIO &#8211; Letra G"}]},{"@type":"WebSite","@id":"https:\/\/sanipro.com.ar\/noticias\/#website","url":"https:\/\/sanipro.com.ar\/noticias\/","name":"Sanipro","description":"Sanidad profesional","publisher":{"@id":"https:\/\/sanipro.com.ar\/noticias\/#organization"},"potentialAction":[{"@type":"SearchAction","target":{"@type":"EntryPoint","urlTemplate":"https:\/\/sanipro.com.ar\/noticias\/?s={search_term_string}"},"query-input":"required name=search_term_string"}],"inLanguage":"es-AR"},{"@type":"Organization","@id":"https:\/\/sanipro.com.ar\/noticias\/#organization","name":"Sanipro","url":"https:\/\/sanipro.com.ar\/noticias\/","logo":{"@type":"ImageObject","inLanguage":"es-AR","@id":"https:\/\/sanipro.com.ar\/noticias\/#\/schema\/logo\/image\/","url":"https:\/\/sanipro.com.ar\/noticias\/wp-content\/uploads\/2022\/02\/cropped-LOGO-noticias.fw_-1.png","contentUrl":"https:\/\/sanipro.com.ar\/noticias\/wp-content\/uploads\/2022\/02\/cropped-LOGO-noticias.fw_-1.png","width":250,"height":79,"caption":"Sanipro"},"image":{"@id":"https:\/\/sanipro.com.ar\/noticias\/#\/schema\/logo\/image\/"}}]}},"_links":{"self":[{"href":"https:\/\/sanipro.com.ar\/noticias\/wp-json\/wp\/v2\/pages\/547","targetHints":{"allow":["GET"]}}],"collection":[{"href":"https:\/\/sanipro.com.ar\/noticias\/wp-json\/wp\/v2\/pages"}],"about":[{"href":"https:\/\/sanipro.com.ar\/noticias\/wp-json\/wp\/v2\/types\/page"}],"author":[{"embeddable":true,"href":"https:\/\/sanipro.com.ar\/noticias\/wp-json\/wp\/v2\/users\/1"}],"replies":[{"embeddable":true,"href":"https:\/\/sanipro.com.ar\/noticias\/wp-json\/wp\/v2\/comments?post=547"}],"version-history":[{"count":1,"href":"https:\/\/sanipro.com.ar\/noticias\/wp-json\/wp\/v2\/pages\/547\/revisions"}],"predecessor-version":[{"id":548,"href":"https:\/\/sanipro.com.ar\/noticias\/wp-json\/wp\/v2\/pages\/547\/revisions\/548"}],"wp:attachment":[{"href":"https:\/\/sanipro.com.ar\/noticias\/wp-json\/wp\/v2\/media?parent=547"}],"curies":[{"name":"wp","href":"https:\/\/api.w.org\/{rel}","templated":true}]}}