{"id":549,"date":"2022-02-23T15:57:39","date_gmt":"2022-02-23T18:57:39","guid":{"rendered":"https:\/\/www.saniprosrl.com.ar\/noticias\/?page_id=549"},"modified":"2022-02-23T15:57:39","modified_gmt":"2022-02-23T18:57:39","slug":"glosario-h","status":"publish","type":"page","link":"https:\/\/sanipro.com.ar\/noticias\/glosario-h\/","title":{"rendered":"GLOSARIO &#8211; Letra H"},"content":{"rendered":"\n<p><a href=\"https:\/\/sanipro.com.ar\/noticias\/glosario\/\">A<\/a> \u2013 <a href=\"https:\/\/sanipro.com.ar\/noticias\/glosario-b\/\">B<\/a> \u2013 <a href=\"https:\/\/sanipro.com.ar\/noticias\/glosario-c\/\">C<\/a> \u2013 <a href=\"https:\/\/sanipro.com.ar\/noticias\/glosario-d\/\">D<\/a> \u2013 <a href=\"https:\/\/sanipro.com.ar\/noticias\/glosario-e\/\">E<\/a> \u2013 <a href=\"https:\/\/sanipro.com.ar\/noticias\/glosario-f\/\">F<\/a> \u2013 <a href=\"https:\/\/sanipro.com.ar\/noticias\/glosario-g\/\">G<\/a> \u2013 <a href=\"https:\/\/sanipro.com.ar\/noticias\/glosario-h\/\">H<\/a> \u2013 <a href=\"https:\/\/sanipro.com.ar\/noticias\/glosario-i\/\">I<\/a> \u2013 <a href=\"https:\/\/sanipro.com.ar\/noticias\/glosario-j\/\">J<\/a> \u2013<a href=\"https:\/\/sanipro.com.ar\/noticias\/glosario-k\/\">K<\/a>\u2013 <a href=\"https:\/\/sanipro.com.ar\/noticias\/glosario-l\/\">L<\/a> \u2013 <a href=\"https:\/\/sanipro.com.ar\/noticias\/glosario-m\/\">M<\/a> \u2013 <a href=\"https:\/\/sanipro.com.ar\/noticias\/glosario-n\/\">N<\/a> \u2013 <a href=\"https:\/\/sanipro.com.ar\/noticias\/glosario-o\/\">O<\/a> \u2013 <a href=\"https:\/\/sanipro.com.ar\/noticias\/glosario-p\/\">P<\/a> \u2013 <a href=\"https:\/\/sanipro.com.ar\/noticias\/glosario-q\/\">Q<\/a> \u2013 <a href=\"https:\/\/sanipro.com.ar\/noticias\/glosario-r\/\">R<\/a> \u2013 <a href=\"https:\/\/sanipro.com.ar\/noticias\/glosario-s\/\">S<\/a> \u2013<a href=\"https:\/\/sanipro.com.ar\/noticias\/glosario-t\/\">T<\/a>\u2013 <a href=\"https:\/\/sanipro.com.ar\/noticias\/glosario-u\/\">U<\/a> \u2013 <a href=\"https:\/\/sanipro.com.ar\/noticias\/glosario-v\/\">V<\/a> \u2013<a href=\"https:\/\/sanipro.com.ar\/noticias\/glosario-w\/\">W<\/a>\u2013 <a href=\"https:\/\/sanipro.com.ar\/noticias\/glosario-x\/\">X<\/a> \u2013 <a href=\"https:\/\/sanipro.com.ar\/noticias\/glosario-y\/\">Y<\/a> \u2013 <a href=\"https:\/\/sanipro.com.ar\/noticias\/glosario-z\/\">Z<\/a><\/p>\n\n\n\n<p><strong>H\u00e1bitat<\/strong>: (Del lat\u00edn habitare, habitar) nombre que se aplica para designar el lugar donde vive una especie.<\/p>\n\n\n\n<p><strong>Habitus<\/strong>:&nbsp;Cuerpo a la generaci\u00f3n, el aspecto general.<\/p>\n\n\n\n<p><strong>Halterio<\/strong>: Par de ap\u00e9ndices, capitados y m\u00f3viles, que reemplazan al segundo par de alas en Diptera. Balanc\u00edn.<\/p>\n\n\n\n<p><strong>Halterios<\/strong>: Par de ap\u00e9ndices, capitados y m\u00f3viles, que reemplazan al segundo par de alas en Diptera. Balanc\u00edn.<\/p>\n\n\n\n<p><strong>Hamuli<\/strong>: Procesos en forma de gancho. En Hymenoptera, peque\u00f1as cerdas en forma de gancho, insertas en el margen anterior del ala posterior que enganchan con el margen posterior del ala anterior, permitiendo el acoplamiento durante el vuelo. En Odonata, ver Genital, Hamulus. En ciertos Lepidoptera, peque\u00f1as espinas curvas como ganchos en el margen interno del ala anterior, que efect\u00faan el acoplamiento alar.<\/p>\n\n\n\n<p><strong>Haptolachus<\/strong>: En larvas de Coleoptera Scarabeidae, regi\u00f3n media posterior de la epifaringe, a continuaci\u00f3n del pedium y portadora de las nesia, el crepis y gran n\u00famero de sensilios.<\/p>\n\n\n\n<p><strong>Haptomerum<\/strong>: En larvas de Coleoptera Scarabeidae, regi\u00f3n media anterior entre la corypha y el pedium y portadora de los heli, el zygum y varios sensilios.<\/p>\n\n\n\n<p><strong>Harpagones<\/strong>: Procesos perif\u00e1licos m\u00f3viles del noveno ur\u00f3mero, que usualmente tienen funciones de sujeci\u00f3n durante la c\u00f3pula.<\/p>\n\n\n\n<p><strong>Haustelado<\/strong>: Apl\u00edcase a aquellos \u00f3rdenes de insectos que poseen su aparato bucal adaptado para la succi\u00f3n.<\/p>\n\n\n\n<p><strong>Haustellate<\/strong>.&nbsp;Adaptado para aspirar l\u00edquidos en lugar de morder los alimentos s\u00f3lidos.<\/p>\n\n\n\n<p><strong>Haustelo<\/strong>: Porci\u00f3n media de la proboscis de Diptera Muscoidea entre el rostro y los labelos. Apl\u00edcase tambi\u00e9n a la espiritrompa de Lepidoptera.<\/p>\n\n\n\n<p><strong>Eli<\/strong>: En larvas de Coleoptera Scarabeidae, espinas gruesas y romas que se observan en el haptomerum de la epifaringe.<\/p>\n\n\n\n<p><strong>Hel\u00f3cero<\/strong>: Con antenas clavadas.<\/p>\n\n\n\n<p><strong>Hemat\u00f3fagas<\/strong>:&nbsp;Alimentaci\u00f3n o que subsisten con sangre.<\/p>\n\n\n\n<p><strong>Hemat\u00f3fago<\/strong>: Que se alimenta de sangre o que elabora su alimento a partir de la misma.<\/p>\n\n\n\n<p><strong>Hemi\u00e9litro<\/strong>:&nbsp;(Del griego hemi, medio; \u00e9litros, estuche) ala cuya parte basal es cori\u00e1cea y la apical membranosa, caracter\u00edstica del primer par en insectos del orden Hemiptera.<\/p>\n\n\n\n<p><strong>Hemimetabola<\/strong>:&nbsp;insectos con metamorfosis simple, sin estado de pupa.<\/p>\n\n\n\n<p><strong>Hemimet\u00e1bolos<\/strong>:&nbsp;Tener una metamorfosis incompleta, sin estado de pupa en la historia de la vida.<\/p>\n\n\n\n<p><strong>Hemoc\u00e9lica<\/strong>, <strong>Viviparidad<\/strong>: Tipo de viviparidad frecuente en especies pedogen\u00e9ticas por la cual las formas j\u00f3venes eclosionan en la cavidad general del cuerpo de la hembra, se alimentan de los tejidos maternos y salen luego al exterior a trav\u00e9s del tegumento.<\/p>\n\n\n\n<p><strong>Hemocito<\/strong>: Corp\u00fasculo o c\u00e9lula sangu\u00ednea que junto con la hemolinfa representan los componentes fundamentales de la sangre de los insectos.<\/p>\n\n\n\n<p><strong>Hemolinfa<\/strong>:&nbsp;El plasma sangu\u00edneo o una parte l\u00edquida de la sangre, aunque suele ser sin\u00f3nimo de la sangre de los insectos.<\/p>\n\n\n\n<p><strong>Hermafrodita<\/strong>:&nbsp;Contengan los \u00f3rganos sexuales de ambos sexos en un solo individuo.<\/p>\n\n\n\n<p><strong>Heter\u00f3fago<\/strong>: Que ingiere variados alimentos.<\/p>\n\n\n\n<p><strong>Heterogamia<\/strong>: Alternancia de generaciones.<\/p>\n\n\n\n<p><strong>Heterogina<\/strong>: Entre las hormigas, una especie que presenta las hembras distintas de los machos.<\/p>\n\n\n\n<p><strong>Heter\u00f3mero<\/strong>: Que tiene distinto n\u00famero de tars\u00f3meros en cada par de patas.<\/p>\n\n\n\n<p><strong>Heteromerous<\/strong>:&nbsp;(De escarabajos) con un n\u00famero desigual de los segmentos tarsales en los tres pares de patas.<\/p>\n\n\n\n<p><strong>Heteropartenog\u00e9nesis<\/strong>: Tipo de partenog\u00e9nesis por la cual se alternan regular o irregularmente generaciones sexuadas y partenogen\u00e9ticas. Tambi\u00e9n llamada partenog\u00e9nesis c\u00edclica.<\/p>\n\n\n\n<p><strong>Heter\u00f3ptero<\/strong>: \u201d (del lat\u00edn hetero, distinto, variado; pteron, alas) insecto con alas cuya textura var\u00eda en distintas partes.\u201d<\/p>\n\n\n\n<p><strong>Hetronom\u00eda<\/strong>: Segmentaci\u00f3n con somitos desiguales.<\/p>\n\n\n\n<p><strong>Hexacloruro<\/strong> <strong>de benceno<\/strong>: (nombre qu\u00edmico) o CSF.&nbsp;(Nombre com\u00fan).&nbsp;Un insecticida sint\u00e9tico, un hidrocarburo clorado, 1,2,3,4,5,6-hexachlorocvclohexane de mezcla de is\u00f3meros, ligeramente m\u00e1s t\u00f3xicos para los mam\u00edferos que el DDT, oral aguda LD51 para las ratas alrededor de 200 mg \/ kg; fitotoxicidad: m\u00e1s t\u00f3xicos que el DDT , interfiere con la germinaci\u00f3n, suprime el crecimiento y reduce los rendimientos, salvo en baja concentraci\u00f3n; cultivo de ciertas plantas, como la papa absorber\u00e1 BHC crudo con contaminar consiguiente de los tub\u00e9rculos.<\/p>\n\n\n\n<p><strong>Hex\u00e1podo<\/strong>:&nbsp;Un animal que posee seis patas, m\u00e1s concretamente el grupo de padres que contiene insectos y sus parientes cercanos.<\/p>\n\n\n\n<p><strong>Hialina<\/strong>:&nbsp;Transparente e incolora, como las alas de la mayor\u00eda de las lib\u00e9lulas.<\/p>\n\n\n\n<p><strong>Hibernaci\u00f3n<\/strong>: Latencia durante el invierno.<\/p>\n\n\n\n<p><strong>Hidratos<\/strong> <strong>de carbono<\/strong>:&nbsp;Cualquiera de un grupo de compuestos neutros formados por carbono, hidr\u00f3geno y ox\u00edgeno, por ejemplo, el az\u00facar, el almid\u00f3n, la celulosa.<\/p>\n\n\n\n<p><strong>Hidrocorizo<\/strong>: Insecto hem\u00edptero acu\u00e1tico.<\/p>\n\n\n\n<p><strong>Hidr\u00f3fila<\/strong>: Que requiere abundante disponibilidad de agua. Organismos que habitan ambientes h\u00famedos.<\/p>\n\n\n\n<p><strong>Hidr\u00f3filas<\/strong>: Que requiere abundante disponibilidad de agua. Organismos que habitan ambientes h\u00famedos.<\/p>\n\n\n\n<p><strong>Hidr\u00f3filo<\/strong>: Que requiere abundante disponibilidad de agua. Organismos que habitan ambientes h\u00famedos.<\/p>\n\n\n\n<p><strong>Hidr\u00f3filos<\/strong>: Que requiere abundante disponibilidad de agua. Organismos que habitan ambientes h\u00famedos.<\/p>\n\n\n\n<p><strong>Himen\u00f3ptero<\/strong>: \u201d (del griego hymenion, membranita; pteron, alas) insecto con dos pares de alas menbranosas y peque\u00f1as, y aparato bucal masticador o lamedor, como las hormigas, abejas y avispas. Forman el orden Hymenoptera.\u201d<\/p>\n\n\n\n<p><strong>Hipermetabolia<\/strong>: Tipo de metamorfosis completa que se caracteriza por presentar, a trav\u00e9s de los distintos estad\u00edos larvales, formas dis\u00edmiles.<\/p>\n\n\n\n<p><strong>Hipermet\u00e1bolo<\/strong>: Insecto con metamorfosis completa de tipo hipermetabolia.<\/p>\n\n\n\n<p><strong>Hipermetamorfosis<\/strong>:&nbsp;Un tipo de historia de vida en el que las larvas adopta dos o m\u00e1s formas diferentes durante su desarrollo.<\/p>\n\n\n\n<p><strong>Hiperpar\u00e1sito<\/strong>: Par\u00e1sito de otro par\u00e1sito.<\/p>\n\n\n\n<p><strong>Hipnodia<\/strong>: Letargo. Detenci\u00f3n del desarrollo sin que se produzcan fen\u00f3menos de hist\u00f3lisis e histog\u00e9nesis y que se observa en larvas de Coleoptera Meloidae.<\/p>\n\n\n\n<p><strong>Hipodermis<\/strong>: Capa celular del tegumento situada debajo de la cut\u00edcula. Epidermis.<\/p>\n\n\n\n<p><strong>Hipofaringe<\/strong>: L\u00f3bulo medio ubicado en la cavidad oral sobre la cara interna del labio, semejando una lengua, y que cumple funciones sensoriales.<\/p>\n\n\n\n<p><strong>Hip\u00f3gea<\/strong>: Especie que vive o pasa largo tiempo debajo de la superficie de la tierra.<\/p>\n\n\n\n<p><strong>Hipognato<\/strong>: Que tiene la cabeza vertical con las piezas bucales dirigidas hacia abajo, es decir, que el eje cef\u00e1lico forma un \u00e1ngulo recto con el eje del cuerpo.<\/p>\n\n\n\n<p><strong>Hipometabolia<\/strong>: Tipo de metamorfosis incompleta que se caracteriza por tener un periodo de inmovilidad ninfal y ninfas generalmente hipod\u00e1ficas.<\/p>\n\n\n\n<p><strong>Hipopigio<\/strong>: En los machos de algunos Diptera, el noveno segmento abdominal en forma de placa no esclerosada que representa la pieza basal del \u00f3rgano copulador.<\/p>\n\n\n\n<p><strong>Hipopleura<\/strong>: En d\u00edpteros, la porci\u00f3n inferior del ep\u00edmero del mesot\u00f3rax.<\/p>\n\n\n\n<p><strong>Hipopleural<\/strong>: Relativo o perteneciente a la hipopleura.<\/p>\n\n\n\n<p><strong>Hipostoma<\/strong>: Parte estrecha del \u00e1rea subgenal de la cabeza por detr\u00e1s de la mand\u00edbula.<\/p>\n\n\n\n<p><strong>Histerosoma<\/strong>:&nbsp;En los \u00e1caros, la parte posterior del cuerpo cuando hay una demarcaci\u00f3n de cuerpo entre el tercero y el segundo par de patas.<\/p>\n\n\n\n<p><strong>Histoblasto<\/strong>: Grupo de c\u00e9lulas diminutas de origen embrional, presentes en los insectos de metamorfosis completa, a partir de las cuales se originar\u00e1n durante la puposis \u00f3rganos y ap\u00e9ndices del futuro adulto.<\/p>\n\n\n\n<p><strong>Histog\u00e9nesis<\/strong>: Generaci\u00f3n o formaci\u00f3n de tejidos imaginales en la pupa.<\/p>\n\n\n\n<p><strong>Hist\u00f3lisis<\/strong>: Destrucci\u00f3n y\/o disoluci\u00f3n de tejidos larvarios durante el periodo pupal.<\/p>\n\n\n\n<p><strong>Histosiphon<\/strong>:&nbsp;Igual que el tubo de stylostome.The formada por el hu\u00e9sped como consecuencia de la alimentaci\u00f3n de una nigua secretar fluidos salivales, la nigua parcialmente digiere tejidos de la piel, lo que induce el host para formar un tubo prote\u00ednico aislar a la lesi\u00f3n.<\/p>\n\n\n\n<p><strong>Holometabola<\/strong>:&nbsp;Los insectos m\u00e1s alta que han compleja metamorfosis.<\/p>\n\n\n\n<p><strong>Holometabolia<\/strong>: Tipo de metamorfosis completa que se caracteriza porque las formas larvales son similares entre s\u00ed, a trav\u00e9s de los distintos estad\u00edos.<\/p>\n\n\n\n<p><strong>Holomet\u00e1bolo<\/strong>: Insecto con metamorfosis completa de tipo holometabolia.<\/p>\n\n\n\n<p><strong>Holomet\u00e1bolos<\/strong>: Insecto con metamorfosis completa de tipo holometabolia.<\/p>\n\n\n\n<p><strong>Hol\u00f3ptico<\/strong>: En d\u00edpteros, disposici\u00f3n de los ojos compuestos en la que \u00e9stos est\u00e1n contiguos, dividiendo a la frente en una parte superior y otra inferior.<\/p>\n\n\n\n<p><strong>Holotipo<\/strong>: El esp\u00e9cimen tipo de una especie es el insecto real de que la descripci\u00f3n original de esta especie se haya producido.&nbsp;Si las muestras se utilizaron varias para este prop\u00f3sito, una de ellas deber\u00edan haber sido designado como el tipo.&nbsp;Debido a que el tipo puede ser de un solo sexo, es usual para designar a un determinado individuo del sexo opuesto como el alotipo.&nbsp;El esp\u00e9cimen tipo original se llama entonces el holotipo.&nbsp;Estos \u201cespec\u00edmenes tipo son muy importantes en la taxonom\u00eda y clasificaci\u00f3n.<\/p>\n\n\n\n<p><strong>Hom\u00f3loga<\/strong>: \u00d3rganos o piezas que se exhiben similitud en su estructura, en la posici\u00f3n con referencia a otras partes, y en el modo de desarrollo, pero necesariamente no similitud de la funci\u00f3n, se dice que son hom\u00f3logas.<\/p>\n\n\n\n<p><strong>Hom\u00f3nimo<\/strong>: Un nombre cient\u00edfico que se ha dado a dos especies diferentes.&nbsp;Cuando tal caso sale a la luz una de las especies se debe dar otro nombre.<\/p>\n\n\n\n<p><strong>Homonom\u00eda<\/strong>: Segmentaci\u00f3n con somitos iguales.<\/p>\n\n\n\n<p><strong>Homopartenog\u00e9nesis<\/strong>: Ver Isopartenog\u00e9nesis.<\/p>\n\n\n\n<p><strong>Hom\u00f3pteros<\/strong> (Homoptera): Orden de la clase Insecta que incluye a las cigarras y a los \u00e1fidos. Aparato bucal chupador y pico que se proyecta desde la parte posterior de la cabeza. Con dos pares de alas membranosas, Algunas especies poseen \u00f3rganos productores de sonido. Presentan metamorfosis gradual, algunas veces completa en los machos de algunas especies. Algunas especies son da\u00f1inas para la agricultura.<\/p>\n\n\n\n<p><strong>Hormiga<\/strong>: Nombre com\u00fan de insecto social del orden Hymenoptera, muy com\u00fan, sobre todo en ambientes secos y c\u00e1lidos.<\/p>\n\n\n\n<p><strong>Hormonas<\/strong>:&nbsp;Una sustancia qu\u00edmica formada en alg\u00fan \u00f3rgano del cuerpo, secretada directamente en la sangre, y llevado a otro \u00f3rgano o tejido donde se produce un efecto espec\u00edfico.<\/p>\n\n\n\n<p><strong>Hu\u00e9sped<\/strong> <strong>intermediario<\/strong>:&nbsp;El host que alberga los estados inmaduros o las fases asexual de un par\u00e1sito, un organismo independiente a la que alberga el estado sexual.<\/p>\n\n\n\n<p><strong>Huevo<\/strong>: Primer estado del desarrollo de los insectos. C\u00e9lula resultante de la uni\u00f3n de los gametos y que por divisi\u00f3n celular producir\u00e1 un nuevo ser.<\/p>\n\n\n\n<p><strong>Humeral<\/strong>: Relativo o perteneciente al \u00e1rea del \u00e1ngulo de la base del margen costal del ala (\u00e1ngulo humeral).<\/p>\n\n\n\n<p><strong>Hymenoptera<\/strong>: \u201d (Del griego hymenion, membranita; pteron, alas) orden de insectos con dos pares de alas peque\u00f1as y membranosas, y aparato bucal masticador o lamedor, como las abejas, avispas y hormigas.\u201d<\/p>\n\n\n\n<p><strong>Hypandrium<\/strong>: La placa subgenital del macho.<\/p>\n\n\n\n<p><strong>Hypognathous<\/strong>:&nbsp;Tener una cabeza vertical y la cara con la boca-partes en el fondo.<\/p>\n\n\n\n<p><strong>Hypopleural<\/strong> <strong>Cerdas<\/strong>:&nbsp;Una hilera de cerdas curvadas en la parte del t\u00f3rax de algunos verdaderas moscas justo debajo y al frente de la haltera y por encima de la base de la pata trasera.<\/p>\n","protected":false},"excerpt":{"rendered":"<p>A \u2013 B \u2013 C \u2013 D \u2013 E \u2013 F \u2013 G \u2013 H<\/p>\n","protected":false},"author":1,"featured_media":0,"parent":0,"menu_order":0,"comment_status":"closed","ping_status":"closed","template":"","meta":{"footnotes":""},"class_list":["post-549","page","type-page","status-publish","hentry","comments-off"],"yoast_head":"<!-- This site is optimized with the Yoast SEO plugin v19.9 - https:\/\/yoast.com\/wordpress\/plugins\/seo\/ -->\n<title>GLOSARIO - Letra H - Sanipro<\/title>\n<meta name=\"robots\" content=\"index, follow, max-snippet:-1, max-image-preview:large, max-video-preview:-1\" \/>\n<link rel=\"canonical\" href=\"https:\/\/sanipro.com.ar\/noticias\/glosario-h\/\" \/>\n<meta property=\"og:locale\" content=\"es_ES\" \/>\n<meta property=\"og:type\" content=\"article\" \/>\n<meta property=\"og:title\" content=\"GLOSARIO - Letra H - Sanipro\" \/>\n<meta property=\"og:description\" content=\"A \u2013 B \u2013 C \u2013 D \u2013 E \u2013 F \u2013 G \u2013 H\" \/>\n<meta property=\"og:url\" content=\"https:\/\/sanipro.com.ar\/noticias\/glosario-h\/\" \/>\n<meta property=\"og:site_name\" content=\"Sanipro\" \/>\n<meta name=\"twitter:card\" content=\"summary_large_image\" \/>\n<meta name=\"twitter:label1\" content=\"Tiempo de lectura\" \/>\n\t<meta name=\"twitter:data1\" content=\"9 minutos\" \/>\n<script type=\"application\/ld+json\" class=\"yoast-schema-graph\">{\"@context\":\"https:\/\/schema.org\",\"@graph\":[{\"@type\":\"WebPage\",\"@id\":\"https:\/\/sanipro.com.ar\/noticias\/glosario-h\/\",\"url\":\"https:\/\/sanipro.com.ar\/noticias\/glosario-h\/\",\"name\":\"GLOSARIO - Letra H - Sanipro\",\"isPartOf\":{\"@id\":\"https:\/\/sanipro.com.ar\/noticias\/#website\"},\"datePublished\":\"2022-02-23T18:57:39+00:00\",\"dateModified\":\"2022-02-23T18:57:39+00:00\",\"breadcrumb\":{\"@id\":\"https:\/\/sanipro.com.ar\/noticias\/glosario-h\/#breadcrumb\"},\"inLanguage\":\"es-AR\",\"potentialAction\":[{\"@type\":\"ReadAction\",\"target\":[\"https:\/\/sanipro.com.ar\/noticias\/glosario-h\/\"]}]},{\"@type\":\"BreadcrumbList\",\"@id\":\"https:\/\/sanipro.com.ar\/noticias\/glosario-h\/#breadcrumb\",\"itemListElement\":[{\"@type\":\"ListItem\",\"position\":1,\"name\":\"Inicio\",\"item\":\"https:\/\/sanipro.com.ar\/noticias\/\"},{\"@type\":\"ListItem\",\"position\":2,\"name\":\"GLOSARIO &#8211; Letra H\"}]},{\"@type\":\"WebSite\",\"@id\":\"https:\/\/sanipro.com.ar\/noticias\/#website\",\"url\":\"https:\/\/sanipro.com.ar\/noticias\/\",\"name\":\"Sanipro\",\"description\":\"Sanidad profesional\",\"publisher\":{\"@id\":\"https:\/\/sanipro.com.ar\/noticias\/#organization\"},\"potentialAction\":[{\"@type\":\"SearchAction\",\"target\":{\"@type\":\"EntryPoint\",\"urlTemplate\":\"https:\/\/sanipro.com.ar\/noticias\/?s={search_term_string}\"},\"query-input\":\"required name=search_term_string\"}],\"inLanguage\":\"es-AR\"},{\"@type\":\"Organization\",\"@id\":\"https:\/\/sanipro.com.ar\/noticias\/#organization\",\"name\":\"Sanipro\",\"url\":\"https:\/\/sanipro.com.ar\/noticias\/\",\"logo\":{\"@type\":\"ImageObject\",\"inLanguage\":\"es-AR\",\"@id\":\"https:\/\/sanipro.com.ar\/noticias\/#\/schema\/logo\/image\/\",\"url\":\"https:\/\/sanipro.com.ar\/noticias\/wp-content\/uploads\/2022\/02\/cropped-LOGO-noticias.fw_-1.png\",\"contentUrl\":\"https:\/\/sanipro.com.ar\/noticias\/wp-content\/uploads\/2022\/02\/cropped-LOGO-noticias.fw_-1.png\",\"width\":250,\"height\":79,\"caption\":\"Sanipro\"},\"image\":{\"@id\":\"https:\/\/sanipro.com.ar\/noticias\/#\/schema\/logo\/image\/\"}}]}<\/script>\n<!-- \/ Yoast SEO plugin. -->","yoast_head_json":{"title":"GLOSARIO - Letra H - Sanipro","robots":{"index":"index","follow":"follow","max-snippet":"max-snippet:-1","max-image-preview":"max-image-preview:large","max-video-preview":"max-video-preview:-1"},"canonical":"https:\/\/sanipro.com.ar\/noticias\/glosario-h\/","og_locale":"es_ES","og_type":"article","og_title":"GLOSARIO - Letra H - Sanipro","og_description":"A \u2013 B \u2013 C \u2013 D \u2013 E \u2013 F \u2013 G \u2013 H","og_url":"https:\/\/sanipro.com.ar\/noticias\/glosario-h\/","og_site_name":"Sanipro","twitter_card":"summary_large_image","twitter_misc":{"Tiempo de lectura":"9 minutos"},"schema":{"@context":"https:\/\/schema.org","@graph":[{"@type":"WebPage","@id":"https:\/\/sanipro.com.ar\/noticias\/glosario-h\/","url":"https:\/\/sanipro.com.ar\/noticias\/glosario-h\/","name":"GLOSARIO - Letra H - Sanipro","isPartOf":{"@id":"https:\/\/sanipro.com.ar\/noticias\/#website"},"datePublished":"2022-02-23T18:57:39+00:00","dateModified":"2022-02-23T18:57:39+00:00","breadcrumb":{"@id":"https:\/\/sanipro.com.ar\/noticias\/glosario-h\/#breadcrumb"},"inLanguage":"es-AR","potentialAction":[{"@type":"ReadAction","target":["https:\/\/sanipro.com.ar\/noticias\/glosario-h\/"]}]},{"@type":"BreadcrumbList","@id":"https:\/\/sanipro.com.ar\/noticias\/glosario-h\/#breadcrumb","itemListElement":[{"@type":"ListItem","position":1,"name":"Inicio","item":"https:\/\/sanipro.com.ar\/noticias\/"},{"@type":"ListItem","position":2,"name":"GLOSARIO &#8211; Letra H"}]},{"@type":"WebSite","@id":"https:\/\/sanipro.com.ar\/noticias\/#website","url":"https:\/\/sanipro.com.ar\/noticias\/","name":"Sanipro","description":"Sanidad profesional","publisher":{"@id":"https:\/\/sanipro.com.ar\/noticias\/#organization"},"potentialAction":[{"@type":"SearchAction","target":{"@type":"EntryPoint","urlTemplate":"https:\/\/sanipro.com.ar\/noticias\/?s={search_term_string}"},"query-input":"required name=search_term_string"}],"inLanguage":"es-AR"},{"@type":"Organization","@id":"https:\/\/sanipro.com.ar\/noticias\/#organization","name":"Sanipro","url":"https:\/\/sanipro.com.ar\/noticias\/","logo":{"@type":"ImageObject","inLanguage":"es-AR","@id":"https:\/\/sanipro.com.ar\/noticias\/#\/schema\/logo\/image\/","url":"https:\/\/sanipro.com.ar\/noticias\/wp-content\/uploads\/2022\/02\/cropped-LOGO-noticias.fw_-1.png","contentUrl":"https:\/\/sanipro.com.ar\/noticias\/wp-content\/uploads\/2022\/02\/cropped-LOGO-noticias.fw_-1.png","width":250,"height":79,"caption":"Sanipro"},"image":{"@id":"https:\/\/sanipro.com.ar\/noticias\/#\/schema\/logo\/image\/"}}]}},"_links":{"self":[{"href":"https:\/\/sanipro.com.ar\/noticias\/wp-json\/wp\/v2\/pages\/549","targetHints":{"allow":["GET"]}}],"collection":[{"href":"https:\/\/sanipro.com.ar\/noticias\/wp-json\/wp\/v2\/pages"}],"about":[{"href":"https:\/\/sanipro.com.ar\/noticias\/wp-json\/wp\/v2\/types\/page"}],"author":[{"embeddable":true,"href":"https:\/\/sanipro.com.ar\/noticias\/wp-json\/wp\/v2\/users\/1"}],"replies":[{"embeddable":true,"href":"https:\/\/sanipro.com.ar\/noticias\/wp-json\/wp\/v2\/comments?post=549"}],"version-history":[{"count":1,"href":"https:\/\/sanipro.com.ar\/noticias\/wp-json\/wp\/v2\/pages\/549\/revisions"}],"predecessor-version":[{"id":550,"href":"https:\/\/sanipro.com.ar\/noticias\/wp-json\/wp\/v2\/pages\/549\/revisions\/550"}],"wp:attachment":[{"href":"https:\/\/sanipro.com.ar\/noticias\/wp-json\/wp\/v2\/media?parent=549"}],"curies":[{"name":"wp","href":"https:\/\/api.w.org\/{rel}","templated":true}]}}