{"id":551,"date":"2022-02-23T16:00:25","date_gmt":"2022-02-23T19:00:25","guid":{"rendered":"https:\/\/www.saniprosrl.com.ar\/noticias\/?page_id=551"},"modified":"2022-02-23T16:00:25","modified_gmt":"2022-02-23T19:00:25","slug":"glosario-i","status":"publish","type":"page","link":"https:\/\/sanipro.com.ar\/noticias\/glosario-i\/","title":{"rendered":"GLOSARIO &#8211; letra I"},"content":{"rendered":"\n<p><a href=\"https:\/\/sanipro.com.ar\/noticias\/glosario\/\">A<\/a> \u2013 <a href=\"https:\/\/sanipro.com.ar\/noticias\/glosario-b\/\">B<\/a> \u2013 <a href=\"https:\/\/sanipro.com.ar\/noticias\/glosario-c\/\">C<\/a> \u2013 <a href=\"https:\/\/sanipro.com.ar\/noticias\/glosario-d\/\">D<\/a> \u2013 <a href=\"https:\/\/sanipro.com.ar\/noticias\/glosario-e\/\">E<\/a> \u2013 <a href=\"https:\/\/sanipro.com.ar\/noticias\/glosario-f\/\">F<\/a> \u2013 <a href=\"https:\/\/sanipro.com.ar\/noticias\/glosario-g\/\">G<\/a> \u2013 <a href=\"https:\/\/sanipro.com.ar\/noticias\/glosario-h\/\">H<\/a> \u2013 <a href=\"https:\/\/sanipro.com.ar\/noticias\/glosario-i\/\">I<\/a> \u2013 <a href=\"https:\/\/sanipro.com.ar\/noticias\/glosario-j\/\">J<\/a> \u2013<a href=\"https:\/\/sanipro.com.ar\/noticias\/glosario-k\/\">K<\/a>\u2013 <a href=\"https:\/\/sanipro.com.ar\/noticias\/glosario-l\/\">L<\/a> \u2013 <a href=\"https:\/\/sanipro.com.ar\/noticias\/glosario-m\/\">M<\/a> \u2013 <a href=\"https:\/\/sanipro.com.ar\/noticias\/glosario-n\/\">N<\/a> \u2013 <a href=\"https:\/\/sanipro.com.ar\/noticias\/glosario-o\/\">O<\/a> \u2013 <a href=\"https:\/\/sanipro.com.ar\/noticias\/glosario-p\/\">P<\/a> \u2013 <a href=\"https:\/\/sanipro.com.ar\/noticias\/glosario-q\/\">Q<\/a> \u2013 <a href=\"https:\/\/sanipro.com.ar\/noticias\/glosario-r\/\">R<\/a> \u2013 <a href=\"https:\/\/sanipro.com.ar\/noticias\/glosario-s\/\">S<\/a> \u2013<a href=\"https:\/\/sanipro.com.ar\/noticias\/glosario-t\/\">T<\/a>\u2013 <a href=\"https:\/\/sanipro.com.ar\/noticias\/glosario-u\/\">U<\/a> \u2013 <a href=\"https:\/\/sanipro.com.ar\/noticias\/glosario-v\/\">V<\/a> \u2013<a href=\"https:\/\/sanipro.com.ar\/noticias\/glosario-w\/\">W<\/a>\u2013 <a href=\"https:\/\/sanipro.com.ar\/noticias\/glosario-x\/\">X<\/a> \u2013 <a href=\"https:\/\/sanipro.com.ar\/noticias\/glosario-y\/\">Y<\/a> \u2013 <a href=\"https:\/\/sanipro.com.ar\/noticias\/glosario-z\/\">Z<\/a><\/p>\n\n\n\n<p><strong>\u00cdleon<\/strong>: Parte superior o primera del proctodeo, ubicada entre el p\u00edloro y el colon.<\/p>\n\n\n\n<p><strong>Imaginaci\u00f3n<\/strong>: Aparici\u00f3n del insecto adulto, ya sea a partir de una pupa o de una ninfa.<\/p>\n\n\n\n<p><strong>Imaginal<\/strong>, <strong>Disco<\/strong>: Ver Histoblasto<\/p>\n\n\n\n<p><strong>Imaginal<\/strong>, <strong>Estado<\/strong>: Estado adulto o de insecto perfecto.<\/p>\n\n\n\n<p><strong>lmago<\/strong>:&nbsp;El insecto adulto (imagina Plural)<\/p>\n\n\n\n<p><strong>Incompleta<\/strong>, <strong>Metamorfosis<\/strong>: Apl\u00edcase a la ontogenia de aquellos insectos que pasan por los estados de huevo, ninfa y adulto.<\/p>\n\n\n\n<p><strong>Incompleta<\/strong>, <strong>Pupa<\/strong>: Tipo de pupa que se caracteriza por tener las podotecas y pterotecas parcialmente adheridas al cuerpo.<\/p>\n\n\n\n<p><strong>Infraesof\u00e1gico<\/strong>, <strong>Ganglio<\/strong>: Ganglio del sistema nervioso central formado por la uni\u00f3n de los primitivos ganglios de la regi\u00f3n gnatal, del cual parten prolongaciones que inervan las mand\u00edbulas, las maxilas, la hipofaringe, el labio, los conductos salivales y algunos m\u00fasculos del cuello.<\/p>\n\n\n\n<p><strong>Ingluvio<\/strong>: Buche de las aves<\/p>\n\n\n\n<p><strong>Inquilinismo<\/strong>: Asociaci\u00f3n en la que un organismo, el inquilino, se ubica en el interior de los tejidos o se refugia en las cavidades naturales o abrigos creados por otro, sin ocasionarle perjuicio alguno.<\/p>\n\n\n\n<p><strong>Insecta<\/strong>:&nbsp;\u201cclase\u201d de la \u201cphylum A \u2018Arthropoda, que se distingue por los adultos que tienen tres regiones del cuerpo: cabeza, t\u00f3rax y abdomen, y haciendo que el t\u00f3rax de tres segmentos y cada segmento lleva un par de piernas.<\/p>\n\n\n\n<p><strong>Insectario<\/strong>: Lugar o edificio destinado a la cr\u00eda, multiplicaci\u00f3n y estudio de los insectos.<\/p>\n\n\n\n<p><strong>Insecticida<\/strong>: \u201d (del lat\u00edn insectum, insecto; caedere, matar) d\u00edcese de los productos o agentes que sirven para matar insectos.\u201d<\/p>\n\n\n\n<p><strong>Insect\u00edvoro<\/strong>: Que se alimenta de insectos.<\/p>\n\n\n\n<p><strong>Insecto<\/strong>: \u201d (del lat\u00edn in, en; sectum, seccionado) artr\u00f3podo caracterizado en general por poseer tres pares de patas articuladas, uno o dos pares de alas y el cuerpo dividido en tres regiones (cabeza, t\u00f3rax y abdomen) y cubierto de quitina. Constituyen el grupo m\u00e1s numeroso y difundido del reino animal.\u201d<\/p>\n\n\n\n<p><strong>Instar<\/strong>:&nbsp;La etapa en la historia de vida de un insecto entre dos mudas.&nbsp;Un insecto reci\u00e9n nacido que a\u00fan no se muda se dice que es un estadio primera ninfa o larva. El adulto (imago) es el estadio final.<\/p>\n\n\n\n<p><strong>Intercalares<\/strong> <strong>vena<\/strong>:&nbsp;Una vena longitudinal adicional, se plantean en el margen del ala y hacia el interior en marcha, pero que no est\u00e1n directamente conectados a cualquiera de las venas principales.<\/p>\n\n\n\n<p><strong>Intermedia<\/strong>, <strong>Metamorfosis<\/strong>: Tipo de metamorfosis de transici\u00f3n entre las metamorfosis incompleta y completa. Neometabolia.<\/p>\n\n\n\n<p><strong>Intersegmental<\/strong>, <strong>Membrana<\/strong>: Porci\u00f3n del tegumento, delgada, flexible y no esclerosada, que une dos segmentos o somitos del cuerpo.<\/p>\n\n\n\n<p><strong>Intestino<\/strong>: El tubo digestivo como un todo. Espec\u00edficamente, el proctodeo.<\/p>\n\n\n\n<p><strong>Intestino<\/strong> <strong>posterior<\/strong>:&nbsp;La parte posterior del tubo digestivo entre el intestino medio y el ano.<\/p>\n\n\n\n<p><strong>\u00cdntima<\/strong>: Revestimiento interno del intestino anterior y posterior constituido por la invaginaci\u00f3n de la cut\u00edcula. Revestimiento cuticular de la tr\u00e1quea.<\/p>\n\n\n\n<p><strong>Inverna<\/strong>: Detenci\u00f3n del desarrollo durante el invierno o en periodos prolongados de temperaturas bajas.<\/p>\n\n\n\n<p><strong>Invernaci\u00f3n<\/strong>: Detenci\u00f3n del desarrollo durante el invierno o en periodos prolongados de temperaturas bajas.<\/p>\n\n\n\n<p><strong>Invernar<\/strong>: Detenci\u00f3n del desarrollo durante el invierno o en periodos prolongados de temperaturas bajas.<\/p>\n\n\n\n<p><strong>Invertebrado<\/strong>: \u201d (del lat\u00edn in, privativo; vertebra, v\u00e9rtebra) d\u00edcese de los animales que carecen de columna vertebral y huesos en general. Opuesto a verteberados.\u201d<\/p>\n\n\n\n<p><strong>Is\u00f3mero<\/strong>: Que tiene igual n\u00famero de tars\u00f3meros en los tres pares de patas.<\/p>\n\n\n\n<p><strong>Isopartenog\u00e9nesis<\/strong>: Tipo de partenog\u00e9nesis que se caracteriza porque la descendencia es siempre de hembras. Tambi\u00e9n llamada constante, normal u homopartenog\u00e9nesis telit\u00f3quica.<\/p>\n\n\n\n<p><strong>Isquiopodito<\/strong>: Tercer segmento de un ap\u00e9ndice de los artr\u00f3podos. En insectos, el segundo troc\u00e1nter.<\/p>\n","protected":false},"excerpt":{"rendered":"<p>A \u2013 B \u2013 C \u2013 D \u2013 E \u2013 F \u2013 G \u2013 H<\/p>\n","protected":false},"author":1,"featured_media":0,"parent":0,"menu_order":0,"comment_status":"closed","ping_status":"closed","template":"","meta":{"footnotes":""},"class_list":["post-551","page","type-page","status-publish","hentry","comments-off"],"yoast_head":"<!-- This site is optimized with the Yoast SEO plugin v19.9 - https:\/\/yoast.com\/wordpress\/plugins\/seo\/ -->\n<title>GLOSARIO - letra I - Sanipro<\/title>\n<meta name=\"robots\" content=\"index, follow, max-snippet:-1, max-image-preview:large, max-video-preview:-1\" \/>\n<link rel=\"canonical\" href=\"https:\/\/sanipro.com.ar\/noticias\/glosario-i\/\" \/>\n<meta property=\"og:locale\" content=\"es_ES\" \/>\n<meta property=\"og:type\" content=\"article\" \/>\n<meta property=\"og:title\" content=\"GLOSARIO - letra I - Sanipro\" \/>\n<meta property=\"og:description\" content=\"A \u2013 B \u2013 C \u2013 D \u2013 E \u2013 F \u2013 G \u2013 H\" \/>\n<meta property=\"og:url\" content=\"https:\/\/sanipro.com.ar\/noticias\/glosario-i\/\" \/>\n<meta property=\"og:site_name\" content=\"Sanipro\" \/>\n<meta name=\"twitter:card\" content=\"summary_large_image\" \/>\n<meta name=\"twitter:label1\" content=\"Tiempo de lectura\" \/>\n\t<meta name=\"twitter:data1\" content=\"3 minutos\" \/>\n<script type=\"application\/ld+json\" class=\"yoast-schema-graph\">{\"@context\":\"https:\/\/schema.org\",\"@graph\":[{\"@type\":\"WebPage\",\"@id\":\"https:\/\/sanipro.com.ar\/noticias\/glosario-i\/\",\"url\":\"https:\/\/sanipro.com.ar\/noticias\/glosario-i\/\",\"name\":\"GLOSARIO - letra I - Sanipro\",\"isPartOf\":{\"@id\":\"https:\/\/sanipro.com.ar\/noticias\/#website\"},\"datePublished\":\"2022-02-23T19:00:25+00:00\",\"dateModified\":\"2022-02-23T19:00:25+00:00\",\"breadcrumb\":{\"@id\":\"https:\/\/sanipro.com.ar\/noticias\/glosario-i\/#breadcrumb\"},\"inLanguage\":\"es-AR\",\"potentialAction\":[{\"@type\":\"ReadAction\",\"target\":[\"https:\/\/sanipro.com.ar\/noticias\/glosario-i\/\"]}]},{\"@type\":\"BreadcrumbList\",\"@id\":\"https:\/\/sanipro.com.ar\/noticias\/glosario-i\/#breadcrumb\",\"itemListElement\":[{\"@type\":\"ListItem\",\"position\":1,\"name\":\"Inicio\",\"item\":\"https:\/\/sanipro.com.ar\/noticias\/\"},{\"@type\":\"ListItem\",\"position\":2,\"name\":\"GLOSARIO &#8211; letra I\"}]},{\"@type\":\"WebSite\",\"@id\":\"https:\/\/sanipro.com.ar\/noticias\/#website\",\"url\":\"https:\/\/sanipro.com.ar\/noticias\/\",\"name\":\"Sanipro\",\"description\":\"Sanidad profesional\",\"publisher\":{\"@id\":\"https:\/\/sanipro.com.ar\/noticias\/#organization\"},\"potentialAction\":[{\"@type\":\"SearchAction\",\"target\":{\"@type\":\"EntryPoint\",\"urlTemplate\":\"https:\/\/sanipro.com.ar\/noticias\/?s={search_term_string}\"},\"query-input\":\"required name=search_term_string\"}],\"inLanguage\":\"es-AR\"},{\"@type\":\"Organization\",\"@id\":\"https:\/\/sanipro.com.ar\/noticias\/#organization\",\"name\":\"Sanipro\",\"url\":\"https:\/\/sanipro.com.ar\/noticias\/\",\"logo\":{\"@type\":\"ImageObject\",\"inLanguage\":\"es-AR\",\"@id\":\"https:\/\/sanipro.com.ar\/noticias\/#\/schema\/logo\/image\/\",\"url\":\"https:\/\/sanipro.com.ar\/noticias\/wp-content\/uploads\/2022\/02\/cropped-LOGO-noticias.fw_-1.png\",\"contentUrl\":\"https:\/\/sanipro.com.ar\/noticias\/wp-content\/uploads\/2022\/02\/cropped-LOGO-noticias.fw_-1.png\",\"width\":250,\"height\":79,\"caption\":\"Sanipro\"},\"image\":{\"@id\":\"https:\/\/sanipro.com.ar\/noticias\/#\/schema\/logo\/image\/\"}}]}<\/script>\n<!-- \/ Yoast SEO plugin. -->","yoast_head_json":{"title":"GLOSARIO - letra I - Sanipro","robots":{"index":"index","follow":"follow","max-snippet":"max-snippet:-1","max-image-preview":"max-image-preview:large","max-video-preview":"max-video-preview:-1"},"canonical":"https:\/\/sanipro.com.ar\/noticias\/glosario-i\/","og_locale":"es_ES","og_type":"article","og_title":"GLOSARIO - letra I - Sanipro","og_description":"A \u2013 B \u2013 C \u2013 D \u2013 E \u2013 F \u2013 G \u2013 H","og_url":"https:\/\/sanipro.com.ar\/noticias\/glosario-i\/","og_site_name":"Sanipro","twitter_card":"summary_large_image","twitter_misc":{"Tiempo de lectura":"3 minutos"},"schema":{"@context":"https:\/\/schema.org","@graph":[{"@type":"WebPage","@id":"https:\/\/sanipro.com.ar\/noticias\/glosario-i\/","url":"https:\/\/sanipro.com.ar\/noticias\/glosario-i\/","name":"GLOSARIO - letra I - Sanipro","isPartOf":{"@id":"https:\/\/sanipro.com.ar\/noticias\/#website"},"datePublished":"2022-02-23T19:00:25+00:00","dateModified":"2022-02-23T19:00:25+00:00","breadcrumb":{"@id":"https:\/\/sanipro.com.ar\/noticias\/glosario-i\/#breadcrumb"},"inLanguage":"es-AR","potentialAction":[{"@type":"ReadAction","target":["https:\/\/sanipro.com.ar\/noticias\/glosario-i\/"]}]},{"@type":"BreadcrumbList","@id":"https:\/\/sanipro.com.ar\/noticias\/glosario-i\/#breadcrumb","itemListElement":[{"@type":"ListItem","position":1,"name":"Inicio","item":"https:\/\/sanipro.com.ar\/noticias\/"},{"@type":"ListItem","position":2,"name":"GLOSARIO &#8211; letra I"}]},{"@type":"WebSite","@id":"https:\/\/sanipro.com.ar\/noticias\/#website","url":"https:\/\/sanipro.com.ar\/noticias\/","name":"Sanipro","description":"Sanidad profesional","publisher":{"@id":"https:\/\/sanipro.com.ar\/noticias\/#organization"},"potentialAction":[{"@type":"SearchAction","target":{"@type":"EntryPoint","urlTemplate":"https:\/\/sanipro.com.ar\/noticias\/?s={search_term_string}"},"query-input":"required name=search_term_string"}],"inLanguage":"es-AR"},{"@type":"Organization","@id":"https:\/\/sanipro.com.ar\/noticias\/#organization","name":"Sanipro","url":"https:\/\/sanipro.com.ar\/noticias\/","logo":{"@type":"ImageObject","inLanguage":"es-AR","@id":"https:\/\/sanipro.com.ar\/noticias\/#\/schema\/logo\/image\/","url":"https:\/\/sanipro.com.ar\/noticias\/wp-content\/uploads\/2022\/02\/cropped-LOGO-noticias.fw_-1.png","contentUrl":"https:\/\/sanipro.com.ar\/noticias\/wp-content\/uploads\/2022\/02\/cropped-LOGO-noticias.fw_-1.png","width":250,"height":79,"caption":"Sanipro"},"image":{"@id":"https:\/\/sanipro.com.ar\/noticias\/#\/schema\/logo\/image\/"}}]}},"_links":{"self":[{"href":"https:\/\/sanipro.com.ar\/noticias\/wp-json\/wp\/v2\/pages\/551","targetHints":{"allow":["GET"]}}],"collection":[{"href":"https:\/\/sanipro.com.ar\/noticias\/wp-json\/wp\/v2\/pages"}],"about":[{"href":"https:\/\/sanipro.com.ar\/noticias\/wp-json\/wp\/v2\/types\/page"}],"author":[{"embeddable":true,"href":"https:\/\/sanipro.com.ar\/noticias\/wp-json\/wp\/v2\/users\/1"}],"replies":[{"embeddable":true,"href":"https:\/\/sanipro.com.ar\/noticias\/wp-json\/wp\/v2\/comments?post=551"}],"version-history":[{"count":1,"href":"https:\/\/sanipro.com.ar\/noticias\/wp-json\/wp\/v2\/pages\/551\/revisions"}],"predecessor-version":[{"id":552,"href":"https:\/\/sanipro.com.ar\/noticias\/wp-json\/wp\/v2\/pages\/551\/revisions\/552"}],"wp:attachment":[{"href":"https:\/\/sanipro.com.ar\/noticias\/wp-json\/wp\/v2\/media?parent=551"}],"curies":[{"name":"wp","href":"https:\/\/api.w.org\/{rel}","templated":true}]}}