{"id":560,"date":"2022-02-23T16:08:58","date_gmt":"2022-02-23T19:08:58","guid":{"rendered":"https:\/\/www.saniprosrl.com.ar\/noticias\/?page_id=560"},"modified":"2022-02-23T16:08:58","modified_gmt":"2022-02-23T19:08:58","slug":"glosario-m","status":"publish","type":"page","link":"https:\/\/sanipro.com.ar\/noticias\/glosario-m\/","title":{"rendered":"GLOSARIO &#8211; Letra M"},"content":{"rendered":"\n<p><a href=\"https:\/\/sanipro.com.ar\/noticias\/glosario\/\">A<\/a>\u2013 <a href=\"https:\/\/sanipro.com.ar\/noticias\/glosario-b\/\">B<\/a> \u2013 <a href=\"https:\/\/sanipro.com.ar\/noticias\/glosario-c\/\">C<\/a> \u2013 <a href=\"https:\/\/sanipro.com.ar\/noticias\/glosario-d\/\">D<\/a> \u2013 <a href=\"https:\/\/sanipro.com.ar\/noticias\/glosario-e\/\">E<\/a> \u2013 <a href=\"https:\/\/sanipro.com.ar\/noticias\/glosario-f\/\">F<\/a> \u2013 <a href=\"https:\/\/sanipro.com.ar\/noticias\/glosario-g\/\">G<\/a> \u2013 <a href=\"https:\/\/sanipro.com.ar\/noticias\/glosario-h\/\">H<\/a> \u2013 <a href=\"https:\/\/sanipro.com.ar\/noticias\/glosario-i\/\">I<\/a> \u2013 <a href=\"https:\/\/sanipro.com.ar\/noticias\/glosario-j\/\">J<\/a> \u2013<a href=\"https:\/\/sanipro.com.ar\/noticias\/glosario-k\/\">K<\/a>\u2013 <a href=\"https:\/\/sanipro.com.ar\/noticias\/glosario-l\/\">L<\/a> \u2013 <a href=\"https:\/\/sanipro.com.ar\/noticias\/glosario-m\/\">M<\/a> \u2013 <a href=\"https:\/\/sanipro.com.ar\/noticias\/glosario-n\/\">N<\/a> \u2013 <a href=\"https:\/\/sanipro.com.ar\/noticias\/glosario-o\/\">O<\/a> \u2013 <a href=\"https:\/\/sanipro.com.ar\/noticias\/glosario-p\/\">P<\/a> \u2013 <a href=\"https:\/\/sanipro.com.ar\/noticias\/glosario-q\/\">Q<\/a> \u2013 <a href=\"https:\/\/sanipro.com.ar\/noticias\/glosario-r\/\">R<\/a> \u2013 <a href=\"https:\/\/sanipro.com.ar\/noticias\/glosario-s\/\">S<\/a> \u2013<a href=\"https:\/\/sanipro.com.ar\/noticias\/glosario-t\/\">T<\/a>\u2013 <a href=\"https:\/\/sanipro.com.ar\/noticias\/glosario-u\/\">U<\/a> \u2013 <a href=\"https:\/\/sanipro.com.ar\/noticias\/glosario-v\/\">V<\/a> \u2013<a href=\"https:\/\/sanipro.com.ar\/noticias\/glosario-w\/\">W<\/a>\u2013 <a href=\"https:\/\/sanipro.com.ar\/noticias\/glosario-x\/\">X<\/a> \u2013 <a href=\"https:\/\/sanipro.com.ar\/noticias\/glosario-y\/\">Y<\/a> \u2013 <a href=\"https:\/\/sanipro.com.ar\/noticias\/glosario-z\/\">Z<\/a><\/p>\n\n\n\n<p><strong>Maggot<\/strong>:&nbsp;Una larva vermiforme, una larva sin patas y sin desarrollar de la c\u00e1psula cef\u00e1lica, bueno.<\/p>\n\n\n\n<p><strong>Malaria<\/strong>: Enfermedad parasitaria caracterizada por fiebre, escalofr\u00edo y anemia.En los humanos, los par\u00e1sitos (llamados esporozo\u00edtos) migran hacia el h\u00edgado, donde maduran y se convierten en merozo\u00edtos, los cuales penetran el torrente sangu\u00edneo e infectan los gl\u00f3bulos rojos.<\/p>\n\n\n\n<p><strong>Malpighi tubos de<\/strong>: Tubos excretor de los insectos que surgen de la parte anterior del intestino posterior y se extiende hasta la cavidad del cuerpo.<\/p>\n\n\n\n<p><strong>Mand\u00edbula<\/strong>:&nbsp;La mand\u00edbula de un insecto.&nbsp;Puede ser fuertemente dentadas y se utilizan para morder, como en los saltamontes y las avispas, o puede ser sacado para formar una aguja delgada como en los mosquitos.&nbsp;Mand\u00edbulas est\u00e1n completamente ausentes en la mayor\u00eda de las moscas y los lepid\u00f3pteros.<\/p>\n\n\n\n<p><strong>Mandibulate<\/strong>:&nbsp;Habiendo mand\u00edbulas adaptadas para morder y masticar.<\/p>\n\n\n\n<p><strong>Marchitamiento<\/strong> <strong>Anasa<\/strong>:&nbsp;Una enfermedad de la marchitez de las cucurbit\u00e1ceas causada<br>\u00fanicamente por la alimentaci\u00f3n de los errores de squash, sin microorganismos par\u00e1sitos<br>involucrados.<\/p>\n\n\n\n<p><strong>Marginal de la c\u00e9lula<\/strong>:&nbsp;Uno de un n\u00famero de c\u00e9lulas que bordean el margen anterior del ala en la regi\u00f3n externa.<\/p>\n\n\n\n<p><strong>Masticador<\/strong>: Tipo de aparato bucal primitivo y es el t\u00edpico para los saltamontes, los escarabajos, las termitas, las cucarachas y otros, que se alimentan de productos s\u00f3lidos. En este tipo las partes bucales comprenden estructuras bien definidas, las cuales pueden estar en insectos con tipo de aparato bucal diferente, pero son modificadas.<\/p>\n\n\n\n<p><strong>Maxila<\/strong>: Est\u00e1n inmediatamente despu\u00e9s de las mand\u00edbulas. Suelen estar formadas por una pieza basal llamada cardo, un estipe (del que sale el palpo maxilar con 4 segmentos), la g\u00e1lea y la lacinia. Las maxilas cooperan con las mand\u00edbulas para agarrar y trocear el alimento.<\/p>\n\n\n\n<p><strong>Maxilar<\/strong>:&nbsp;(maxilares plural) Uno de los dos componentes de la boca de los insectos-partes se extiende justo por detr\u00e1s de las mand\u00edbulas.&nbsp;Ellos ayudan a la detecci\u00f3n y manipulaci\u00f3n de alimentos y con frecuencia se extrae en las estructuras tubulares para aspirar l\u00edquidos.<\/p>\n\n\n\n<p><strong>Meconio<\/strong>:&nbsp;El l\u00edquido rojizo expulsado por un miembro de los lepid\u00f3pteros despu\u00e9s de emerger de la pupa \/ cris\u00e1lida.<\/p>\n\n\n\n<p><strong>Medios de Comunicaci\u00f3n<\/strong>:&nbsp;La vena longitudinal que atraviesa la regi\u00f3n central del ala en la mayor\u00eda de los insectos: a menudo el cuarto y abreviado a M.<\/p>\n\n\n\n<p><strong>Mediana del oviducto<\/strong>:&nbsp;En los insectos, el conducto com\u00fan constituida por la fusi\u00f3n de los oviductos laterales apareadas; este conducto se abre posteriormente en una c\u00e1mara genital o vagina.<\/p>\n\n\n\n<p><strong>Melaza<\/strong>: L\u00edquido azucarado sobre el que se instalan hongos que bloquean la funci\u00f3n clorof\u00edlica, ennegrecimiendo los \u00f3rganos del \u00e1rbol. La melaza tambi\u00e9n puede producir quemaduras en hojas en tiempo seco y caluroso y afectar a los frutos en caso de ataques intensos, lo que dificulta su recolecci\u00f3n y repercute en la calidad de la cosecha.<\/p>\n\n\n\n<p><strong>Membrana peritr\u00f3fica<\/strong>:&nbsp;Membrana quitinosa que rodea el alimento en el mesenteron.<\/p>\n\n\n\n<p><strong>Membranosa<\/strong>: Delgada y transparente (en referencia a las alas), delgada y flexible (en referencia al tegumento).<\/p>\n\n\n\n<p><strong>Mesenteron<\/strong>:&nbsp;Intestino medio, secretor y absorbente, de origen endod\u00e9rmico.<\/p>\n\n\n\n<p><strong>Mesonoto<\/strong>:&nbsp;La superficie dorsal del segundo segmento tor\u00e1cico \u2013 el mesot\u00f3rax: por lo general la mayor esclerito tor\u00e1cico.<\/p>\n\n\n\n<p><strong>Mesopleuron<\/strong>:&nbsp;El esclerito o escleritos que constituyen la pared lateral del mesot\u00f3rax.<\/p>\n\n\n\n<p><strong>Mesoscutellum<\/strong>: retaguardia de las tres grandes divisiones de la mesonoto, a menudo triangular o en forma de escudo: abreviado generalmente a escutelo.<\/p>\n\n\n\n<p><strong>Mesoescudo<\/strong>:&nbsp;El centro y por lo general la divisi\u00f3n m\u00e1s grande del mesonoto.<\/p>\n\n\n\n<p><strong>Mesosternum<\/strong>:&nbsp;La superficie ventral o esclerito del mesot\u00f3rax.<\/p>\n\n\n\n<p><strong>Mesot\u00f3rax<\/strong>:&nbsp;El segmento segundo del t\u00f3rax.<\/p>\n\n\n\n<p><strong>Metamorfosis<\/strong>:&nbsp;Nombre dado a los cambios que se producen durante la vida de un insecto, ya que pasa de un animal joven a un adulto.&nbsp;Estos cambios pueden ser gradual y no demasiado grande, como en el saltamontes, y la metamorfosis se dice entonces que ser parcial o incompleta.&nbsp;Por otra parte, los cambios pueden ser mucho mayores y pueden tener lugar en un gran paso como en las mariposas y polillas, que cambian de orugas a los adultos durante la fase de pupa.&nbsp;Metamorfosis de este tipo se dice que es completo.<\/p>\n\n\n\n<p><strong>Metanoto<\/strong>:&nbsp;La superficie dorsal del metat\u00f3rax.&nbsp;A menudo es muy peque\u00f1a-y sus subdivisiones son generalmente ocultados.<\/p>\n\n\n\n<p><strong>Metapleuron<\/strong>:&nbsp;El esclerito o escleritos que constituyen la pared lateral de la metat\u00f3rax.<\/p>\n\n\n\n<p><strong>Metasterno<\/strong>:&nbsp;La superficie ventral o esclerito del metat\u00f3rax.<\/p>\n\n\n\n<p><strong>Metatarso<\/strong>:&nbsp;El segmento basal del tarso o de pie: por lo general el segmento m\u00e1s grande.<\/p>\n\n\n\n<p><strong>Metator\u00e1cicos<\/strong>: Relativo al metat\u00f3rax.<\/p>\n\n\n\n<p><strong>Metat\u00f3rax<\/strong>:&nbsp;El tercero y \u00faltimo segmento del t\u00f3rax.<\/p>\n\n\n\n<p><strong>Miasis<\/strong>: Parasitismo de los tejidos vivos o muertos del hombre y de otros vertebrados, por larvas de moscas. Sus consecuencias pueden ser desde leves hasta llegar a desencadenar cuadros cl\u00ednicos graves. Seg\u00fan la localizaci\u00f3n de las larvas, las miasis pueden ser: miasis nasal o rinomiasis, miasis ocular o oftalmomiasis, miasis auricular u otomiasis, miasis g\u00e1strica, miasis intestinal, miasis urinaria o cistomiasis, miasis d\u00e9rmica traum\u00e1tica y miasis cut\u00e1nea o d\u00e9rmica. Las miasis se conocen desde episodios b\u00edblicos (Job).<\/p>\n\n\n\n<p><strong>Micelio<\/strong>: Aparato vegetativo de los hongos formado por una serie de filamentos llamados hifas, por lo general tabicados y que no forman verdaderos tejidos.<\/p>\n\n\n\n<p><strong>Micr\u00f3pilo<\/strong>:&nbsp;Una apertura minutos o grupo de aberturas en el huevo del insecto a trav\u00e9s del cual los espermatozoides entran en la fertilizaci\u00f3n.<\/p>\n\n\n\n<p><strong>Microtrichia<\/strong>:&nbsp;Minuto pelos que sobresalen de las tegumento, que se forman alrededor de los filamentos celulares.<\/p>\n\n\n\n<p><strong>Miel<\/strong>: Fluido dulce y viscoso producido por las abejas a partir del n\u00e9ctar de las flores o de secreciones de partes vivas de plantas o de excreciones de insectos chupadores de plantas.<\/p>\n\n\n\n<p><strong>Mielato<\/strong>: Producto elaborado por algunos insectos a partir de las secreciones de las plantas y los \u00e1rboles.<\/p>\n\n\n\n<p><strong>Mim\u00e9ticos<\/strong>: Con color para disimularse en el ambiente que los rodea.<\/p>\n\n\n\n<p><strong>Mimetismo<\/strong>: Ver mim\u00e9ticos<\/p>\n\n\n\n<p><strong>Minador<\/strong>: Ver barrenador<\/p>\n\n\n\n<p><strong>Molleja<\/strong>: Porci\u00f3n triturante, musculada del intestino anterior.<\/p>\n\n\n\n<p><strong>Multivoltino<\/strong>: Especie que presenta varias generaciones anuales.<\/p>\n\n\n\n<p><strong>Moniliformes<\/strong>:&nbsp;(de antenas) Compuesto de grano-como segmentos, cada uno bien separada de la siguiente.<\/p>\n\n\n\n<p><strong>Monoica<\/strong>: En \u00e1fidos, que tiene un s\u00f3lo hu\u00e9sped; en plantas ejemplares que tienen ambos sexos.<\/p>\n\n\n\n<p><strong>Mon\u00f3fagas<\/strong>:&nbsp;Alimentar a un solo tipo de alimento, por ejemplo una especie o un g\u00e9nero de plantas.<\/p>\n\n\n\n<p><strong>Monovoltino<\/strong>: Que presenta una generaci\u00f3n anual.<\/p>\n\n\n\n<p><strong>Morfo<\/strong>:&nbsp;un fenotipo diferenciable de otros.<\/p>\n\n\n\n<p><strong>Muda<\/strong>:&nbsp;Para muda es arrojar la cubierta externa del cuerpo \u2013 el exoesqueleto.<\/p>\n\n\n\n<p><strong>Multivoltino<\/strong>: Que presenta varias generaciones anuales.<\/p>\n\n\n\n<p><strong>Muscoides<\/strong>: Tipo de larva t\u00edpica de los D\u00edpteros, \u00e1podas de color blanco cremoso.<\/p>\n","protected":false},"excerpt":{"rendered":"<p>A\u2013 B \u2013 C \u2013 D \u2013 E \u2013 F \u2013 G \u2013 H \u2013<\/p>\n","protected":false},"author":1,"featured_media":0,"parent":0,"menu_order":0,"comment_status":"closed","ping_status":"closed","template":"","meta":{"footnotes":""},"class_list":["post-560","page","type-page","status-publish","hentry","comments-off"],"yoast_head":"<!-- This site is optimized with the Yoast SEO plugin v19.9 - https:\/\/yoast.com\/wordpress\/plugins\/seo\/ -->\n<title>GLOSARIO - Letra M - Sanipro<\/title>\n<meta name=\"robots\" content=\"index, follow, max-snippet:-1, max-image-preview:large, max-video-preview:-1\" \/>\n<link rel=\"canonical\" href=\"https:\/\/sanipro.com.ar\/noticias\/glosario-m\/\" \/>\n<meta property=\"og:locale\" content=\"es_ES\" \/>\n<meta property=\"og:type\" content=\"article\" \/>\n<meta property=\"og:title\" content=\"GLOSARIO - Letra M - Sanipro\" \/>\n<meta property=\"og:description\" content=\"A\u2013 B \u2013 C \u2013 D \u2013 E \u2013 F \u2013 G \u2013 H \u2013\" \/>\n<meta property=\"og:url\" content=\"https:\/\/sanipro.com.ar\/noticias\/glosario-m\/\" \/>\n<meta property=\"og:site_name\" content=\"Sanipro\" \/>\n<meta name=\"twitter:card\" content=\"summary_large_image\" \/>\n<meta name=\"twitter:label1\" content=\"Tiempo de lectura\" \/>\n\t<meta name=\"twitter:data1\" content=\"6 minutos\" \/>\n<script type=\"application\/ld+json\" class=\"yoast-schema-graph\">{\"@context\":\"https:\/\/schema.org\",\"@graph\":[{\"@type\":\"WebPage\",\"@id\":\"https:\/\/sanipro.com.ar\/noticias\/glosario-m\/\",\"url\":\"https:\/\/sanipro.com.ar\/noticias\/glosario-m\/\",\"name\":\"GLOSARIO - Letra M - Sanipro\",\"isPartOf\":{\"@id\":\"https:\/\/sanipro.com.ar\/noticias\/#website\"},\"datePublished\":\"2022-02-23T19:08:58+00:00\",\"dateModified\":\"2022-02-23T19:08:58+00:00\",\"breadcrumb\":{\"@id\":\"https:\/\/sanipro.com.ar\/noticias\/glosario-m\/#breadcrumb\"},\"inLanguage\":\"es-AR\",\"potentialAction\":[{\"@type\":\"ReadAction\",\"target\":[\"https:\/\/sanipro.com.ar\/noticias\/glosario-m\/\"]}]},{\"@type\":\"BreadcrumbList\",\"@id\":\"https:\/\/sanipro.com.ar\/noticias\/glosario-m\/#breadcrumb\",\"itemListElement\":[{\"@type\":\"ListItem\",\"position\":1,\"name\":\"Inicio\",\"item\":\"https:\/\/sanipro.com.ar\/noticias\/\"},{\"@type\":\"ListItem\",\"position\":2,\"name\":\"GLOSARIO &#8211; Letra M\"}]},{\"@type\":\"WebSite\",\"@id\":\"https:\/\/sanipro.com.ar\/noticias\/#website\",\"url\":\"https:\/\/sanipro.com.ar\/noticias\/\",\"name\":\"Sanipro\",\"description\":\"Sanidad profesional\",\"publisher\":{\"@id\":\"https:\/\/sanipro.com.ar\/noticias\/#organization\"},\"potentialAction\":[{\"@type\":\"SearchAction\",\"target\":{\"@type\":\"EntryPoint\",\"urlTemplate\":\"https:\/\/sanipro.com.ar\/noticias\/?s={search_term_string}\"},\"query-input\":\"required name=search_term_string\"}],\"inLanguage\":\"es-AR\"},{\"@type\":\"Organization\",\"@id\":\"https:\/\/sanipro.com.ar\/noticias\/#organization\",\"name\":\"Sanipro\",\"url\":\"https:\/\/sanipro.com.ar\/noticias\/\",\"logo\":{\"@type\":\"ImageObject\",\"inLanguage\":\"es-AR\",\"@id\":\"https:\/\/sanipro.com.ar\/noticias\/#\/schema\/logo\/image\/\",\"url\":\"https:\/\/sanipro.com.ar\/noticias\/wp-content\/uploads\/2022\/02\/cropped-LOGO-noticias.fw_-1.png\",\"contentUrl\":\"https:\/\/sanipro.com.ar\/noticias\/wp-content\/uploads\/2022\/02\/cropped-LOGO-noticias.fw_-1.png\",\"width\":250,\"height\":79,\"caption\":\"Sanipro\"},\"image\":{\"@id\":\"https:\/\/sanipro.com.ar\/noticias\/#\/schema\/logo\/image\/\"}}]}<\/script>\n<!-- \/ Yoast SEO plugin. -->","yoast_head_json":{"title":"GLOSARIO - Letra M - Sanipro","robots":{"index":"index","follow":"follow","max-snippet":"max-snippet:-1","max-image-preview":"max-image-preview:large","max-video-preview":"max-video-preview:-1"},"canonical":"https:\/\/sanipro.com.ar\/noticias\/glosario-m\/","og_locale":"es_ES","og_type":"article","og_title":"GLOSARIO - Letra M - Sanipro","og_description":"A\u2013 B \u2013 C \u2013 D \u2013 E \u2013 F \u2013 G \u2013 H \u2013","og_url":"https:\/\/sanipro.com.ar\/noticias\/glosario-m\/","og_site_name":"Sanipro","twitter_card":"summary_large_image","twitter_misc":{"Tiempo de lectura":"6 minutos"},"schema":{"@context":"https:\/\/schema.org","@graph":[{"@type":"WebPage","@id":"https:\/\/sanipro.com.ar\/noticias\/glosario-m\/","url":"https:\/\/sanipro.com.ar\/noticias\/glosario-m\/","name":"GLOSARIO - Letra M - Sanipro","isPartOf":{"@id":"https:\/\/sanipro.com.ar\/noticias\/#website"},"datePublished":"2022-02-23T19:08:58+00:00","dateModified":"2022-02-23T19:08:58+00:00","breadcrumb":{"@id":"https:\/\/sanipro.com.ar\/noticias\/glosario-m\/#breadcrumb"},"inLanguage":"es-AR","potentialAction":[{"@type":"ReadAction","target":["https:\/\/sanipro.com.ar\/noticias\/glosario-m\/"]}]},{"@type":"BreadcrumbList","@id":"https:\/\/sanipro.com.ar\/noticias\/glosario-m\/#breadcrumb","itemListElement":[{"@type":"ListItem","position":1,"name":"Inicio","item":"https:\/\/sanipro.com.ar\/noticias\/"},{"@type":"ListItem","position":2,"name":"GLOSARIO &#8211; Letra M"}]},{"@type":"WebSite","@id":"https:\/\/sanipro.com.ar\/noticias\/#website","url":"https:\/\/sanipro.com.ar\/noticias\/","name":"Sanipro","description":"Sanidad profesional","publisher":{"@id":"https:\/\/sanipro.com.ar\/noticias\/#organization"},"potentialAction":[{"@type":"SearchAction","target":{"@type":"EntryPoint","urlTemplate":"https:\/\/sanipro.com.ar\/noticias\/?s={search_term_string}"},"query-input":"required name=search_term_string"}],"inLanguage":"es-AR"},{"@type":"Organization","@id":"https:\/\/sanipro.com.ar\/noticias\/#organization","name":"Sanipro","url":"https:\/\/sanipro.com.ar\/noticias\/","logo":{"@type":"ImageObject","inLanguage":"es-AR","@id":"https:\/\/sanipro.com.ar\/noticias\/#\/schema\/logo\/image\/","url":"https:\/\/sanipro.com.ar\/noticias\/wp-content\/uploads\/2022\/02\/cropped-LOGO-noticias.fw_-1.png","contentUrl":"https:\/\/sanipro.com.ar\/noticias\/wp-content\/uploads\/2022\/02\/cropped-LOGO-noticias.fw_-1.png","width":250,"height":79,"caption":"Sanipro"},"image":{"@id":"https:\/\/sanipro.com.ar\/noticias\/#\/schema\/logo\/image\/"}}]}},"_links":{"self":[{"href":"https:\/\/sanipro.com.ar\/noticias\/wp-json\/wp\/v2\/pages\/560","targetHints":{"allow":["GET"]}}],"collection":[{"href":"https:\/\/sanipro.com.ar\/noticias\/wp-json\/wp\/v2\/pages"}],"about":[{"href":"https:\/\/sanipro.com.ar\/noticias\/wp-json\/wp\/v2\/types\/page"}],"author":[{"embeddable":true,"href":"https:\/\/sanipro.com.ar\/noticias\/wp-json\/wp\/v2\/users\/1"}],"replies":[{"embeddable":true,"href":"https:\/\/sanipro.com.ar\/noticias\/wp-json\/wp\/v2\/comments?post=560"}],"version-history":[{"count":1,"href":"https:\/\/sanipro.com.ar\/noticias\/wp-json\/wp\/v2\/pages\/560\/revisions"}],"predecessor-version":[{"id":561,"href":"https:\/\/sanipro.com.ar\/noticias\/wp-json\/wp\/v2\/pages\/560\/revisions\/561"}],"wp:attachment":[{"href":"https:\/\/sanipro.com.ar\/noticias\/wp-json\/wp\/v2\/media?parent=560"}],"curies":[{"name":"wp","href":"https:\/\/api.w.org\/{rel}","templated":true}]}}