{"id":562,"date":"2022-02-23T16:10:21","date_gmt":"2022-02-23T19:10:21","guid":{"rendered":"https:\/\/www.saniprosrl.com.ar\/noticias\/?page_id=562"},"modified":"2022-02-23T16:10:21","modified_gmt":"2022-02-23T19:10:21","slug":"glosario-n","status":"publish","type":"page","link":"https:\/\/sanipro.com.ar\/noticias\/glosario-n\/","title":{"rendered":"GLOSARIO &#8211; Letra N"},"content":{"rendered":"\n<p><a href=\"https:\/\/sanipro.com.ar\/noticias\/glosario\/\">A<\/a>\u2013 <a href=\"https:\/\/sanipro.com.ar\/noticias\/glosario-b\/\">B<\/a> \u2013 <a href=\"https:\/\/sanipro.com.ar\/noticias\/glosario-c\/\">C<\/a> \u2013 <a href=\"https:\/\/sanipro.com.ar\/noticias\/glosario-d\/\">D<\/a> \u2013 <a href=\"https:\/\/sanipro.com.ar\/noticias\/glosario-e\/\">E<\/a> \u2013 <a href=\"https:\/\/sanipro.com.ar\/noticias\/glosario-f\/\">F<\/a> \u2013 <a href=\"https:\/\/sanipro.com.ar\/noticias\/glosario-g\/\">G<\/a> \u2013 <a href=\"https:\/\/sanipro.com.ar\/noticias\/glosario-h\/\">H<\/a> \u2013 <a href=\"https:\/\/sanipro.com.ar\/noticias\/glosario-i\/\">I<\/a> \u2013 <a href=\"https:\/\/sanipro.com.ar\/noticias\/glosario-j\/\">J<\/a> \u2013<a href=\"https:\/\/sanipro.com.ar\/noticias\/glosario-k\/\">K<\/a>\u2013 <a href=\"https:\/\/sanipro.com.ar\/noticias\/glosario-l\/\">L<\/a> \u2013 <a href=\"https:\/\/sanipro.com.ar\/noticias\/glosario-m\/\">M<\/a> \u2013 <a href=\"https:\/\/sanipro.com.ar\/noticias\/glosario-n\/\">N<\/a> \u2013 <a href=\"https:\/\/sanipro.com.ar\/noticias\/glosario-o\/\">O<\/a> \u2013 <a href=\"https:\/\/sanipro.com.ar\/noticias\/glosario-p\/\">P<\/a> \u2013 <a href=\"https:\/\/sanipro.com.ar\/noticias\/glosario-q\/\">Q<\/a> \u2013 <a href=\"https:\/\/sanipro.com.ar\/noticias\/glosario-r\/\">R<\/a> \u2013 <a href=\"https:\/\/sanipro.com.ar\/noticias\/glosario-s\/\">S<\/a> \u2013<a href=\"https:\/\/sanipro.com.ar\/noticias\/glosario-t\/\">T<\/a>\u2013 <a href=\"https:\/\/sanipro.com.ar\/noticias\/glosario-u\/\">U<\/a> \u2013 <a href=\"https:\/\/sanipro.com.ar\/noticias\/glosario-v\/\">V<\/a> \u2013<a href=\"https:\/\/sanipro.com.ar\/noticias\/glosario-w\/\">W<\/a>\u2013 <a href=\"https:\/\/sanipro.com.ar\/noticias\/glosario-x\/\">X<\/a> \u2013 <a href=\"https:\/\/sanipro.com.ar\/noticias\/glosario-y\/\">Y<\/a> \u2013 <a href=\"https:\/\/sanipro.com.ar\/noticias\/glosario-z\/\">Z<\/a><\/p>\n\n\n\n<p><strong>N\u00e1yade<\/strong>:&nbsp;Un acu\u00e1ticos, portador de ninfa de enmalle.<\/p>\n\n\n\n<p><strong>Nasutus<\/strong>:&nbsp;(pl., nasuti).&nbsp;Un tipo de casta de soldados en ciertas termitas; esta forma lleva una delantera tribuna medio a trav\u00e9s del cual se expulsa un l\u00edquido defensiva, los maxilares son peque\u00f1os o vestigiales.<\/p>\n\n\n\n<p><strong>Necrobiont\u00f3faga<\/strong>: Que invaden tejidos ya necrosados por otras causas, nutri\u00e9ndose exclusivamente de tejido muerto.<\/p>\n\n\n\n<p><strong>Necr\u00f3fago<\/strong>: Que se alimenta de materia muerta.<\/p>\n\n\n\n<p><strong>N\u00e9ctar<\/strong>:&nbsp;El l\u00edquido azucarado segregado por muchas flores.<\/p>\n\n\n\n<p><strong>Nectario<\/strong>:&nbsp;Una gl\u00e1ndula que segrega n\u00e9ctar floral.<\/p>\n\n\n\n<p><strong>Neotenia<\/strong>: Persistencia de algunos aspectos de la fase larvaria durante la fase adulta de un animal.<\/p>\n\n\n\n<p><strong>Nervadura<\/strong>: Estructura tubular esclerotizada que sostiene las alas de los insectos. Vena.<\/p>\n\n\n\n<p><strong>Nerviaci\u00f3n<\/strong>: Estructura tubular esclerotizada que sostiene las alas de los insectos. Vena.<\/p>\n\n\n\n<p><strong>Neurona<\/strong>:&nbsp;La c\u00e9lula nerviosa completa, inclu\u00eddas todos sus procesos.<\/p>\n\n\n\n<p><strong>Ninfa<\/strong>:&nbsp;Nombre dado a los estados juveniles de los insectos que sufren una metamorfosis parcial.&nbsp;La ninfa suele ser bastante similar a la de adultos, excepto que sus alas no est\u00e1n completamente desarrollados.&nbsp;Normalmente se alimenta de la misma clase de alimento que los adultos.<\/p>\n\n\n\n<p><strong>Nit<\/strong>:&nbsp;Los huevos de piojo.<\/p>\n\n\n\n<p><strong>Nocturno<\/strong>:&nbsp;activos durante la noche.<\/p>\n\n\n\n<p><strong>Nodus<\/strong>:&nbsp;El retorcimiento o muesca en el borde costal del ala de lib\u00e9lula.&nbsp;El nombre tambi\u00e9n se utiliza para los fuertes, el Paso de la vena justo por detr\u00e1s de la muesca.<\/p>\n\n\n\n<p><strong>Notaulix<\/strong>:&nbsp;Uno de un par de ranuras longitudinales en el mesonoto de himen\u00f3pteros determinados, dividiendo el mesonoto en una zona central y dos zonas laterales (notaulices plural)<\/p>\n\n\n\n<p><strong>Notopleuron<\/strong>:&nbsp;Un \u00e1rea triangular en el t\u00f3rax de ciertas moscas, justo detr\u00e1s del callo humeral y ocupando partes de las superficies dorsal y lateral de ambos.<\/p>\n\n\n\n<p><strong>Notum<\/strong>:&nbsp;El dorsal o superficie superior de cualquier segmento tor\u00e1cico: generalmente el prefijo pro-, meso-o meta-para indicar el segmento considerado.<\/p>\n\n\n\n<p><strong>N\u00facleo<\/strong>:&nbsp;El cuerpo esferoide dentro de una c\u00e9lula que tiene la funci\u00f3n importante en el control y la regulaci\u00f3n de las actividades de la c\u00e9lula y contiene las unidades hereditarias o genes.<\/p>\n","protected":false},"excerpt":{"rendered":"<p>A\u2013 B \u2013 C \u2013 D \u2013 E \u2013 F \u2013 G \u2013 H \u2013<\/p>\n","protected":false},"author":1,"featured_media":0,"parent":0,"menu_order":0,"comment_status":"closed","ping_status":"closed","template":"","meta":{"footnotes":""},"class_list":["post-562","page","type-page","status-publish","hentry","comments-off"],"yoast_head":"<!-- This site is optimized with the Yoast SEO plugin v19.9 - https:\/\/yoast.com\/wordpress\/plugins\/seo\/ -->\n<title>GLOSARIO - Letra N - Sanipro<\/title>\n<meta name=\"robots\" content=\"index, follow, max-snippet:-1, max-image-preview:large, max-video-preview:-1\" \/>\n<link rel=\"canonical\" href=\"https:\/\/sanipro.com.ar\/noticias\/glosario-n\/\" \/>\n<meta property=\"og:locale\" content=\"es_ES\" \/>\n<meta property=\"og:type\" content=\"article\" \/>\n<meta property=\"og:title\" content=\"GLOSARIO - Letra N - Sanipro\" \/>\n<meta property=\"og:description\" content=\"A\u2013 B \u2013 C \u2013 D \u2013 E \u2013 F \u2013 G \u2013 H \u2013\" \/>\n<meta property=\"og:url\" content=\"https:\/\/sanipro.com.ar\/noticias\/glosario-n\/\" \/>\n<meta property=\"og:site_name\" content=\"Sanipro\" \/>\n<meta name=\"twitter:card\" content=\"summary_large_image\" \/>\n<meta name=\"twitter:label1\" content=\"Tiempo de lectura\" \/>\n\t<meta name=\"twitter:data1\" content=\"2 minutos\" \/>\n<script type=\"application\/ld+json\" class=\"yoast-schema-graph\">{\"@context\":\"https:\/\/schema.org\",\"@graph\":[{\"@type\":\"WebPage\",\"@id\":\"https:\/\/sanipro.com.ar\/noticias\/glosario-n\/\",\"url\":\"https:\/\/sanipro.com.ar\/noticias\/glosario-n\/\",\"name\":\"GLOSARIO - Letra N - Sanipro\",\"isPartOf\":{\"@id\":\"https:\/\/sanipro.com.ar\/noticias\/#website\"},\"datePublished\":\"2022-02-23T19:10:21+00:00\",\"dateModified\":\"2022-02-23T19:10:21+00:00\",\"breadcrumb\":{\"@id\":\"https:\/\/sanipro.com.ar\/noticias\/glosario-n\/#breadcrumb\"},\"inLanguage\":\"es-AR\",\"potentialAction\":[{\"@type\":\"ReadAction\",\"target\":[\"https:\/\/sanipro.com.ar\/noticias\/glosario-n\/\"]}]},{\"@type\":\"BreadcrumbList\",\"@id\":\"https:\/\/sanipro.com.ar\/noticias\/glosario-n\/#breadcrumb\",\"itemListElement\":[{\"@type\":\"ListItem\",\"position\":1,\"name\":\"Inicio\",\"item\":\"https:\/\/sanipro.com.ar\/noticias\/\"},{\"@type\":\"ListItem\",\"position\":2,\"name\":\"GLOSARIO &#8211; Letra N\"}]},{\"@type\":\"WebSite\",\"@id\":\"https:\/\/sanipro.com.ar\/noticias\/#website\",\"url\":\"https:\/\/sanipro.com.ar\/noticias\/\",\"name\":\"Sanipro\",\"description\":\"Sanidad profesional\",\"publisher\":{\"@id\":\"https:\/\/sanipro.com.ar\/noticias\/#organization\"},\"potentialAction\":[{\"@type\":\"SearchAction\",\"target\":{\"@type\":\"EntryPoint\",\"urlTemplate\":\"https:\/\/sanipro.com.ar\/noticias\/?s={search_term_string}\"},\"query-input\":\"required name=search_term_string\"}],\"inLanguage\":\"es-AR\"},{\"@type\":\"Organization\",\"@id\":\"https:\/\/sanipro.com.ar\/noticias\/#organization\",\"name\":\"Sanipro\",\"url\":\"https:\/\/sanipro.com.ar\/noticias\/\",\"logo\":{\"@type\":\"ImageObject\",\"inLanguage\":\"es-AR\",\"@id\":\"https:\/\/sanipro.com.ar\/noticias\/#\/schema\/logo\/image\/\",\"url\":\"https:\/\/sanipro.com.ar\/noticias\/wp-content\/uploads\/2022\/02\/cropped-LOGO-noticias.fw_-1.png\",\"contentUrl\":\"https:\/\/sanipro.com.ar\/noticias\/wp-content\/uploads\/2022\/02\/cropped-LOGO-noticias.fw_-1.png\",\"width\":250,\"height\":79,\"caption\":\"Sanipro\"},\"image\":{\"@id\":\"https:\/\/sanipro.com.ar\/noticias\/#\/schema\/logo\/image\/\"}}]}<\/script>\n<!-- \/ Yoast SEO plugin. -->","yoast_head_json":{"title":"GLOSARIO - Letra N - Sanipro","robots":{"index":"index","follow":"follow","max-snippet":"max-snippet:-1","max-image-preview":"max-image-preview:large","max-video-preview":"max-video-preview:-1"},"canonical":"https:\/\/sanipro.com.ar\/noticias\/glosario-n\/","og_locale":"es_ES","og_type":"article","og_title":"GLOSARIO - Letra N - Sanipro","og_description":"A\u2013 B \u2013 C \u2013 D \u2013 E \u2013 F \u2013 G \u2013 H \u2013","og_url":"https:\/\/sanipro.com.ar\/noticias\/glosario-n\/","og_site_name":"Sanipro","twitter_card":"summary_large_image","twitter_misc":{"Tiempo de lectura":"2 minutos"},"schema":{"@context":"https:\/\/schema.org","@graph":[{"@type":"WebPage","@id":"https:\/\/sanipro.com.ar\/noticias\/glosario-n\/","url":"https:\/\/sanipro.com.ar\/noticias\/glosario-n\/","name":"GLOSARIO - Letra N - Sanipro","isPartOf":{"@id":"https:\/\/sanipro.com.ar\/noticias\/#website"},"datePublished":"2022-02-23T19:10:21+00:00","dateModified":"2022-02-23T19:10:21+00:00","breadcrumb":{"@id":"https:\/\/sanipro.com.ar\/noticias\/glosario-n\/#breadcrumb"},"inLanguage":"es-AR","potentialAction":[{"@type":"ReadAction","target":["https:\/\/sanipro.com.ar\/noticias\/glosario-n\/"]}]},{"@type":"BreadcrumbList","@id":"https:\/\/sanipro.com.ar\/noticias\/glosario-n\/#breadcrumb","itemListElement":[{"@type":"ListItem","position":1,"name":"Inicio","item":"https:\/\/sanipro.com.ar\/noticias\/"},{"@type":"ListItem","position":2,"name":"GLOSARIO &#8211; Letra N"}]},{"@type":"WebSite","@id":"https:\/\/sanipro.com.ar\/noticias\/#website","url":"https:\/\/sanipro.com.ar\/noticias\/","name":"Sanipro","description":"Sanidad profesional","publisher":{"@id":"https:\/\/sanipro.com.ar\/noticias\/#organization"},"potentialAction":[{"@type":"SearchAction","target":{"@type":"EntryPoint","urlTemplate":"https:\/\/sanipro.com.ar\/noticias\/?s={search_term_string}"},"query-input":"required name=search_term_string"}],"inLanguage":"es-AR"},{"@type":"Organization","@id":"https:\/\/sanipro.com.ar\/noticias\/#organization","name":"Sanipro","url":"https:\/\/sanipro.com.ar\/noticias\/","logo":{"@type":"ImageObject","inLanguage":"es-AR","@id":"https:\/\/sanipro.com.ar\/noticias\/#\/schema\/logo\/image\/","url":"https:\/\/sanipro.com.ar\/noticias\/wp-content\/uploads\/2022\/02\/cropped-LOGO-noticias.fw_-1.png","contentUrl":"https:\/\/sanipro.com.ar\/noticias\/wp-content\/uploads\/2022\/02\/cropped-LOGO-noticias.fw_-1.png","width":250,"height":79,"caption":"Sanipro"},"image":{"@id":"https:\/\/sanipro.com.ar\/noticias\/#\/schema\/logo\/image\/"}}]}},"_links":{"self":[{"href":"https:\/\/sanipro.com.ar\/noticias\/wp-json\/wp\/v2\/pages\/562","targetHints":{"allow":["GET"]}}],"collection":[{"href":"https:\/\/sanipro.com.ar\/noticias\/wp-json\/wp\/v2\/pages"}],"about":[{"href":"https:\/\/sanipro.com.ar\/noticias\/wp-json\/wp\/v2\/types\/page"}],"author":[{"embeddable":true,"href":"https:\/\/sanipro.com.ar\/noticias\/wp-json\/wp\/v2\/users\/1"}],"replies":[{"embeddable":true,"href":"https:\/\/sanipro.com.ar\/noticias\/wp-json\/wp\/v2\/comments?post=562"}],"version-history":[{"count":1,"href":"https:\/\/sanipro.com.ar\/noticias\/wp-json\/wp\/v2\/pages\/562\/revisions"}],"predecessor-version":[{"id":563,"href":"https:\/\/sanipro.com.ar\/noticias\/wp-json\/wp\/v2\/pages\/562\/revisions\/563"}],"wp:attachment":[{"href":"https:\/\/sanipro.com.ar\/noticias\/wp-json\/wp\/v2\/media?parent=562"}],"curies":[{"name":"wp","href":"https:\/\/api.w.org\/{rel}","templated":true}]}}