{"id":564,"date":"2022-02-23T16:11:25","date_gmt":"2022-02-23T19:11:25","guid":{"rendered":"https:\/\/www.saniprosrl.com.ar\/noticias\/?page_id=564"},"modified":"2022-02-23T16:11:25","modified_gmt":"2022-02-23T19:11:25","slug":"glosario-o","status":"publish","type":"page","link":"https:\/\/sanipro.com.ar\/noticias\/glosario-o\/","title":{"rendered":"GLOSARIO &#8211; Letra O"},"content":{"rendered":"\n<p><a href=\"https:\/\/sanipro.com.ar\/noticias\/glosario\/\">A<\/a>\u2013 <a href=\"https:\/\/sanipro.com.ar\/noticias\/glosario-b\/\">B<\/a> \u2013 <a href=\"https:\/\/sanipro.com.ar\/noticias\/glosario-c\/\">C<\/a> \u2013 <a href=\"https:\/\/sanipro.com.ar\/noticias\/glosario-d\/\">D<\/a> \u2013 <a href=\"https:\/\/sanipro.com.ar\/noticias\/glosario-e\/\">E<\/a> \u2013 <a href=\"https:\/\/sanipro.com.ar\/noticias\/glosario-f\/\">F<\/a> \u2013 <a href=\"https:\/\/sanipro.com.ar\/noticias\/glosario-g\/\">G<\/a> \u2013 <a href=\"https:\/\/sanipro.com.ar\/noticias\/glosario-h\/\">H<\/a> \u2013 <a href=\"https:\/\/sanipro.com.ar\/noticias\/glosario-i\/\">I<\/a> \u2013 <a href=\"https:\/\/sanipro.com.ar\/noticias\/glosario-j\/\">J<\/a> \u2013<a href=\"https:\/\/sanipro.com.ar\/noticias\/glosario-k\/\">K<\/a>\u2013 <a href=\"https:\/\/sanipro.com.ar\/noticias\/glosario-l\/\">L<\/a> \u2013 <a href=\"https:\/\/sanipro.com.ar\/noticias\/glosario-m\/\">M<\/a> \u2013 <a href=\"https:\/\/sanipro.com.ar\/noticias\/glosario-n\/\">N<\/a> \u2013 <a href=\"https:\/\/sanipro.com.ar\/noticias\/glosario-o\/\">O<\/a> \u2013 <a href=\"https:\/\/sanipro.com.ar\/noticias\/glosario-p\/\">P<\/a> \u2013 <a href=\"https:\/\/sanipro.com.ar\/noticias\/glosario-q\/\">Q<\/a> \u2013 <a href=\"https:\/\/sanipro.com.ar\/noticias\/glosario-r\/\">R<\/a> \u2013 <a href=\"https:\/\/sanipro.com.ar\/noticias\/glosario-s\/\">S<\/a> \u2013<a href=\"https:\/\/sanipro.com.ar\/noticias\/glosario-t\/\">T<\/a>\u2013 <a href=\"https:\/\/sanipro.com.ar\/noticias\/glosario-u\/\">U<\/a> \u2013 <a href=\"https:\/\/sanipro.com.ar\/noticias\/glosario-v\/\">V<\/a> \u2013<a href=\"https:\/\/sanipro.com.ar\/noticias\/glosario-w\/\">W<\/a>\u2013 <a href=\"https:\/\/sanipro.com.ar\/noticias\/glosario-x\/\">X<\/a> \u2013 <a href=\"https:\/\/sanipro.com.ar\/noticias\/glosario-y\/\">Y<\/a> \u2013 <a href=\"https:\/\/sanipro.com.ar\/noticias\/glosario-z\/\">Z<\/a><\/p>\n\n\n\n<p><strong>Obrera<\/strong>: Hembra est\u00e9ril en las colonias de Hymenoptera sociales, encargadas de diversas tareas dentro y fuera del nido.<\/p>\n\n\n\n<p><strong>Obtecta<\/strong> (pupa): Con ap\u00e9ndices visibles apegados al cuerpo.<\/p>\n\n\n\n<p><strong>Occipital<\/strong>: Regi\u00f3n posterior de la cabeza.<\/p>\n\n\n\n<p><strong>Occipucio<\/strong>:&nbsp;Inferior regi\u00f3n de la parte superior de la cabeza, justo en frente de la membrana del cuello.&nbsp;En algunos insectos se ha separado desde el v\u00e9rtice de la sutura occipital, pero no se suelen presentar como una placa distinta o esclerito.<\/p>\n\n\n\n<p><strong>Ocelar<\/strong> <strong>Cerdas<\/strong>:&nbsp;Cerdas que surjan alrededor de o entre los ocelos en varias moscas.<\/p>\n\n\n\n<p><strong>Ocelar<\/strong> <strong>Tri\u00e1ngulo<\/strong>: Un \u00e1rea triangular, por lo general bastante distinto del resto de la cabeza, en la que los ocelos de verdad se llevan las moscas.<\/p>\n\n\n\n<p><strong>Ocelo<\/strong>:&nbsp;(Plural ocelos) Uno de los ojos simples de los insectos, por lo general se producen en un grupo de tres en la parte superior de la cabeza, aunque uno o m\u00e1s puede estar ausente de muchos insectos.<\/p>\n\n\n\n<p><strong>Odonatos<\/strong> (Odonata): Orden de insectos que poseen dos pares de alas largas, estrechas y venosas. Ojos compuestos, grandes y tres ocelos. Piezas bucales masticadoras. Abdomen alargado. Rapaces. Metamorfosis gradual. Ninfas acu\u00e1ticas (n\u00e1yades). Conocidos com\u00fanmente como lib\u00e9lulas, caballitos del diablo o chicapozos.<\/p>\n\n\n\n<p><strong>Odor\u00edferas<\/strong>, Gl\u00e1ndulas: Gl\u00e1ndulas que pueden estar ubicadas en distintas partes del cuerpo y que producen secreciones olorosas.<\/p>\n\n\n\n<p><strong>Oidora<\/strong>, <strong>Pata<\/strong>: Tipo de pata que, adem\u00e1s de servir para la locomoci\u00f3n, es portadora de \u00f3rganos auditivos.<\/p>\n\n\n\n<p><strong>Ojo<\/strong>: Ver Ojo Compuesto<\/p>\n\n\n\n<p><strong>Ojo<\/strong> <strong>Compuesto<\/strong>: \u00d3rgano visual par constituido por numerosas facetas u omatidios.<\/p>\n\n\n\n<p><strong>Olig\u00f3fago<\/strong>: Que tiene un r\u00e9gimen alimentario restringido a plantas de un simple orden, familia o g\u00e9nero bot\u00e1nico.<\/p>\n\n\n\n<p><strong>Oligonefr\u00eddico<\/strong>. Especie con 3 a 8 tubos de Malpighi.<\/p>\n\n\n\n<p><strong>Olig\u00f3poda<\/strong>, <strong>Larva<\/strong>: Tipo de larva caracterizada por poseer solamente patas tor\u00e1cicas.<\/p>\n\n\n\n<p><strong>Omatidio<\/strong>:&nbsp;(pl., omatidios).&nbsp;Una de las unidades que integran los ojos compuestos de los artr\u00f3podos.<\/p>\n\n\n\n<p><strong>Omatidio<\/strong>: Cada una de las unidades visuales que componen un ojo compuesto.<\/p>\n\n\n\n<p><strong>Omn\u00edvora<\/strong>: Que ingiere cualquier tipo de alimento.<\/p>\n\n\n\n<p><strong>Omn\u00edvoras<\/strong>: Que ingiere cualquier tipo de alimento.<\/p>\n\n\n\n<p><strong>Omn\u00edvoro<\/strong>: Que ingiere cualquier tipo de alimento.<\/p>\n\n\n\n<p><strong>Oncocercosis<\/strong>: Ver filariasis<\/p>\n\n\n\n<p><strong>Ontogenia<\/strong>: Historia del desarrollo de un organismo durante su ciclo vital.<\/p>\n\n\n\n<p><strong>Oocito<\/strong>: Nombre con que se designa al \u00f3vulo de los insectos partenogen\u00e9ticos. Tambi\u00e9n llamado pseudohuevo o pseudoova. C\u00e1lula germinal primaria femenina.<\/p>\n\n\n\n<p><strong>Ooteca<\/strong>: Estuche o cubierta protectora, generalmente constituido por la secreci\u00f3n de las gl\u00e1ndulas accesorias del aparato reproductor femenino, que encierra los huevos desde la postura hasta la eclosi\u00f3n.<\/p>\n\n\n\n<p><strong>Op\u00e9rculo<\/strong>: Porci\u00f3n del cori\u00f3n que se desprende en la eclosi\u00f3n, dejando una avertura por la que emerge el insecto. En Homoptera Aleyrodoidea, un proceso aplanado y ancho que, superpuesto a la porci\u00f3n anterior de la l\u00edngula, cubre junto con \u00e9sta el orificio basiforme.<\/p>\n\n\n\n<p><strong>Opistognato<\/strong>: \u201d que tiene la cabeza ubicada de tal manera que las piezas bucales se hallan dirigidas hacia atr\u00e1s; es decir, que el eje cef\u00e1lico forma un \u00e1ngulo.agudo con el eje del cuerpo.\u201d<\/p>\n\n\n\n<p><strong>Opistosoma<\/strong>: Parte posterior del cuerpo (abdomen) de los quelicerados.<\/p>\n\n\n\n<p><strong>Oral<\/strong>: Ver Bucal<\/p>\n\n\n\n<p><strong>Orden<\/strong>:&nbsp;Una subdivisi\u00f3n de una clase o subclase que contiene un grupo de familias emparentadas.&nbsp;Los organofosforados.&nbsp;Compuestos org\u00e1nicos que contienen f\u00f3sforo, un importante grupo de insecticidas sint\u00e9ticos pertenecen a esta clase de productos qu\u00edmicos.<br>\u00e1caros orib\u00e1tidos.&nbsp;Un \u00e1caro que pertenecen a la Oribatei, una unidad grande de \u00e1caros que contiene alrededor de 35 familias en el suborden Sarcoptiformes.<\/p>\n\n\n\n<p><strong>Organismo<\/strong>: Ser viviente que funciona como una unidad y est\u00e1 organizado de acuerdo a la especie a la cual pertenece.<\/p>\n\n\n\n<p><strong>\u00d3rgano<\/strong>: Estructura que constituye una unidad espec\u00edfica estructural y funcional dentro de un organismo. Est\u00e1 constituido por un conjunto de tejidos distintos, unidos estructuralmente y que realizan una funci\u00f3n compleja orientada hacia un objetivo com\u00fan.<\/p>\n\n\n\n<p><strong>Ortocero<\/strong>: Con antenas rectas.<\/p>\n\n\n\n<p><strong>Ortopteroide<\/strong>: Apl\u00edcase a aquellos insectos que se asemejan en alg\u00fan car\u00e1cter a los representantes del orden Orthoptera.<\/p>\n\n\n\n<p><strong>Ort\u00f3pteros<\/strong> (Orthoptera): \u201d orden de insectos relativamente grandes, de cabeza grande con fuertes piezas bucales masticadoras, ojos grandes compuestos y antenas largas. Las alas anteriores cubren a las posteriores, que son membranosas. Algunas especies carecen de alas. Patas posteriores t\u00edpicamente largas y adaptadas para el salto (f\u00e9mur alargado). Abdomen con cercos cortos. Principalmente herb\u00edvoros; a veces destruyen los sembrad\u00edos. Metamorfosis gradual. Incluye los saltamontes, grillos, langostas.\u201d<\/p>\n\n\n\n<p><strong>Oruga<\/strong>: Larva de Lepidoptera.<\/p>\n\n\n\n<p><strong>Ost\u00edolo<\/strong>: Cada una de las aberturas pares laterales de las c\u00e1maras puls\u00e1tiles del vaso dorsal.<\/p>\n\n\n\n<p><strong>Ostium<\/strong> (pl. ostia): Peque\u00f1a abertura en el vaso dorsal de insectos.<\/p>\n\n\n\n<p><strong>Ovario<\/strong>: \u00f3rgano reproductor femenino compuesto por ovariolos.<\/p>\n\n\n\n<p><strong>Ovariolo<\/strong>: Una de las unidades formadoras de gametos en el ovario.<\/p>\n\n\n\n<p><strong>Oviducto<\/strong>: Conducto por donde transitan los huevos, desde el ovario al \u00fatero o al exterior.<\/p>\n\n\n\n<p><strong>Ov\u00edpara<\/strong>: Que pone huevos.<\/p>\n\n\n\n<p><strong>Ov\u00edparos<\/strong>:&nbsp;Producci\u00f3n de huevos que son incubados fuera del cuerpo de la hembra.<\/p>\n\n\n\n<p><strong>Oviposici\u00f3n<\/strong>: Acto de depositar los huevos. Aovaci\u00f3n.<\/p>\n\n\n\n<p><strong>Ovipositor<\/strong>: Conjunto de estructuras apendiculares genitales externas que sirven para depositar los huevos. Por extensi\u00f3n se aplica a los \u00faltimos segmentos abdominales, modificados en forma de tubo para efectuar la postura, de aquellos insectos que carecen de un verdadero ovipositor.<\/p>\n\n\n\n<p><strong>Ovisaco<\/strong>: Bolsa constituida por sustancias cerosas o filamentosas, que se observa en la parte posterior de las hembras de algunos Homoptera.<\/p>\n\n\n\n<p><strong>Oviscapto<\/strong>: Ver Ovipositor<\/p>\n\n\n\n<p><strong>Ovoviviparidad<\/strong>: Modo de multiplicaci\u00f3n por el que las formas j\u00f3venes eclosionan inmediatamente despu\u00e9s de la postura de los huevos.<\/p>\n\n\n\n<p><strong>Ovovivipar\u00eda<\/strong>: retenci\u00f3n de huevos por la hembra de manera de dar a luz un juvenil sin que haya intercambio de nutrientes.<\/p>\n\n\n\n<p><strong>Ovoviv\u00edparos<\/strong>:&nbsp;producci\u00f3n de huevos que viven los j\u00f3venes por la eclosi\u00f3n de los tiempo que en el femenino.<\/p>\n\n\n\n<p><strong>\u00d3vulo<\/strong>: C\u00e9lula sexual femenina.<\/p>\n","protected":false},"excerpt":{"rendered":"<p>A\u2013 B \u2013 C \u2013 D \u2013 E \u2013 F \u2013 G \u2013 H \u2013<\/p>\n","protected":false},"author":1,"featured_media":0,"parent":0,"menu_order":0,"comment_status":"closed","ping_status":"closed","template":"","meta":{"footnotes":""},"class_list":["post-564","page","type-page","status-publish","hentry","comments-off"],"yoast_head":"<!-- This site is optimized with the Yoast SEO plugin v19.9 - https:\/\/yoast.com\/wordpress\/plugins\/seo\/ -->\n<title>GLOSARIO - Letra O - Sanipro<\/title>\n<meta name=\"robots\" content=\"index, follow, max-snippet:-1, max-image-preview:large, max-video-preview:-1\" \/>\n<link rel=\"canonical\" href=\"https:\/\/sanipro.com.ar\/noticias\/glosario-o\/\" \/>\n<meta property=\"og:locale\" content=\"es_ES\" \/>\n<meta property=\"og:type\" content=\"article\" \/>\n<meta property=\"og:title\" content=\"GLOSARIO - Letra O - Sanipro\" \/>\n<meta property=\"og:description\" content=\"A\u2013 B \u2013 C \u2013 D \u2013 E \u2013 F \u2013 G \u2013 H \u2013\" \/>\n<meta property=\"og:url\" content=\"https:\/\/sanipro.com.ar\/noticias\/glosario-o\/\" \/>\n<meta property=\"og:site_name\" content=\"Sanipro\" \/>\n<meta name=\"twitter:card\" content=\"summary_large_image\" \/>\n<meta name=\"twitter:label1\" content=\"Tiempo de lectura\" \/>\n\t<meta name=\"twitter:data1\" content=\"5 minutos\" \/>\n<script type=\"application\/ld+json\" class=\"yoast-schema-graph\">{\"@context\":\"https:\/\/schema.org\",\"@graph\":[{\"@type\":\"WebPage\",\"@id\":\"https:\/\/sanipro.com.ar\/noticias\/glosario-o\/\",\"url\":\"https:\/\/sanipro.com.ar\/noticias\/glosario-o\/\",\"name\":\"GLOSARIO - Letra O - Sanipro\",\"isPartOf\":{\"@id\":\"https:\/\/sanipro.com.ar\/noticias\/#website\"},\"datePublished\":\"2022-02-23T19:11:25+00:00\",\"dateModified\":\"2022-02-23T19:11:25+00:00\",\"breadcrumb\":{\"@id\":\"https:\/\/sanipro.com.ar\/noticias\/glosario-o\/#breadcrumb\"},\"inLanguage\":\"es-AR\",\"potentialAction\":[{\"@type\":\"ReadAction\",\"target\":[\"https:\/\/sanipro.com.ar\/noticias\/glosario-o\/\"]}]},{\"@type\":\"BreadcrumbList\",\"@id\":\"https:\/\/sanipro.com.ar\/noticias\/glosario-o\/#breadcrumb\",\"itemListElement\":[{\"@type\":\"ListItem\",\"position\":1,\"name\":\"Inicio\",\"item\":\"https:\/\/sanipro.com.ar\/noticias\/\"},{\"@type\":\"ListItem\",\"position\":2,\"name\":\"GLOSARIO &#8211; Letra O\"}]},{\"@type\":\"WebSite\",\"@id\":\"https:\/\/sanipro.com.ar\/noticias\/#website\",\"url\":\"https:\/\/sanipro.com.ar\/noticias\/\",\"name\":\"Sanipro\",\"description\":\"Sanidad profesional\",\"publisher\":{\"@id\":\"https:\/\/sanipro.com.ar\/noticias\/#organization\"},\"potentialAction\":[{\"@type\":\"SearchAction\",\"target\":{\"@type\":\"EntryPoint\",\"urlTemplate\":\"https:\/\/sanipro.com.ar\/noticias\/?s={search_term_string}\"},\"query-input\":\"required name=search_term_string\"}],\"inLanguage\":\"es-AR\"},{\"@type\":\"Organization\",\"@id\":\"https:\/\/sanipro.com.ar\/noticias\/#organization\",\"name\":\"Sanipro\",\"url\":\"https:\/\/sanipro.com.ar\/noticias\/\",\"logo\":{\"@type\":\"ImageObject\",\"inLanguage\":\"es-AR\",\"@id\":\"https:\/\/sanipro.com.ar\/noticias\/#\/schema\/logo\/image\/\",\"url\":\"https:\/\/sanipro.com.ar\/noticias\/wp-content\/uploads\/2022\/02\/cropped-LOGO-noticias.fw_-1.png\",\"contentUrl\":\"https:\/\/sanipro.com.ar\/noticias\/wp-content\/uploads\/2022\/02\/cropped-LOGO-noticias.fw_-1.png\",\"width\":250,\"height\":79,\"caption\":\"Sanipro\"},\"image\":{\"@id\":\"https:\/\/sanipro.com.ar\/noticias\/#\/schema\/logo\/image\/\"}}]}<\/script>\n<!-- \/ Yoast SEO plugin. -->","yoast_head_json":{"title":"GLOSARIO - Letra O - Sanipro","robots":{"index":"index","follow":"follow","max-snippet":"max-snippet:-1","max-image-preview":"max-image-preview:large","max-video-preview":"max-video-preview:-1"},"canonical":"https:\/\/sanipro.com.ar\/noticias\/glosario-o\/","og_locale":"es_ES","og_type":"article","og_title":"GLOSARIO - Letra O - Sanipro","og_description":"A\u2013 B \u2013 C \u2013 D \u2013 E \u2013 F \u2013 G \u2013 H \u2013","og_url":"https:\/\/sanipro.com.ar\/noticias\/glosario-o\/","og_site_name":"Sanipro","twitter_card":"summary_large_image","twitter_misc":{"Tiempo de lectura":"5 minutos"},"schema":{"@context":"https:\/\/schema.org","@graph":[{"@type":"WebPage","@id":"https:\/\/sanipro.com.ar\/noticias\/glosario-o\/","url":"https:\/\/sanipro.com.ar\/noticias\/glosario-o\/","name":"GLOSARIO - Letra O - Sanipro","isPartOf":{"@id":"https:\/\/sanipro.com.ar\/noticias\/#website"},"datePublished":"2022-02-23T19:11:25+00:00","dateModified":"2022-02-23T19:11:25+00:00","breadcrumb":{"@id":"https:\/\/sanipro.com.ar\/noticias\/glosario-o\/#breadcrumb"},"inLanguage":"es-AR","potentialAction":[{"@type":"ReadAction","target":["https:\/\/sanipro.com.ar\/noticias\/glosario-o\/"]}]},{"@type":"BreadcrumbList","@id":"https:\/\/sanipro.com.ar\/noticias\/glosario-o\/#breadcrumb","itemListElement":[{"@type":"ListItem","position":1,"name":"Inicio","item":"https:\/\/sanipro.com.ar\/noticias\/"},{"@type":"ListItem","position":2,"name":"GLOSARIO &#8211; Letra O"}]},{"@type":"WebSite","@id":"https:\/\/sanipro.com.ar\/noticias\/#website","url":"https:\/\/sanipro.com.ar\/noticias\/","name":"Sanipro","description":"Sanidad profesional","publisher":{"@id":"https:\/\/sanipro.com.ar\/noticias\/#organization"},"potentialAction":[{"@type":"SearchAction","target":{"@type":"EntryPoint","urlTemplate":"https:\/\/sanipro.com.ar\/noticias\/?s={search_term_string}"},"query-input":"required name=search_term_string"}],"inLanguage":"es-AR"},{"@type":"Organization","@id":"https:\/\/sanipro.com.ar\/noticias\/#organization","name":"Sanipro","url":"https:\/\/sanipro.com.ar\/noticias\/","logo":{"@type":"ImageObject","inLanguage":"es-AR","@id":"https:\/\/sanipro.com.ar\/noticias\/#\/schema\/logo\/image\/","url":"https:\/\/sanipro.com.ar\/noticias\/wp-content\/uploads\/2022\/02\/cropped-LOGO-noticias.fw_-1.png","contentUrl":"https:\/\/sanipro.com.ar\/noticias\/wp-content\/uploads\/2022\/02\/cropped-LOGO-noticias.fw_-1.png","width":250,"height":79,"caption":"Sanipro"},"image":{"@id":"https:\/\/sanipro.com.ar\/noticias\/#\/schema\/logo\/image\/"}}]}},"_links":{"self":[{"href":"https:\/\/sanipro.com.ar\/noticias\/wp-json\/wp\/v2\/pages\/564","targetHints":{"allow":["GET"]}}],"collection":[{"href":"https:\/\/sanipro.com.ar\/noticias\/wp-json\/wp\/v2\/pages"}],"about":[{"href":"https:\/\/sanipro.com.ar\/noticias\/wp-json\/wp\/v2\/types\/page"}],"author":[{"embeddable":true,"href":"https:\/\/sanipro.com.ar\/noticias\/wp-json\/wp\/v2\/users\/1"}],"replies":[{"embeddable":true,"href":"https:\/\/sanipro.com.ar\/noticias\/wp-json\/wp\/v2\/comments?post=564"}],"version-history":[{"count":1,"href":"https:\/\/sanipro.com.ar\/noticias\/wp-json\/wp\/v2\/pages\/564\/revisions"}],"predecessor-version":[{"id":565,"href":"https:\/\/sanipro.com.ar\/noticias\/wp-json\/wp\/v2\/pages\/564\/revisions\/565"}],"wp:attachment":[{"href":"https:\/\/sanipro.com.ar\/noticias\/wp-json\/wp\/v2\/media?parent=564"}],"curies":[{"name":"wp","href":"https:\/\/api.w.org\/{rel}","templated":true}]}}