{"id":566,"date":"2022-02-23T16:23:31","date_gmt":"2022-02-23T19:23:31","guid":{"rendered":"https:\/\/www.saniprosrl.com.ar\/noticias\/?page_id=566"},"modified":"2022-02-23T16:23:31","modified_gmt":"2022-02-23T19:23:31","slug":"glosario-p","status":"publish","type":"page","link":"https:\/\/sanipro.com.ar\/noticias\/glosario-p\/","title":{"rendered":"GLOSARIO &#8211; Letra P"},"content":{"rendered":"\n<p><a href=\"https:\/\/sanipro.com.ar\/noticias\/glosario\/\">A<\/a>\u2013 <a href=\"https:\/\/sanipro.com.ar\/noticias\/glosario-b\/\">B<\/a> \u2013 <a href=\"https:\/\/sanipro.com.ar\/noticias\/glosario-c\/\">C<\/a> \u2013 <a href=\"https:\/\/sanipro.com.ar\/noticias\/glosario-d\/\">D<\/a> \u2013 <a href=\"https:\/\/sanipro.com.ar\/noticias\/glosario-e\/\">E<\/a> \u2013 <a href=\"https:\/\/sanipro.com.ar\/noticias\/glosario-f\/\">F<\/a> \u2013 <a href=\"https:\/\/sanipro.com.ar\/noticias\/glosario-g\/\">G<\/a> \u2013 <a href=\"https:\/\/sanipro.com.ar\/noticias\/glosario-h\/\">H<\/a> \u2013 <a href=\"https:\/\/sanipro.com.ar\/noticias\/glosario-i\/\">I<\/a> \u2013 <a href=\"https:\/\/sanipro.com.ar\/noticias\/glosario-j\/\">J<\/a> \u2013<a href=\"https:\/\/sanipro.com.ar\/noticias\/glosario-k\/\">K<\/a>\u2013 <a href=\"https:\/\/sanipro.com.ar\/noticias\/glosario-l\/\">L<\/a> \u2013 <a href=\"https:\/\/sanipro.com.ar\/noticias\/glosario-m\/\">M<\/a> \u2013 <a href=\"https:\/\/sanipro.com.ar\/noticias\/glosario-n\/\">N<\/a> \u2013 <a href=\"https:\/\/sanipro.com.ar\/noticias\/glosario-o\/\">O<\/a> \u2013 <a href=\"https:\/\/sanipro.com.ar\/noticias\/glosario-p\/\">P<\/a> \u2013 <a href=\"https:\/\/sanipro.com.ar\/noticias\/glosario-q\/\">Q<\/a> \u2013 <a href=\"https:\/\/sanipro.com.ar\/noticias\/glosario-r\/\">R<\/a> \u2013 <a href=\"https:\/\/sanipro.com.ar\/noticias\/glosario-s\/\">S<\/a> \u2013<a href=\"https:\/\/sanipro.com.ar\/noticias\/glosario-t\/\">T<\/a>\u2013 <a href=\"https:\/\/sanipro.com.ar\/noticias\/glosario-u\/\">U<\/a> \u2013 <a href=\"https:\/\/sanipro.com.ar\/noticias\/glosario-v\/\">V<\/a> \u2013<a href=\"https:\/\/sanipro.com.ar\/noticias\/glosario-w\/\">W<\/a>\u2013 <a href=\"https:\/\/sanipro.com.ar\/noticias\/glosario-x\/\">X<\/a> \u2013 <a href=\"https:\/\/sanipro.com.ar\/noticias\/glosario-y\/\">Y<\/a> \u2013 <a href=\"https:\/\/sanipro.com.ar\/noticias\/glosario-z\/\">Z<\/a><\/p>\n\n\n\n<p><strong>Palp<\/strong>: Una pierna como la estructura segmentada que surjan en el maxilar o labio.&nbsp;Palpos tienen una funci\u00f3n sensorial y desempe\u00f1ar un papel importante en la comida de degustaci\u00f3n.<\/p>\n\n\n\n<p><strong>Palpicorne<\/strong>: Con palpos largos y delgados, de forma de antena.<\/p>\n\n\n\n<p><strong>Palp\u00edfero<\/strong>: Peque\u00f1o l\u00f3bulo del est\u00edpite al cual se articula el palpo maxilar.<\/p>\n\n\n\n<p><strong>Palp\u00edgero<\/strong>: L\u00f3bulo lateral par del prelabio al cual se articula el palpo labial.<\/p>\n\n\n\n<p><strong>Palpo<\/strong>: Cada uno de los ap\u00e9ndices sensoriales segmentados del aparato bucal.<\/p>\n\n\n\n<p><strong>Palpognato<\/strong>: Cada uno de los ap\u00e9ndices articulados y m\u00f3viles que, en forma y n\u00famero variable, tienen los artr\u00f3podos alrededor de la boca para palpar o reconocer.<\/p>\n\n\n\n<p><strong>Palud\u00edcolo<\/strong>: Que vive o frecuenta lugares pantanosos.<\/p>\n\n\n\n<p><strong>Paludismo<\/strong>: Ver Malaria<\/p>\n\n\n\n<p><strong>Panal<\/strong>: Conjunto de celdas hexagonales de cera, colocadas en series paralelas dentro de la colmena, donde depositan la miel, el polen y cuidan las cr\u00edas las abejas.<\/p>\n\n\n\n<p><strong>Papila<\/strong>: Proyecci\u00f3n o elevaci\u00f3n blanda y peque\u00f1a del tegumento generalmente asociada con sensilios y frecuente en larvas de Lepidoptera.<\/p>\n\n\n\n<p><strong>Paracl\u00edpeo<\/strong>: En algunas orugas, escleritos adyacentes al cl\u00edpeo.<\/p>\n\n\n\n<p><strong>Paraglossa<\/strong>:&nbsp;Uno de un par de l\u00f3bulos en los bordes exteriores de la punta del labio: con la glossae central, el paraglossae componen la l\u00edgula.<\/p>\n\n\n\n<p><strong>Paranoto<\/strong>: Expansi\u00f3n lateral de la arcada dorsal del t\u00f3rax.<\/p>\n\n\n\n<p><strong>Paraprocto<\/strong>:&nbsp;Uno de los dos l\u00f3bulos que bordean los lados del ano.<\/p>\n\n\n\n<p><strong>Parasitismo<\/strong>: Asociaci\u00f3n constante entre dos individuos por la cual uno de los asociados, el par\u00e1sito, vive a expensas del otro ser vivo, el hospedador, ocasion\u00e1ndole perjuicio.<\/p>\n\n\n\n<p><strong>Par\u00e1sito<\/strong>:&nbsp;Un organismo que gasta la totalidad o parte de su vida en estrecha asociaci\u00f3n con otra especie, tomando el alimento de ella, pero sin dar nada a cambio.Los ectopar\u00e1sitos viven en el exterior de sus anfitriones, mientras que los endopar\u00e1sitos viven dentro de anfitri\u00f3n el cuerpo.<\/p>\n\n\n\n<p><strong>Parasitoide<\/strong>: organismo dependiente de otro durante su vida juvenil, provocandole generalmente la muerte, siendo el adulto de vida libre.<\/p>\n\n\n\n<p><strong>Parasitosis<\/strong>: Enfermedad por par\u00e1sitos.<\/p>\n\n\n\n<p><strong>Parastoma<\/strong>: En d\u00edpteros, porci\u00f3n dorsal del esqueleto cefalofaringeal que se extiende hasta el epistoma.<\/p>\n\n\n\n<p><strong>Paratipo<\/strong>: Todo ejemplar perteneciente a la serie original y utilizado, mencionado o enumerado por el autor en la descripci\u00f3n de una especie y que no fue considerado ni holotipo ni alotipo.<\/p>\n\n\n\n<p><strong>Paria<\/strong>: En larvas de Coleoptera Scarabeidae, regi\u00f3n lateral par de la epifaringe que se extiende desde el clithrum, epizygum y haptomerum (o en \u00a1su lugar, el tylus) hasta las tormae, delimit\u00e1ndose del pedium por una serir de setas de la chaetoparia y posteriormente por las phobae.<\/p>\n\n\n\n<p><strong>Parietal<\/strong>: Area lateral del cr\u00e1neo por debajo de la sutura coronal, entre la frente y el occipucio.<\/p>\n\n\n\n<p><strong>Partenog\u00e9nesis<\/strong>:&nbsp;Una forma de reproducci\u00f3n en la que los huevos se desarrollan normalmente sin ser fertilizado.&nbsp;Este es el m\u00e9todo habitual de reproducci\u00f3n de algunos insectos palo y entre algunas generaciones de avispas y \u00e1fidos.<\/p>\n\n\n\n<p><strong>Partenogen\u00e9tica<\/strong>: Organismo que nace o se reproduce por partenog\u00e9nesis.<\/p>\n\n\n\n<p><strong>Partenogen\u00e9tico<\/strong>: Organismo que nace o se reproduce por partenog\u00e9nesis.<\/p>\n\n\n\n<p><strong>Pata<\/strong>: Ap\u00e9ndice locomotor destinado a la progresi\u00f3n terrestre, si bien puede estar adaptado para otras funciones. Las patas verdaderas de los insectos se insertan en el t\u00f3rax.<\/p>\n\n\n\n<p><strong>Pat\u00f3gena<\/strong>:&nbsp;Dando origen a la enfermedad.<\/p>\n\n\n\n<p><strong>Pauromet\u00e1bolo<\/strong>: Desarrollo juvenil gradual, con alas externas, en el mismo medio que el adulto.<\/p>\n\n\n\n<p><strong>Pecten<\/strong>:&nbsp;Una estructura similar a un peine encontrado en la base de la antena en algunos insectos.<\/p>\n\n\n\n<p><strong>Pectinadas<\/strong>:&nbsp;Tener sucursales que se derivan del eje principal como los dientes de un peine: normalmente se aplica a las antenas.<\/p>\n\n\n\n<p><strong>Pecioladas<\/strong>:&nbsp;adherida por un tallo estrecho.<\/p>\n\n\n\n<p><strong>Pec\u00edolo<\/strong>:&nbsp;La cintura estrecha de las abejas y las avispas y otros himen\u00f3pteros otros: a menudo conocido como el pedicelo cuando se refiere a las hormigas.<\/p>\n\n\n\n<p><strong>Pedicelo<\/strong>:&nbsp;El segundo segmento de la antena: el nombre es dado tambi\u00e9n a la estrecha cintura de una hormiga.<\/p>\n\n\n\n<p><strong>Pedipalpo<\/strong>:&nbsp;El segundo par de ap\u00e9ndices de un ar\u00e1cnido, utiliza para aplastar a sus presas.<\/p>\n\n\n\n<p><strong>Pedog\u00e9nesis<\/strong>: Capacidad de reproducirse en estado juvenil. Reproducci\u00f3n por animales j\u00f3venes o larvarios generalmente sin fertilizaci\u00f3n.<\/p>\n\n\n\n<p><strong>Peste<\/strong> <strong>bub\u00f3nica<\/strong>:&nbsp;Una enfermedad bacteriana de los roedores y el hombre causada por&nbsp;Pasteurella pestis&nbsp;y se transmite principalmente por la pulga de la rata oriental, caracterizado por escalofr\u00edos, fiebre, e hinchaz\u00f3n inflamatoria de las gl\u00e1ndulas linf\u00e1ticas.<\/p>\n\n\n\n<p><strong>Platyform<\/strong> <strong>larva<\/strong>:&nbsp;larva muy aplanada A.<\/p>\n\n\n\n<p><strong>Pleura<\/strong>: \u00c1reas laterales de un segmento; tegumento flexible.<\/p>\n\n\n\n<p><strong>Pleurito<\/strong>: Esclerito del \u00e1rea pleural.<\/p>\n\n\n\n<p><strong>Plumosas<\/strong>:&nbsp;pluma-como, como en antenas plumosas.<\/p>\n\n\n\n<p><strong>Pilosos<\/strong>:&nbsp;densamente cubiertas con pelo.<\/p>\n\n\n\n<p><strong>Pleural<\/strong>:&nbsp;En cuanto a las paredes laterales del cuerpo.<\/p>\n\n\n\n<p><strong>Pleur\u00f3n<\/strong>:&nbsp;La pared lateral de un segmento tor\u00e1cico.<\/p>\n\n\n\n<p><strong>Plumosas<\/strong>:&nbsp;Con numerosas ramas de plumas: se aplica especialmente a las antenas.<\/p>\n\n\n\n<p><strong>Polen<\/strong>:&nbsp;La masa de microsporas o masculino elementos fertilizantes de plantas con flores.<\/p>\n\n\n\n<p><strong>Polen<\/strong> <strong>Basket<\/strong>:&nbsp;El polen que transporta la regi\u00f3n en la pata trasera, de una abeja: tambi\u00e9n conocida como la corb\u00edcula.<\/p>\n\n\n\n<p><strong>Poliandria<\/strong>: Condici\u00f3n en que una hembra se aparea con muchos machos.<\/p>\n\n\n\n<p><strong>Poliembrion\u00eda<\/strong>:&nbsp;La producci\u00f3n de varios embriones a partir de un solo huevo, como en algunos chalcids.<\/p>\n\n\n\n<p><strong>Poliniza<\/strong>:&nbsp;Para transferir los granos de polen de un estambre a un estigma o \u00f3vulo de una planta.<\/p>\n\n\n\n<p><strong>Pol\u00edfagos<\/strong>: Alimenta de una variedad de plantas y animales.<\/p>\n\n\n\n<p><strong>Polif\u00e9nica<\/strong>: Especie donde hay varias formas y funciones en ejemplares con una misma base g\u00e9nica.<\/p>\n\n\n\n<p><strong>Poligamia<\/strong>: Condici\u00f3n de apareamientos m\u00faltiples.<\/p>\n\n\n\n<p><strong>Poliginia<\/strong>: Condici\u00f3n de un macho que se aparea con muchas hembras.<\/p>\n\n\n\n<p><strong>Polinefr\u00eddico<\/strong>: Especie con 8 a 150 tubos de Malpighi.<\/p>\n\n\n\n<p><strong>Poliploide<\/strong>: Con m\u00e1s de dos series de cromosomas.<\/p>\n\n\n\n<p><strong>Porrecto<\/strong>:&nbsp;Extiende horizontalmente hacia adelante: se aplica especialmente a las antenas.<\/p>\n\n\n\n<p><strong>Posterior<\/strong>:&nbsp;Relativas o mirando hacia atr\u00e1s.<\/p>\n\n\n\n<p><strong>Postmentum<\/strong>:&nbsp;La regi\u00f3n basal del labio.<\/p>\n\n\n\n<p><strong>Postnoto<\/strong>: P laca intersegmentaria unida al tergo precedente en el t\u00f3rax.<\/p>\n\n\n\n<p><strong>Postscutellum<\/strong>:&nbsp;Una peque\u00f1a divisi\u00f3n del mesonoto justo detr\u00e1s del escutelo: suele ser muy peque\u00f1a o ausente, pero bien desarrollada en ciertas moscas.<\/p>\n\n\n\n<p><strong>Pre<\/strong>\u2013<strong>apical<\/strong>:&nbsp;provenientes justo antes de la punta: muchas moscas.&nbsp;por ejemplo, han pre-apical cerdas justo antes de la punta de la tibia.<\/p>\n\n\n\n<p><strong>Precostal<\/strong> <strong>\u00e1rea<\/strong>:&nbsp;El \u00e1rea delante de, o al primer plano de la costa.<\/p>\n\n\n\n<p><strong>Predator<\/strong>:&nbsp;Un animal que ataca y se alimenta de otros animales, por lo general m\u00e1s peque\u00f1o y m\u00e1s d\u00e9bil que \u00e9l.<\/p>\n\n\n\n<p><strong>Prementum<\/strong>:&nbsp;La regi\u00f3n distal del labio, del que emanan los palpos labiales y la l\u00edgula.<\/p>\n\n\n\n<p><strong>Preovipositional<\/strong> <strong>per\u00edodo<\/strong>:&nbsp;El per\u00edodo entre la aparici\u00f3n de una mujer adulta y el inicio de su puesta de huevos.<\/p>\n\n\n\n<p><strong>Prepupa<\/strong>:&nbsp;El estadio larval pasada despu\u00e9s de que \u00e9ste deje de alimentaci\u00f3n, a menudo adopta un aspecto distintivo convertirse en reposo y encogido m\u00e1s, y muchas veces parece muerto.<\/p>\n\n\n\n<p><strong>Presterno<\/strong>: E sclerito esternal anterior limitado por la sutura presternal.<\/p>\n\n\n\n<p><strong>Presunta<\/strong> <strong>organizaci\u00f3n<\/strong>:&nbsp;Disposici\u00f3n de las c\u00e9lulas en el embri\u00f3n en grupos que en el desarrollo normal convertido en un \u00f3rgano o tejido en particular.<\/p>\n\n\n\n<p><strong>Pretarsus<\/strong>:&nbsp;En los insectos el segmento terminal de la pierna que lleva el pretarsal garras.<\/p>\n\n\n\n<p><strong>Prob\u00f3scide<\/strong>: Nombre dado a varios tipos de bocas de succi\u00f3n en el que algunas de las piezas de la boca se dibujan para formar tubos.<\/p>\n\n\n\n<p><strong>Procariota<\/strong>: Organismos haploides, sin n\u00facleo discreto como bacterias y algas azules.<\/p>\n\n\n\n<p><strong>Proctodeal<\/strong> <strong>v\u00e1lvula<\/strong>: En los insectos, una v\u00e1lvula en el extremo anterior del intestino grueso que sirve como un mecanismo de occlusor.<\/p>\n\n\n\n<p><strong>Proctodeo<\/strong>: Intestino posterior revestido de cut\u00edcula.<\/p>\n\n\n\n<p><strong>Procut\u00edcula<\/strong>: Parte de la cut\u00edcula, de funciones esquel\u00e9ticas, ubicada por abajo de la epicut\u00edcula.<\/p>\n\n\n\n<p><strong>Prognata<\/strong>: Tener una cabeza m\u00e1s o menos horizontal, con la boca-partes en el frente.<\/p>\n\n\n\n<p><strong>Proleg<\/strong>: Una de las piernas carnosas, rechoncho en la regi\u00f3n posterior de la oruga.<\/p>\n\n\n\n<p><strong>Pronotales<\/strong> <strong>Comb<\/strong>: Una fila de espinas en el margen grueso posterior del pronoto de pulgas determinados.<\/p>\n\n\n\n<p><strong>Pronoto<\/strong>: La superficie dorsal o esclerito dorsal de la serie de primera.<\/p>\n\n\n\n<p><strong>Propioceptor<\/strong>: Receptor interno que proporciona informaci\u00f3n sobre presi\u00f3n de m\u00fasculos o tendones.<\/p>\n\n\n\n<p><strong>Propodeo<\/strong>: El 1er segmento abdominal en el grupo de himen\u00f3pteros conocido como el Apocrita: es una fusi\u00f3n completa con el t\u00f3rax.<\/p>\n\n\n\n<p><strong>Propupa<\/strong>: En los trips, el siguiente al \u00faltimo estadio de ninfa en la que las pastillas est\u00e1n presentes alas y las patas cortas y gruesas.&nbsp;Tambi\u00e9n en las cochinillas masculinas.<\/p>\n\n\n\n<p><strong>Prosterno<\/strong>: Ventral superficie del segmento tor\u00e1cico primero.<\/p>\n\n\n\n<p><strong>Prob\u00f3scide<\/strong>: Aparato bucal en forma de trompa o pico, dispuesto para la succi\u00f3n, que es propio de los insectos d\u00edpteros.<\/p>\n\n\n\n<p><strong>Proterosoma<\/strong>: En los \u00e1caros, la parte anterior del cuerpo cuando hay una demarcaci\u00f3n de cuerpo entre el segundo y tercer par de patas.<\/p>\n\n\n\n<p><strong>Protocerebro<\/strong>: L\u00f3bulo mayor del cerebro, relacionado directamente con los ojos y centros internos.<\/p>\n\n\n\n<p><strong>Prot\u00f3rax<\/strong>: La primera o anterior segmento tor\u00e1cico.<\/p>\n\n\n\n<p><strong>Protoninfa<\/strong>: El segundo estadio de un \u00e1caro.<\/p>\n\n\n\n<p><strong>Proventr\u00edculo<\/strong>: La secci\u00f3n posterior del intestino anterior.<\/p>\n\n\n\n<p><strong>Pseud\u00f3podo<\/strong>: En larvas de Diptera, procesos blandos que ayudan a su desplazamiento.<\/p>\n\n\n\n<p><strong>Pseudopupa<\/strong>: Forma larval en estado de hipnodia.<\/p>\n\n\n\n<p><strong>Pseudoscorpiones<\/strong>: Ar\u00e1cnidos peque\u00f1os, rara vez m\u00e1s de 5 mm.&nbsp;de largo, el escorpi\u00f3n-como en aspecto general, pero sin picar.<\/p>\n\n\n\n<p><strong>Pseudotr\u00e1quea<\/strong>: Surcos finos presentes en la labela de las moscas.<\/p>\n\n\n\n<p><strong>Pseudoplacentaria<\/strong> (vivipar\u00eda): Desarrollo en que el embri\u00f3n obtiene material nutritivo desde una pseudo placenta.<\/p>\n\n\n\n<p><strong>Pseudovipositor<\/strong>: El tubo delgado que la parte posterior del abdomen, se reduce en la hembra de ciertos insectos.<\/p>\n\n\n\n<p><strong>Proximal<\/strong>: En cuanto a la parte basal de un ap\u00e9ndice \u2013 la parte m\u00e1s cercana al cuerpo.<\/p>\n\n\n\n<p><strong>Pruinose<\/strong>: Cubierto con un dep\u00f3sito de polvo, por lo general de color blanco o azul p\u00e1lido: especialmente aplicado a Odonata.<\/p>\n\n\n\n<p><strong>Pterig\u00f3geno<\/strong>: Que posee alas en el estado adulto.<\/p>\n\n\n\n<p><strong>Pterigota<\/strong>: Con alas.<\/p>\n\n\n\n<p><strong>Pterostigma<\/strong>: Una peque\u00f1a \u00e1rea de color cerca de la punta de las alas de lib\u00e9lulas, abejas, y varios otros insectos de alas claras: tambi\u00e9n llamado el estigma.<\/p>\n\n\n\n<p><strong>Pteroteca<\/strong>: Parte de la envoltura pupal que cubre las alas.<\/p>\n\n\n\n<p><strong>Pterot\u00f3rax<\/strong>: Prot\u00f3rax y mesot\u00f3rax.<\/p>\n\n\n\n<p><strong>Pterygote<\/strong>: Cualquier miembro de la subclase Pterygota, que incluye todas las alas y en segundo lugar, algunos insectos sin alas.<\/p>\n\n\n\n<p><strong>Ptilinum<\/strong>: En Diptera un \u00f3rgano que se puede inflar a una estructura similar a la vejiga y el empuje a trav\u00e9s de una sutura frontal de la cabeza en el momento de aparici\u00f3n del pupario.<\/p>\n\n\n\n<p><strong>Pubescentes<\/strong>: Cubierto de pelo corto y suave.<\/p>\n\n\n\n<p><strong>Puesta<\/strong>: Huevo o conjunto de huevos depositado por un insecto.<\/p>\n\n\n\n<p><strong>Pulga<\/strong>: Nombre com\u00fan de insectos pertenecientes al orden Siphonaptera, peque\u00f1os, sin alas y de cuerpo aplanado lateralmente. Partes bucales adaptadas para perforar y chupar. Patas largas y robustas adaptadas para saltar. Ectopar\u00e1sito de aves y mam\u00edferos, de los que chupa su sangre. Frecuentemente es vector de algunas enfermedades.<\/p>\n\n\n\n<p><strong>Pulvillo<\/strong>: Cada uno de los dos l\u00f3bulos laterales de adherencia del pretarso de algunos insectos, situados por debajo de las u\u00f1as.<\/p>\n\n\n\n<p><strong>Pulvillus<\/strong>: La almohadilla peque\u00f1a debajo de cada u\u00f1a en el pie de una mosca.<\/p>\n\n\n\n<p><strong>Punteada<\/strong>: Cubierto con hoyos min\u00fasculos o depresiones, como los \u00e9litros de escarabajos y el t\u00f3rax de himen\u00f3pteros muchos.<\/p>\n\n\n\n<p><strong>Pupa<\/strong>: (del lat\u00edn pupa, mu\u00f1eca) estado de los insectos, intermedio entre larvas y adultos, caracterizado por no alimentarse y una escasa o nula movilidad. Durante \u00e9ste se producen una serie de procesos de hist\u00f3lisis, histog\u00e9nesis y necrosis (metamorfosis).<\/p>\n\n\n\n<p><strong>Pupaci\u00f3n<\/strong>: Ver pupar<\/p>\n\n\n\n<p><strong>Pupal<\/strong>: Perteneciente o relativo al estado pupal.<\/p>\n\n\n\n<p><strong>Pupan<\/strong>: Ver pupar<\/p>\n\n\n\n<p><strong>Pupar<\/strong>: Pasar a estado de pupa.<\/p>\n\n\n\n<p><strong>Pupario<\/strong>: En Diptera Cyclorrhapha, la c\u00e1psula pupal representada por la \u00faltima piel o exuvia larval que no es eliminada, sino que persiste endurecida e independiente del insecto que encierra en estado de pupa.<\/p>\n\n\n\n<p><strong>Pup\u00edparo<\/strong>: Que deposita larvas desarrolladas que empupan de inmediato. Este proceso es caracter\u00edstico de ciertos d\u00edpteros.<\/p>\n\n\n\n<p><strong>Pup\u00edvoro<\/strong>: Que se alimenta de pupas.<\/p>\n","protected":false},"excerpt":{"rendered":"<p>A\u2013 B \u2013 C \u2013 D \u2013 E \u2013 F \u2013 G \u2013 H \u2013<\/p>\n","protected":false},"author":1,"featured_media":0,"parent":0,"menu_order":0,"comment_status":"closed","ping_status":"closed","template":"","meta":{"footnotes":""},"class_list":["post-566","page","type-page","status-publish","hentry","comments-off"],"yoast_head":"<!-- This site is optimized with the Yoast SEO plugin v19.9 - https:\/\/yoast.com\/wordpress\/plugins\/seo\/ -->\n<title>GLOSARIO - Letra P - Sanipro<\/title>\n<meta name=\"robots\" content=\"index, follow, max-snippet:-1, max-image-preview:large, max-video-preview:-1\" \/>\n<link rel=\"canonical\" href=\"https:\/\/sanipro.com.ar\/noticias\/glosario-p\/\" \/>\n<meta property=\"og:locale\" content=\"es_ES\" \/>\n<meta property=\"og:type\" content=\"article\" \/>\n<meta property=\"og:title\" content=\"GLOSARIO - Letra P - Sanipro\" \/>\n<meta property=\"og:description\" content=\"A\u2013 B \u2013 C \u2013 D \u2013 E \u2013 F \u2013 G \u2013 H \u2013\" \/>\n<meta property=\"og:url\" content=\"https:\/\/sanipro.com.ar\/noticias\/glosario-p\/\" \/>\n<meta property=\"og:site_name\" content=\"Sanipro\" \/>\n<meta name=\"twitter:card\" content=\"summary_large_image\" \/>\n<meta name=\"twitter:label1\" content=\"Tiempo de lectura\" \/>\n\t<meta name=\"twitter:data1\" content=\"10 minutos\" \/>\n<script type=\"application\/ld+json\" class=\"yoast-schema-graph\">{\"@context\":\"https:\/\/schema.org\",\"@graph\":[{\"@type\":\"WebPage\",\"@id\":\"https:\/\/sanipro.com.ar\/noticias\/glosario-p\/\",\"url\":\"https:\/\/sanipro.com.ar\/noticias\/glosario-p\/\",\"name\":\"GLOSARIO - Letra P - Sanipro\",\"isPartOf\":{\"@id\":\"https:\/\/sanipro.com.ar\/noticias\/#website\"},\"datePublished\":\"2022-02-23T19:23:31+00:00\",\"dateModified\":\"2022-02-23T19:23:31+00:00\",\"breadcrumb\":{\"@id\":\"https:\/\/sanipro.com.ar\/noticias\/glosario-p\/#breadcrumb\"},\"inLanguage\":\"es-AR\",\"potentialAction\":[{\"@type\":\"ReadAction\",\"target\":[\"https:\/\/sanipro.com.ar\/noticias\/glosario-p\/\"]}]},{\"@type\":\"BreadcrumbList\",\"@id\":\"https:\/\/sanipro.com.ar\/noticias\/glosario-p\/#breadcrumb\",\"itemListElement\":[{\"@type\":\"ListItem\",\"position\":1,\"name\":\"Inicio\",\"item\":\"https:\/\/sanipro.com.ar\/noticias\/\"},{\"@type\":\"ListItem\",\"position\":2,\"name\":\"GLOSARIO &#8211; Letra P\"}]},{\"@type\":\"WebSite\",\"@id\":\"https:\/\/sanipro.com.ar\/noticias\/#website\",\"url\":\"https:\/\/sanipro.com.ar\/noticias\/\",\"name\":\"Sanipro\",\"description\":\"Sanidad profesional\",\"publisher\":{\"@id\":\"https:\/\/sanipro.com.ar\/noticias\/#organization\"},\"potentialAction\":[{\"@type\":\"SearchAction\",\"target\":{\"@type\":\"EntryPoint\",\"urlTemplate\":\"https:\/\/sanipro.com.ar\/noticias\/?s={search_term_string}\"},\"query-input\":\"required name=search_term_string\"}],\"inLanguage\":\"es-AR\"},{\"@type\":\"Organization\",\"@id\":\"https:\/\/sanipro.com.ar\/noticias\/#organization\",\"name\":\"Sanipro\",\"url\":\"https:\/\/sanipro.com.ar\/noticias\/\",\"logo\":{\"@type\":\"ImageObject\",\"inLanguage\":\"es-AR\",\"@id\":\"https:\/\/sanipro.com.ar\/noticias\/#\/schema\/logo\/image\/\",\"url\":\"https:\/\/sanipro.com.ar\/noticias\/wp-content\/uploads\/2022\/02\/cropped-LOGO-noticias.fw_-1.png\",\"contentUrl\":\"https:\/\/sanipro.com.ar\/noticias\/wp-content\/uploads\/2022\/02\/cropped-LOGO-noticias.fw_-1.png\",\"width\":250,\"height\":79,\"caption\":\"Sanipro\"},\"image\":{\"@id\":\"https:\/\/sanipro.com.ar\/noticias\/#\/schema\/logo\/image\/\"}}]}<\/script>\n<!-- \/ Yoast SEO plugin. -->","yoast_head_json":{"title":"GLOSARIO - Letra P - Sanipro","robots":{"index":"index","follow":"follow","max-snippet":"max-snippet:-1","max-image-preview":"max-image-preview:large","max-video-preview":"max-video-preview:-1"},"canonical":"https:\/\/sanipro.com.ar\/noticias\/glosario-p\/","og_locale":"es_ES","og_type":"article","og_title":"GLOSARIO - Letra P - Sanipro","og_description":"A\u2013 B \u2013 C \u2013 D \u2013 E \u2013 F \u2013 G \u2013 H \u2013","og_url":"https:\/\/sanipro.com.ar\/noticias\/glosario-p\/","og_site_name":"Sanipro","twitter_card":"summary_large_image","twitter_misc":{"Tiempo de lectura":"10 minutos"},"schema":{"@context":"https:\/\/schema.org","@graph":[{"@type":"WebPage","@id":"https:\/\/sanipro.com.ar\/noticias\/glosario-p\/","url":"https:\/\/sanipro.com.ar\/noticias\/glosario-p\/","name":"GLOSARIO - Letra P - Sanipro","isPartOf":{"@id":"https:\/\/sanipro.com.ar\/noticias\/#website"},"datePublished":"2022-02-23T19:23:31+00:00","dateModified":"2022-02-23T19:23:31+00:00","breadcrumb":{"@id":"https:\/\/sanipro.com.ar\/noticias\/glosario-p\/#breadcrumb"},"inLanguage":"es-AR","potentialAction":[{"@type":"ReadAction","target":["https:\/\/sanipro.com.ar\/noticias\/glosario-p\/"]}]},{"@type":"BreadcrumbList","@id":"https:\/\/sanipro.com.ar\/noticias\/glosario-p\/#breadcrumb","itemListElement":[{"@type":"ListItem","position":1,"name":"Inicio","item":"https:\/\/sanipro.com.ar\/noticias\/"},{"@type":"ListItem","position":2,"name":"GLOSARIO &#8211; Letra P"}]},{"@type":"WebSite","@id":"https:\/\/sanipro.com.ar\/noticias\/#website","url":"https:\/\/sanipro.com.ar\/noticias\/","name":"Sanipro","description":"Sanidad profesional","publisher":{"@id":"https:\/\/sanipro.com.ar\/noticias\/#organization"},"potentialAction":[{"@type":"SearchAction","target":{"@type":"EntryPoint","urlTemplate":"https:\/\/sanipro.com.ar\/noticias\/?s={search_term_string}"},"query-input":"required name=search_term_string"}],"inLanguage":"es-AR"},{"@type":"Organization","@id":"https:\/\/sanipro.com.ar\/noticias\/#organization","name":"Sanipro","url":"https:\/\/sanipro.com.ar\/noticias\/","logo":{"@type":"ImageObject","inLanguage":"es-AR","@id":"https:\/\/sanipro.com.ar\/noticias\/#\/schema\/logo\/image\/","url":"https:\/\/sanipro.com.ar\/noticias\/wp-content\/uploads\/2022\/02\/cropped-LOGO-noticias.fw_-1.png","contentUrl":"https:\/\/sanipro.com.ar\/noticias\/wp-content\/uploads\/2022\/02\/cropped-LOGO-noticias.fw_-1.png","width":250,"height":79,"caption":"Sanipro"},"image":{"@id":"https:\/\/sanipro.com.ar\/noticias\/#\/schema\/logo\/image\/"}}]}},"_links":{"self":[{"href":"https:\/\/sanipro.com.ar\/noticias\/wp-json\/wp\/v2\/pages\/566","targetHints":{"allow":["GET"]}}],"collection":[{"href":"https:\/\/sanipro.com.ar\/noticias\/wp-json\/wp\/v2\/pages"}],"about":[{"href":"https:\/\/sanipro.com.ar\/noticias\/wp-json\/wp\/v2\/types\/page"}],"author":[{"embeddable":true,"href":"https:\/\/sanipro.com.ar\/noticias\/wp-json\/wp\/v2\/users\/1"}],"replies":[{"embeddable":true,"href":"https:\/\/sanipro.com.ar\/noticias\/wp-json\/wp\/v2\/comments?post=566"}],"version-history":[{"count":1,"href":"https:\/\/sanipro.com.ar\/noticias\/wp-json\/wp\/v2\/pages\/566\/revisions"}],"predecessor-version":[{"id":567,"href":"https:\/\/sanipro.com.ar\/noticias\/wp-json\/wp\/v2\/pages\/566\/revisions\/567"}],"wp:attachment":[{"href":"https:\/\/sanipro.com.ar\/noticias\/wp-json\/wp\/v2\/media?parent=566"}],"curies":[{"name":"wp","href":"https:\/\/api.w.org\/{rel}","templated":true}]}}