{"id":570,"date":"2022-02-23T16:25:54","date_gmt":"2022-02-23T19:25:54","guid":{"rendered":"https:\/\/www.saniprosrl.com.ar\/noticias\/?page_id=570"},"modified":"2022-02-23T16:25:54","modified_gmt":"2022-02-23T19:25:54","slug":"glosario-r","status":"publish","type":"page","link":"https:\/\/sanipro.com.ar\/noticias\/glosario-r\/","title":{"rendered":"GLOSARIO &#8211; letra R"},"content":{"rendered":"\n<p><a href=\"https:\/\/sanipro.com.ar\/noticias\/glosario\/\">A<\/a>\u2013 <a href=\"https:\/\/sanipro.com.ar\/noticias\/glosario-b\/\">B<\/a> \u2013 <a href=\"https:\/\/sanipro.com.ar\/noticias\/glosario-c\/\">C<\/a> \u2013 <a href=\"https:\/\/sanipro.com.ar\/noticias\/glosario-d\/\">D<\/a> \u2013 <a href=\"https:\/\/sanipro.com.ar\/noticias\/glosario-e\/\">E<\/a> \u2013 <a href=\"https:\/\/sanipro.com.ar\/noticias\/glosario-f\/\">F<\/a> \u2013 <a href=\"https:\/\/sanipro.com.ar\/noticias\/glosario-g\/\">G<\/a> \u2013 <a href=\"https:\/\/sanipro.com.ar\/noticias\/glosario-h\/\">H<\/a> \u2013 <a href=\"https:\/\/sanipro.com.ar\/noticias\/glosario-i\/\">I<\/a> \u2013 <a href=\"https:\/\/sanipro.com.ar\/noticias\/glosario-j\/\">J<\/a> \u2013<a href=\"https:\/\/sanipro.com.ar\/noticias\/glosario-k\/\">K<\/a>\u2013 <a href=\"https:\/\/sanipro.com.ar\/noticias\/glosario-l\/\">L<\/a> \u2013 <a href=\"https:\/\/sanipro.com.ar\/noticias\/glosario-m\/\">M<\/a> \u2013 <a href=\"https:\/\/sanipro.com.ar\/noticias\/glosario-n\/\">N<\/a> \u2013 <a href=\"https:\/\/sanipro.com.ar\/noticias\/glosario-o\/\">O<\/a> \u2013 <a href=\"https:\/\/sanipro.com.ar\/noticias\/glosario-p\/\">P<\/a> \u2013 <a href=\"https:\/\/sanipro.com.ar\/noticias\/glosario-q\/\">Q<\/a> \u2013 <a href=\"https:\/\/sanipro.com.ar\/noticias\/glosario-r\/\">R<\/a> \u2013 <a href=\"https:\/\/sanipro.com.ar\/noticias\/glosario-s\/\">S<\/a> \u2013<a href=\"https:\/\/sanipro.com.ar\/noticias\/glosario-t\/\">T<\/a>\u2013 <a href=\"https:\/\/sanipro.com.ar\/noticias\/glosario-u\/\">U<\/a> \u2013 <a href=\"https:\/\/sanipro.com.ar\/noticias\/glosario-v\/\">V<\/a> \u2013<a href=\"https:\/\/sanipro.com.ar\/noticias\/glosario-w\/\">W<\/a>\u2013 <a href=\"https:\/\/sanipro.com.ar\/noticias\/glosario-x\/\">X<\/a> \u2013 <a href=\"https:\/\/sanipro.com.ar\/noticias\/glosario-y\/\">Y<\/a> \u2013 <a href=\"https:\/\/sanipro.com.ar\/noticias\/glosario-z\/\">Z<\/a><\/p>\n\n\n\n<p><strong>Rabdoma<\/strong>:Eje fotosensible en el centro de las c\u00e9lulas de la ret\u00ednula.<\/p>\n\n\n\n<p><strong>Radial<\/strong>: Relativo o perteneciente al radio.<\/p>\n\n\n\n<p><strong>Radial<\/strong>, <strong>Nervadura<\/strong>:&nbsp;Tercera y generalmente m\u00e1s gruesa nervadura del ala.<\/p>\n\n\n\n<p><strong>Raedor<\/strong>, <strong>Aparato<\/strong> <strong>Bucal<\/strong>:&nbsp;Tipo de aparato bucal propio de Thysanoptera, caracterizado por la asimetr\u00eda de sus piezas constitutivas, las cuales est\u00e1n adaptadas para raer y dilacerar los tejidos vegetales tiernos y sorber los jugos manantes.<\/p>\n\n\n\n<p><strong>Raptora<\/strong>, <strong>Pata<\/strong>:&nbsp;Tipo de pata adaptada para atrapar y sujetar presas.<\/p>\n\n\n\n<p><strong>Recto<\/strong>: Porci\u00f3n terminal del proctodeo que desemboca en el ano.<\/p>\n\n\n\n<p><strong>Recurrente<\/strong>, <strong>Nervadura<\/strong>: En Hymenoptera, una o dos nervaduras que parten del margen inferior de una de las c\u00e9ldas submarginales.<\/p>\n\n\n\n<p><strong>Reina<\/strong>: Hembra f\u00e9rtil de los insectos sociales.<\/p>\n\n\n\n<p><strong>Remigio<\/strong>:&nbsp;Regi\u00f3n principal y activa del ala que se extiende desde el borde anterior hasta el pliegue vannal; contiene las nervaduras costal, subcostal, radial, medial, y cubital.<\/p>\n\n\n\n<p><strong>Repugnatorias<\/strong>, <strong>Gl\u00e1ndulas<\/strong>: Gl\u00e1ndulas que pueden estar ubicadas en distintas partes del cuerpo, y que producen sustancias malolientes o hediondas que algunos insectos utilizan como medio de defensa contra sus enemigos.<\/p>\n\n\n\n<p><strong>Resilina<\/strong>: Prote\u00edna el\u00e1stica de la procut\u00edcula.<\/p>\n\n\n\n<p><strong>Reticulado<\/strong>: En forma de ret\u00edcula o como una red.<\/p>\n\n\n\n<p><strong>Retina<\/strong>: Aparato fotorreceptor del ojo compuesto, constituido por el conjunto de c\u00e9lulas de los omatidios.<\/p>\n\n\n\n<p><strong>Retin\u00e1culo<\/strong>:&nbsp;Conjunto de cerdas o pelos situados en la cara ventral del ala anterior, pr\u00f3ximo a la base y junto a la nervadura cubital, al cual se engancha el fr\u00e9nulo produciendo el acoplamiento alar en ciertos lepid\u00f3pteros. En Collembola, ver ten\u00e1culo.<\/p>\n\n\n\n<p><strong>Rey<\/strong>:&nbsp;En Isoptera, macho alado y desarrollado sexualmente.<\/p>\n\n\n\n<p><strong>Rinc\u00f3foro<\/strong>: Apl\u00edcase a aquellos cole\u00f3pteros cuya cabeza est\u00e1 prolongada en forma de pico.<\/p>\n\n\n\n<p><strong>Riz\u00f3fago<\/strong>:&nbsp;Que se alimenta de ra\u00edces.<\/p>\n\n\n\n<p><strong>Rodopsina<\/strong>: Pigmento fotosensible de los ojos.<\/p>\n\n\n\n<p><strong>Rostral<\/strong>: Relativo o perteneciente al rostro.<\/p>\n\n\n\n<p><strong>Rostro<\/strong>: (Del lat\u00edn rostrum, pico) prolongaci\u00f3n de la cabeza, en forma de pico, portadora de las piezas bucales; el labio de Hemiptera y Homoptera; la parte basal de la proboscis en Diptera.<\/p>\n","protected":false},"excerpt":{"rendered":"<p>A\u2013 B \u2013 C \u2013 D \u2013 E \u2013 F \u2013 G \u2013 H \u2013<\/p>\n","protected":false},"author":1,"featured_media":0,"parent":0,"menu_order":0,"comment_status":"closed","ping_status":"closed","template":"","meta":{"footnotes":""},"class_list":["post-570","page","type-page","status-publish","hentry","comments-off"],"yoast_head":"<!-- This site is optimized with the Yoast SEO plugin v19.9 - https:\/\/yoast.com\/wordpress\/plugins\/seo\/ -->\n<title>GLOSARIO - letra R - Sanipro<\/title>\n<meta name=\"robots\" content=\"index, follow, max-snippet:-1, max-image-preview:large, max-video-preview:-1\" \/>\n<link rel=\"canonical\" href=\"https:\/\/sanipro.com.ar\/noticias\/glosario-r\/\" \/>\n<meta property=\"og:locale\" content=\"es_ES\" \/>\n<meta property=\"og:type\" content=\"article\" \/>\n<meta property=\"og:title\" content=\"GLOSARIO - letra R - Sanipro\" \/>\n<meta property=\"og:description\" content=\"A\u2013 B \u2013 C \u2013 D \u2013 E \u2013 F \u2013 G \u2013 H \u2013\" \/>\n<meta property=\"og:url\" content=\"https:\/\/sanipro.com.ar\/noticias\/glosario-r\/\" \/>\n<meta property=\"og:site_name\" content=\"Sanipro\" \/>\n<meta name=\"twitter:card\" content=\"summary_large_image\" \/>\n<meta name=\"twitter:label1\" content=\"Tiempo de lectura\" \/>\n\t<meta name=\"twitter:data1\" content=\"2 minutos\" \/>\n<script type=\"application\/ld+json\" class=\"yoast-schema-graph\">{\"@context\":\"https:\/\/schema.org\",\"@graph\":[{\"@type\":\"WebPage\",\"@id\":\"https:\/\/sanipro.com.ar\/noticias\/glosario-r\/\",\"url\":\"https:\/\/sanipro.com.ar\/noticias\/glosario-r\/\",\"name\":\"GLOSARIO - letra R - Sanipro\",\"isPartOf\":{\"@id\":\"https:\/\/sanipro.com.ar\/noticias\/#website\"},\"datePublished\":\"2022-02-23T19:25:54+00:00\",\"dateModified\":\"2022-02-23T19:25:54+00:00\",\"breadcrumb\":{\"@id\":\"https:\/\/sanipro.com.ar\/noticias\/glosario-r\/#breadcrumb\"},\"inLanguage\":\"es-AR\",\"potentialAction\":[{\"@type\":\"ReadAction\",\"target\":[\"https:\/\/sanipro.com.ar\/noticias\/glosario-r\/\"]}]},{\"@type\":\"BreadcrumbList\",\"@id\":\"https:\/\/sanipro.com.ar\/noticias\/glosario-r\/#breadcrumb\",\"itemListElement\":[{\"@type\":\"ListItem\",\"position\":1,\"name\":\"Inicio\",\"item\":\"https:\/\/sanipro.com.ar\/noticias\/\"},{\"@type\":\"ListItem\",\"position\":2,\"name\":\"GLOSARIO &#8211; letra R\"}]},{\"@type\":\"WebSite\",\"@id\":\"https:\/\/sanipro.com.ar\/noticias\/#website\",\"url\":\"https:\/\/sanipro.com.ar\/noticias\/\",\"name\":\"Sanipro\",\"description\":\"Sanidad profesional\",\"publisher\":{\"@id\":\"https:\/\/sanipro.com.ar\/noticias\/#organization\"},\"potentialAction\":[{\"@type\":\"SearchAction\",\"target\":{\"@type\":\"EntryPoint\",\"urlTemplate\":\"https:\/\/sanipro.com.ar\/noticias\/?s={search_term_string}\"},\"query-input\":\"required name=search_term_string\"}],\"inLanguage\":\"es-AR\"},{\"@type\":\"Organization\",\"@id\":\"https:\/\/sanipro.com.ar\/noticias\/#organization\",\"name\":\"Sanipro\",\"url\":\"https:\/\/sanipro.com.ar\/noticias\/\",\"logo\":{\"@type\":\"ImageObject\",\"inLanguage\":\"es-AR\",\"@id\":\"https:\/\/sanipro.com.ar\/noticias\/#\/schema\/logo\/image\/\",\"url\":\"https:\/\/sanipro.com.ar\/noticias\/wp-content\/uploads\/2022\/02\/cropped-LOGO-noticias.fw_-1.png\",\"contentUrl\":\"https:\/\/sanipro.com.ar\/noticias\/wp-content\/uploads\/2022\/02\/cropped-LOGO-noticias.fw_-1.png\",\"width\":250,\"height\":79,\"caption\":\"Sanipro\"},\"image\":{\"@id\":\"https:\/\/sanipro.com.ar\/noticias\/#\/schema\/logo\/image\/\"}}]}<\/script>\n<!-- \/ Yoast SEO plugin. -->","yoast_head_json":{"title":"GLOSARIO - letra R - Sanipro","robots":{"index":"index","follow":"follow","max-snippet":"max-snippet:-1","max-image-preview":"max-image-preview:large","max-video-preview":"max-video-preview:-1"},"canonical":"https:\/\/sanipro.com.ar\/noticias\/glosario-r\/","og_locale":"es_ES","og_type":"article","og_title":"GLOSARIO - letra R - Sanipro","og_description":"A\u2013 B \u2013 C \u2013 D \u2013 E \u2013 F \u2013 G \u2013 H \u2013","og_url":"https:\/\/sanipro.com.ar\/noticias\/glosario-r\/","og_site_name":"Sanipro","twitter_card":"summary_large_image","twitter_misc":{"Tiempo de lectura":"2 minutos"},"schema":{"@context":"https:\/\/schema.org","@graph":[{"@type":"WebPage","@id":"https:\/\/sanipro.com.ar\/noticias\/glosario-r\/","url":"https:\/\/sanipro.com.ar\/noticias\/glosario-r\/","name":"GLOSARIO - letra R - Sanipro","isPartOf":{"@id":"https:\/\/sanipro.com.ar\/noticias\/#website"},"datePublished":"2022-02-23T19:25:54+00:00","dateModified":"2022-02-23T19:25:54+00:00","breadcrumb":{"@id":"https:\/\/sanipro.com.ar\/noticias\/glosario-r\/#breadcrumb"},"inLanguage":"es-AR","potentialAction":[{"@type":"ReadAction","target":["https:\/\/sanipro.com.ar\/noticias\/glosario-r\/"]}]},{"@type":"BreadcrumbList","@id":"https:\/\/sanipro.com.ar\/noticias\/glosario-r\/#breadcrumb","itemListElement":[{"@type":"ListItem","position":1,"name":"Inicio","item":"https:\/\/sanipro.com.ar\/noticias\/"},{"@type":"ListItem","position":2,"name":"GLOSARIO &#8211; letra R"}]},{"@type":"WebSite","@id":"https:\/\/sanipro.com.ar\/noticias\/#website","url":"https:\/\/sanipro.com.ar\/noticias\/","name":"Sanipro","description":"Sanidad profesional","publisher":{"@id":"https:\/\/sanipro.com.ar\/noticias\/#organization"},"potentialAction":[{"@type":"SearchAction","target":{"@type":"EntryPoint","urlTemplate":"https:\/\/sanipro.com.ar\/noticias\/?s={search_term_string}"},"query-input":"required name=search_term_string"}],"inLanguage":"es-AR"},{"@type":"Organization","@id":"https:\/\/sanipro.com.ar\/noticias\/#organization","name":"Sanipro","url":"https:\/\/sanipro.com.ar\/noticias\/","logo":{"@type":"ImageObject","inLanguage":"es-AR","@id":"https:\/\/sanipro.com.ar\/noticias\/#\/schema\/logo\/image\/","url":"https:\/\/sanipro.com.ar\/noticias\/wp-content\/uploads\/2022\/02\/cropped-LOGO-noticias.fw_-1.png","contentUrl":"https:\/\/sanipro.com.ar\/noticias\/wp-content\/uploads\/2022\/02\/cropped-LOGO-noticias.fw_-1.png","width":250,"height":79,"caption":"Sanipro"},"image":{"@id":"https:\/\/sanipro.com.ar\/noticias\/#\/schema\/logo\/image\/"}}]}},"_links":{"self":[{"href":"https:\/\/sanipro.com.ar\/noticias\/wp-json\/wp\/v2\/pages\/570","targetHints":{"allow":["GET"]}}],"collection":[{"href":"https:\/\/sanipro.com.ar\/noticias\/wp-json\/wp\/v2\/pages"}],"about":[{"href":"https:\/\/sanipro.com.ar\/noticias\/wp-json\/wp\/v2\/types\/page"}],"author":[{"embeddable":true,"href":"https:\/\/sanipro.com.ar\/noticias\/wp-json\/wp\/v2\/users\/1"}],"replies":[{"embeddable":true,"href":"https:\/\/sanipro.com.ar\/noticias\/wp-json\/wp\/v2\/comments?post=570"}],"version-history":[{"count":1,"href":"https:\/\/sanipro.com.ar\/noticias\/wp-json\/wp\/v2\/pages\/570\/revisions"}],"predecessor-version":[{"id":571,"href":"https:\/\/sanipro.com.ar\/noticias\/wp-json\/wp\/v2\/pages\/570\/revisions\/571"}],"wp:attachment":[{"href":"https:\/\/sanipro.com.ar\/noticias\/wp-json\/wp\/v2\/media?parent=570"}],"curies":[{"name":"wp","href":"https:\/\/api.w.org\/{rel}","templated":true}]}}