{"id":572,"date":"2022-02-23T16:26:59","date_gmt":"2022-02-23T19:26:59","guid":{"rendered":"https:\/\/www.saniprosrl.com.ar\/noticias\/?page_id=572"},"modified":"2022-02-23T16:26:59","modified_gmt":"2022-02-23T19:26:59","slug":"glosario-s","status":"publish","type":"page","link":"https:\/\/sanipro.com.ar\/noticias\/glosario-s\/","title":{"rendered":"GLOSARIO &#8211; Letra S"},"content":{"rendered":"\n<p><a href=\"https:\/\/sanipro.com.ar\/noticias\/glosario\/\">A<\/a>\u2013 <a href=\"https:\/\/sanipro.com.ar\/noticias\/glosario-b\/\">B<\/a> \u2013 <a href=\"https:\/\/sanipro.com.ar\/noticias\/glosario-c\/\">C<\/a> \u2013 <a href=\"https:\/\/sanipro.com.ar\/noticias\/glosario-d\/\">D<\/a> \u2013 <a href=\"https:\/\/sanipro.com.ar\/noticias\/glosario-e\/\">E<\/a> \u2013 <a href=\"https:\/\/sanipro.com.ar\/noticias\/glosario-f\/\">F<\/a> \u2013 <a href=\"https:\/\/sanipro.com.ar\/noticias\/glosario-g\/\">G<\/a> \u2013 <a href=\"https:\/\/sanipro.com.ar\/noticias\/glosario-h\/\">H<\/a> \u2013 <a href=\"https:\/\/sanipro.com.ar\/noticias\/glosario-i\/\">I<\/a> \u2013 <a href=\"https:\/\/sanipro.com.ar\/noticias\/glosario-j\/\">J<\/a> \u2013<a href=\"https:\/\/sanipro.com.ar\/noticias\/glosario-k\/\">K<\/a>\u2013 <a href=\"https:\/\/sanipro.com.ar\/noticias\/glosario-l\/\">L<\/a> \u2013 <a href=\"https:\/\/sanipro.com.ar\/noticias\/glosario-m\/\">M<\/a> \u2013 <a href=\"https:\/\/sanipro.com.ar\/noticias\/glosario-n\/\">N<\/a> \u2013 <a href=\"https:\/\/sanipro.com.ar\/noticias\/glosario-o\/\">O<\/a> \u2013 <a href=\"https:\/\/sanipro.com.ar\/noticias\/glosario-p\/\">P<\/a> \u2013 <a href=\"https:\/\/sanipro.com.ar\/noticias\/glosario-q\/\">Q<\/a> \u2013 <a href=\"https:\/\/sanipro.com.ar\/noticias\/glosario-r\/\">R<\/a> \u2013 <a href=\"https:\/\/sanipro.com.ar\/noticias\/glosario-s\/\">S<\/a> \u2013<a href=\"https:\/\/sanipro.com.ar\/noticias\/glosario-t\/\">T<\/a>\u2013 <a href=\"https:\/\/sanipro.com.ar\/noticias\/glosario-u\/\">U<\/a> \u2013 <a href=\"https:\/\/sanipro.com.ar\/noticias\/glosario-v\/\">V<\/a> \u2013<a href=\"https:\/\/sanipro.com.ar\/noticias\/glosario-w\/\">W<\/a>\u2013 <a href=\"https:\/\/sanipro.com.ar\/noticias\/glosario-x\/\">X<\/a> \u2013 <a href=\"https:\/\/sanipro.com.ar\/noticias\/glosario-y\/\">Y<\/a> \u2013 <a href=\"https:\/\/sanipro.com.ar\/noticias\/glosario-z\/\">Z<\/a><\/p>\n\n\n\n<p><strong>Salival<\/strong>, <strong>Canal<\/strong>: En Hemiptera y Homoptera, uno de los dos tubos, el ventral, formados al unirse las cerdas maxilares y por el cual desciende la saliva. En Diptera, un tubo en el interior de la hipofaringe que comunica la jeringa salival con el exterior.<\/p>\n\n\n\n<p><strong>Salival<\/strong>, <strong>Jeringa<\/strong>: Estructura derivada del salivario, que recibe la salida mediante el canal salival com\u00fan y la impulsa a trav\u00e9s de otro conducto al exterior; se observa en Diptera, Homoptera y Hemiptera.<\/p>\n\n\n\n<p><strong>Salivario<\/strong>: Porci\u00f3n inferior o ventral de la cavidad preoral, situada entre la hipofaringe y la cara interna del labio y en la cual desembocan las gl\u00e1ndulas salivales. En algunos insectos puede estar transformado en una jeringa salival.<\/p>\n\n\n\n<p><strong>Saltador<\/strong>: Apl\u00edcase a cualquier ap\u00e9ndice adaptado para producir saltos; por ej.: las patas posteriores en Orthoptera y la f\u00farcula en Collembola.<\/p>\n\n\n\n<p><strong>Sangre<\/strong>: Fluido contenido en la cavidad general del cuerpo constituido por una parte l\u00edquida, plasma o hemolinfa propiamente dicha, y por los hemocitos. Hemolinfa.<\/p>\n\n\n\n<p><strong>Saprobi\u00f3tico<\/strong>:Que vive en sustancias en descomposici\u00f3n.<\/p>\n\n\n\n<p><strong>Sapr\u00f3faga<\/strong>: Que se alimenta de sustancias en descomposici\u00f3n.<\/p>\n\n\n\n<p><strong>Sarcolema<\/strong>:&nbsp;Cubierta o envoltura que rodea una fibra muscular.<\/p>\n\n\n\n<p><strong>Sarna<\/strong>: Enfermedad producida en los animales dom\u00e9sticos por el \u00e1caro Sarcoptes scabei, llamado \u00e1caro arador de la sarna. En el hombre, la enfermedad se conoce como escabiosis.<\/p>\n\n\n\n<p><strong>Scarabiforme<\/strong>:&nbsp;Larva gruesa con cuerpo cil\u00edndrico curvado.<\/p>\n\n\n\n<p><strong>Seda<\/strong>: Ver seta<\/p>\n\n\n\n<p><strong>Seda<\/strong>, <strong>Gl\u00e1ndulas<\/strong> de: En larvas de Lepidoptera y Trichoptera, las gl\u00e1ndulas labiales adaptadas para producir seda.<\/p>\n\n\n\n<p><strong>Segmentaci\u00f3n<\/strong>: Divisi\u00f3n de un cuerpo o una estructura en partes m\u00e1s o menos iguales.<\/p>\n\n\n\n<p><strong>Segmentado<\/strong>: Dividido en segmentos. Se aplica en especial a los artr\u00f3podos.<\/p>\n\n\n\n<p><strong>Segmento<\/strong>: Del lat\u00edn segmentum, segmento) cada una de las partes que conforman los ap\u00e9ndices y regiones del cuerpo de los insectos, principalmente patas y antenas.<\/p>\n\n\n\n<p><strong>Semioqu\u00edmicos<\/strong>:&nbsp;Compuestos qu\u00edmicos que participan en la comunicaci\u00f3n o modifican el comportamiento de los ejemplares.<\/p>\n\n\n\n<p><strong>Seno<\/strong> <strong>Dorsal<\/strong>:. Unidad estructural sensorial.<\/p>\n\n\n\n<p><strong>Sensila<\/strong>:&nbsp;Regi\u00f3n principal y activa del ala que se extiende desde el borde anterior hasta el pliegue vannal; contiene las nervaduras costal, subcostal, radial, medial, y cubital.<\/p>\n\n\n\n<p><strong>Sensilio<\/strong>: \u00d3rgano de los sentidos que se caracteriza por presentar la c\u00e9lula sensorial ubicada profundamente y su proceso distal prolongado formando un bastoncito; est\u00e1 especialmente adaptado para la percepci\u00f3n de sonidos.\u201d<\/p>\n\n\n\n<p><strong>Sensorio<\/strong>: \u00d3rgano de los sentidos que se caracteriza por presentar la c\u00e9lula sensorial ubicada profundamente y su proceso distal prolongado formando un bastoncito; est\u00e1 especialmente adaptado para la percepci\u00f3n de sonidos.<\/p>\n\n\n\n<p><strong>Serrado<\/strong>: Que posee dientes como los de una sierra. Especialmente aplicado a m\u00e1rgenes o bordes y a las antenas. Aserrado.<\/p>\n\n\n\n<p><strong>Seta<\/strong>: Cualquiera de los diversos tipos de proyecciones parecidas a pelos o cerdas de naturaleza quitinosa.<\/p>\n\n\n\n<p><strong>Set\u00e1ceo<\/strong>: Ver Setiforme<\/p>\n\n\n\n<p><strong>Setas<\/strong>: Cualquiera de los diversos tipos de proyecciones parecidas a pelos o cerdas de naturaleza quitinosa.<\/p>\n\n\n\n<p><strong>Setiforme<\/strong>: De forma de seta. Apl\u00edcase especialmente a las antenas que presentan esa caracter\u00edstica.<\/p>\n\n\n\n<p><strong>Sex\u00faparas<\/strong>: En \u00e1fidos, hembras que dan or\u00edgen a ejemplares sexuados.<\/p>\n\n\n\n<p><strong>Silv\u00edcola<\/strong>: Que vive o frecuenta bosques.<\/p>\n\n\n\n<p><strong>Simbiosis<\/strong>: Asociaci\u00f3n constante entre dos organismos, simbiontes, con beneficio mutuo.<\/p>\n\n\n\n<p><strong>Simetr\u00eda<\/strong> <strong>bilateral<\/strong>: La similitud de la forma, un lado con el otro.<\/p>\n\n\n\n<p><strong>Simp\u00e1tico<\/strong> <strong>Caudal<\/strong>, <strong>Sistema<\/strong>: Sistema nervioso integrante del sistema visceral, que tiene su centro en el ganglio abdominal terminal e inerva los \u00f3rganos sexuales y otros \u00f3rganos de los \u00faltimos ur\u00f3meros.<\/p>\n\n\n\n<p><strong>Sin\u00e1ntropo<\/strong>: Asociaciado con el hombre o con las moradas humanas.<\/p>\n\n\n\n<p><strong>Sinecetos<\/strong>: Insectos u otro artr\u00f3podos que habitan en nidos de hormigas y que son tolerados por ellas.<\/p>\n\n\n\n<p><strong>Sinectranos<\/strong>: Insectos u otro artr\u00f3podos que invaden nidos de hormigas y que son tratados por \u00e9stas con hostilidad.<\/p>\n\n\n\n<p><strong>S\u00ednfilo<\/strong>: Aquel insecto hu\u00e9sped, tolerado en un hormiguero, que siendo a veces cuidado y criado por las hormigas, utiliza a \u00e9stas para su propia alimentaci\u00f3n.<\/p>\n\n\n\n<p><strong>Sinomona<\/strong>:Compuesto qu\u00edmico producido por un ejemplar que produce una reacci\u00f3n en otro individuo, favorable tanto para el emisor como para el receptor.<\/p>\n\n\n\n<p><strong>Sintlipsis<\/strong>: M\u00e1xima separaci\u00f3n o distancia existente entre los ojos compuestos (al nivel de la frente).<\/p>\n\n\n\n<p><strong>Siringe<\/strong>: Estructura hipofar\u00edngea inyectora de saliva en hemipteroides.<\/p>\n\n\n\n<p><strong>Sobrenfriamiento<\/strong>: Capacidad de resistir temperaturas bajo 0\u00baC sin que se produzca congelaci\u00f3n.<\/p>\n\n\n\n<p><strong>Social<\/strong>, <strong>Insecto<\/strong>: Individuo que vive en sociedad con otros de su misma especie debido a una atracci\u00f3n rec\u00edproca, con interdependencia obligada o sin ella.<\/p>\n\n\n\n<p><strong>Soldado<\/strong>: En hormigas y termitas, forma est\u00e9ril caracterizada por poseer cabeza grande y mand\u00edbulas desarrolladas.<\/p>\n\n\n\n<p><strong>Somito<\/strong>: Anillo, zoonito o met\u00e1mero. Espec\u00edficamente, cada uno de los segmentos primarios del cuerpo.<\/p>\n\n\n\n<p><strong>Spinasterno<\/strong>: Esclerito esternal intersegmentario.<\/p>\n\n\n\n<p><strong>Stemmata<\/strong>: Nombre dado algunas veces a los ocelos laterales de las larvas.<\/p>\n\n\n\n<p><strong>Strigilis<\/strong>: Proceso tibial m\u00f3vil utilizado para la limpieza de las antenas. En Hymenoptera, una cerda tibial opuesta a un peine de cerdas ubicado en una concavidad del primer tars\u00f3mero. En Lepidoptera, ver ep\u00edfisis.<\/p>\n\n\n\n<p><strong>Subcostal<\/strong>, <strong>Nervadura<\/strong>: Segunda nervadura principal del ala.<\/p>\n\n\n\n<p><strong>Subcoxa<\/strong>: Esclerito pleural generalmente relacionado con la coxa.<\/p>\n\n\n\n<p><strong>Subgenital<\/strong>, <strong>Placa<\/strong>: En los machos, el noveno urosternito (a veces el octavo o el s\u00e9ptimo) extendido por debajo de los \u00f3rganos genitales. En las hembras, el octavo urosternito (o el s\u00e9ptimo, si el octavo est\u00e1 reducido) cuando est\u00e1 prolongado posteriormente por debajo de la base del ovipositor.<\/p>\n\n\n\n<p><strong>Subimago<\/strong>: Juvenil alado con forma de adulto.<\/p>\n\n\n\n<p><strong>Subment\u00f3n<\/strong>: Porci\u00f3n proximal o basal del postlabio.<\/p>\n\n\n\n<p><strong>Succ\u00edvoro<\/strong>: Que se alimenta de l\u00edquidos.<\/p>\n\n\n\n<p><strong>Sucr\u00f3fago<\/strong>: Que se alimenta de jusgos dulces.<\/p>\n\n\n\n<p><strong>Suctor<\/strong>: Tipo de aparato bucal con labro y labio formando un tubo con mand\u00edbulas y maxilas estiliformes.<\/p>\n\n\n\n<p><strong>Suctorial<\/strong>: Succionador<\/p>\n\n\n\n<p><strong>Surco<\/strong>: Depresi\u00f3n lineal, hendidura.<\/p>\n\n\n\n<p><strong>Sutura<\/strong>: L\u00ednea de uni\u00f3n entre escleritos inm\u00f3viles.<\/p>\n","protected":false},"excerpt":{"rendered":"<p>A\u2013 B \u2013 C \u2013 D \u2013 E \u2013 F \u2013 G \u2013 H \u2013<\/p>\n","protected":false},"author":1,"featured_media":0,"parent":0,"menu_order":0,"comment_status":"closed","ping_status":"closed","template":"","meta":{"footnotes":""},"class_list":["post-572","page","type-page","status-publish","hentry","comments-off"],"yoast_head":"<!-- This site is optimized with the Yoast SEO plugin v19.9 - https:\/\/yoast.com\/wordpress\/plugins\/seo\/ -->\n<title>GLOSARIO - Letra S - Sanipro<\/title>\n<meta name=\"robots\" content=\"index, follow, max-snippet:-1, max-image-preview:large, max-video-preview:-1\" \/>\n<link rel=\"canonical\" href=\"https:\/\/sanipro.com.ar\/noticias\/glosario-s\/\" \/>\n<meta property=\"og:locale\" content=\"es_ES\" \/>\n<meta property=\"og:type\" content=\"article\" \/>\n<meta property=\"og:title\" content=\"GLOSARIO - Letra S - Sanipro\" \/>\n<meta property=\"og:description\" content=\"A\u2013 B \u2013 C \u2013 D \u2013 E \u2013 F \u2013 G \u2013 H \u2013\" \/>\n<meta property=\"og:url\" content=\"https:\/\/sanipro.com.ar\/noticias\/glosario-s\/\" \/>\n<meta property=\"og:site_name\" content=\"Sanipro\" \/>\n<meta name=\"twitter:card\" content=\"summary_large_image\" \/>\n<meta name=\"twitter:label1\" content=\"Tiempo de lectura\" \/>\n\t<meta name=\"twitter:data1\" content=\"5 minutos\" \/>\n<script type=\"application\/ld+json\" class=\"yoast-schema-graph\">{\"@context\":\"https:\/\/schema.org\",\"@graph\":[{\"@type\":\"WebPage\",\"@id\":\"https:\/\/sanipro.com.ar\/noticias\/glosario-s\/\",\"url\":\"https:\/\/sanipro.com.ar\/noticias\/glosario-s\/\",\"name\":\"GLOSARIO - Letra S - Sanipro\",\"isPartOf\":{\"@id\":\"https:\/\/sanipro.com.ar\/noticias\/#website\"},\"datePublished\":\"2022-02-23T19:26:59+00:00\",\"dateModified\":\"2022-02-23T19:26:59+00:00\",\"breadcrumb\":{\"@id\":\"https:\/\/sanipro.com.ar\/noticias\/glosario-s\/#breadcrumb\"},\"inLanguage\":\"es-AR\",\"potentialAction\":[{\"@type\":\"ReadAction\",\"target\":[\"https:\/\/sanipro.com.ar\/noticias\/glosario-s\/\"]}]},{\"@type\":\"BreadcrumbList\",\"@id\":\"https:\/\/sanipro.com.ar\/noticias\/glosario-s\/#breadcrumb\",\"itemListElement\":[{\"@type\":\"ListItem\",\"position\":1,\"name\":\"Inicio\",\"item\":\"https:\/\/sanipro.com.ar\/noticias\/\"},{\"@type\":\"ListItem\",\"position\":2,\"name\":\"GLOSARIO &#8211; Letra S\"}]},{\"@type\":\"WebSite\",\"@id\":\"https:\/\/sanipro.com.ar\/noticias\/#website\",\"url\":\"https:\/\/sanipro.com.ar\/noticias\/\",\"name\":\"Sanipro\",\"description\":\"Sanidad profesional\",\"publisher\":{\"@id\":\"https:\/\/sanipro.com.ar\/noticias\/#organization\"},\"potentialAction\":[{\"@type\":\"SearchAction\",\"target\":{\"@type\":\"EntryPoint\",\"urlTemplate\":\"https:\/\/sanipro.com.ar\/noticias\/?s={search_term_string}\"},\"query-input\":\"required name=search_term_string\"}],\"inLanguage\":\"es-AR\"},{\"@type\":\"Organization\",\"@id\":\"https:\/\/sanipro.com.ar\/noticias\/#organization\",\"name\":\"Sanipro\",\"url\":\"https:\/\/sanipro.com.ar\/noticias\/\",\"logo\":{\"@type\":\"ImageObject\",\"inLanguage\":\"es-AR\",\"@id\":\"https:\/\/sanipro.com.ar\/noticias\/#\/schema\/logo\/image\/\",\"url\":\"https:\/\/sanipro.com.ar\/noticias\/wp-content\/uploads\/2022\/02\/cropped-LOGO-noticias.fw_-1.png\",\"contentUrl\":\"https:\/\/sanipro.com.ar\/noticias\/wp-content\/uploads\/2022\/02\/cropped-LOGO-noticias.fw_-1.png\",\"width\":250,\"height\":79,\"caption\":\"Sanipro\"},\"image\":{\"@id\":\"https:\/\/sanipro.com.ar\/noticias\/#\/schema\/logo\/image\/\"}}]}<\/script>\n<!-- \/ Yoast SEO plugin. -->","yoast_head_json":{"title":"GLOSARIO - Letra S - Sanipro","robots":{"index":"index","follow":"follow","max-snippet":"max-snippet:-1","max-image-preview":"max-image-preview:large","max-video-preview":"max-video-preview:-1"},"canonical":"https:\/\/sanipro.com.ar\/noticias\/glosario-s\/","og_locale":"es_ES","og_type":"article","og_title":"GLOSARIO - Letra S - Sanipro","og_description":"A\u2013 B \u2013 C \u2013 D \u2013 E \u2013 F \u2013 G \u2013 H \u2013","og_url":"https:\/\/sanipro.com.ar\/noticias\/glosario-s\/","og_site_name":"Sanipro","twitter_card":"summary_large_image","twitter_misc":{"Tiempo de lectura":"5 minutos"},"schema":{"@context":"https:\/\/schema.org","@graph":[{"@type":"WebPage","@id":"https:\/\/sanipro.com.ar\/noticias\/glosario-s\/","url":"https:\/\/sanipro.com.ar\/noticias\/glosario-s\/","name":"GLOSARIO - Letra S - Sanipro","isPartOf":{"@id":"https:\/\/sanipro.com.ar\/noticias\/#website"},"datePublished":"2022-02-23T19:26:59+00:00","dateModified":"2022-02-23T19:26:59+00:00","breadcrumb":{"@id":"https:\/\/sanipro.com.ar\/noticias\/glosario-s\/#breadcrumb"},"inLanguage":"es-AR","potentialAction":[{"@type":"ReadAction","target":["https:\/\/sanipro.com.ar\/noticias\/glosario-s\/"]}]},{"@type":"BreadcrumbList","@id":"https:\/\/sanipro.com.ar\/noticias\/glosario-s\/#breadcrumb","itemListElement":[{"@type":"ListItem","position":1,"name":"Inicio","item":"https:\/\/sanipro.com.ar\/noticias\/"},{"@type":"ListItem","position":2,"name":"GLOSARIO &#8211; Letra S"}]},{"@type":"WebSite","@id":"https:\/\/sanipro.com.ar\/noticias\/#website","url":"https:\/\/sanipro.com.ar\/noticias\/","name":"Sanipro","description":"Sanidad profesional","publisher":{"@id":"https:\/\/sanipro.com.ar\/noticias\/#organization"},"potentialAction":[{"@type":"SearchAction","target":{"@type":"EntryPoint","urlTemplate":"https:\/\/sanipro.com.ar\/noticias\/?s={search_term_string}"},"query-input":"required name=search_term_string"}],"inLanguage":"es-AR"},{"@type":"Organization","@id":"https:\/\/sanipro.com.ar\/noticias\/#organization","name":"Sanipro","url":"https:\/\/sanipro.com.ar\/noticias\/","logo":{"@type":"ImageObject","inLanguage":"es-AR","@id":"https:\/\/sanipro.com.ar\/noticias\/#\/schema\/logo\/image\/","url":"https:\/\/sanipro.com.ar\/noticias\/wp-content\/uploads\/2022\/02\/cropped-LOGO-noticias.fw_-1.png","contentUrl":"https:\/\/sanipro.com.ar\/noticias\/wp-content\/uploads\/2022\/02\/cropped-LOGO-noticias.fw_-1.png","width":250,"height":79,"caption":"Sanipro"},"image":{"@id":"https:\/\/sanipro.com.ar\/noticias\/#\/schema\/logo\/image\/"}}]}},"_links":{"self":[{"href":"https:\/\/sanipro.com.ar\/noticias\/wp-json\/wp\/v2\/pages\/572","targetHints":{"allow":["GET"]}}],"collection":[{"href":"https:\/\/sanipro.com.ar\/noticias\/wp-json\/wp\/v2\/pages"}],"about":[{"href":"https:\/\/sanipro.com.ar\/noticias\/wp-json\/wp\/v2\/types\/page"}],"author":[{"embeddable":true,"href":"https:\/\/sanipro.com.ar\/noticias\/wp-json\/wp\/v2\/users\/1"}],"replies":[{"embeddable":true,"href":"https:\/\/sanipro.com.ar\/noticias\/wp-json\/wp\/v2\/comments?post=572"}],"version-history":[{"count":1,"href":"https:\/\/sanipro.com.ar\/noticias\/wp-json\/wp\/v2\/pages\/572\/revisions"}],"predecessor-version":[{"id":573,"href":"https:\/\/sanipro.com.ar\/noticias\/wp-json\/wp\/v2\/pages\/572\/revisions\/573"}],"wp:attachment":[{"href":"https:\/\/sanipro.com.ar\/noticias\/wp-json\/wp\/v2\/media?parent=572"}],"curies":[{"name":"wp","href":"https:\/\/api.w.org\/{rel}","templated":true}]}}