{"id":574,"date":"2022-02-23T16:28:02","date_gmt":"2022-02-23T19:28:02","guid":{"rendered":"https:\/\/www.saniprosrl.com.ar\/noticias\/?page_id=574"},"modified":"2022-02-23T16:28:02","modified_gmt":"2022-02-23T19:28:02","slug":"glosario-t","status":"publish","type":"page","link":"https:\/\/sanipro.com.ar\/noticias\/glosario-t\/","title":{"rendered":"GLOSARIO &#8211; Letra T"},"content":{"rendered":"\n<p><a href=\"https:\/\/sanipro.com.ar\/noticias\/glosario\/\">A<\/a>\u2013 <a href=\"https:\/\/sanipro.com.ar\/noticias\/glosario-b\/\">B<\/a> \u2013 <a href=\"https:\/\/sanipro.com.ar\/noticias\/glosario-c\/\">C<\/a> \u2013 <a href=\"https:\/\/sanipro.com.ar\/noticias\/glosario-d\/\">D<\/a> \u2013 <a href=\"https:\/\/sanipro.com.ar\/noticias\/glosario-e\/\">E<\/a> \u2013 <a href=\"https:\/\/sanipro.com.ar\/noticias\/glosario-f\/\">F<\/a> \u2013 <a href=\"https:\/\/sanipro.com.ar\/noticias\/glosario-g\/\">G<\/a> \u2013 <a href=\"https:\/\/sanipro.com.ar\/noticias\/glosario-h\/\">H<\/a> \u2013 <a href=\"https:\/\/sanipro.com.ar\/noticias\/glosario-i\/\">I<\/a> \u2013 <a href=\"https:\/\/sanipro.com.ar\/noticias\/glosario-j\/\">J<\/a> \u2013<a href=\"https:\/\/sanipro.com.ar\/noticias\/glosario-k\/\">K<\/a>\u2013 <a href=\"https:\/\/sanipro.com.ar\/noticias\/glosario-l\/\">L<\/a> \u2013 <a href=\"https:\/\/sanipro.com.ar\/noticias\/glosario-m\/\">M<\/a> \u2013 <a href=\"https:\/\/sanipro.com.ar\/noticias\/glosario-n\/\">N<\/a> \u2013 <a href=\"https:\/\/sanipro.com.ar\/noticias\/glosario-o\/\">O<\/a> \u2013 <a href=\"https:\/\/sanipro.com.ar\/noticias\/glosario-p\/\">P<\/a> \u2013 <a href=\"https:\/\/sanipro.com.ar\/noticias\/glosario-q\/\">Q<\/a> \u2013 <a href=\"https:\/\/sanipro.com.ar\/noticias\/glosario-r\/\">R<\/a> \u2013 <a href=\"https:\/\/sanipro.com.ar\/noticias\/glosario-s\/\">S<\/a> \u2013<a href=\"https:\/\/sanipro.com.ar\/noticias\/glosario-t\/\">T<\/a>\u2013 <a href=\"https:\/\/sanipro.com.ar\/noticias\/glosario-u\/\">U<\/a> \u2013 <a href=\"https:\/\/sanipro.com.ar\/noticias\/glosario-v\/\">V<\/a> \u2013<a href=\"https:\/\/sanipro.com.ar\/noticias\/glosario-w\/\">W<\/a>\u2013 <a href=\"https:\/\/sanipro.com.ar\/noticias\/glosario-x\/\">X<\/a> \u2013 <a href=\"https:\/\/sanipro.com.ar\/noticias\/glosario-y\/\">Y<\/a> \u2013 <a href=\"https:\/\/sanipro.com.ar\/noticias\/glosario-z\/\">Z<\/a><\/p>\n\n\n\n<p><strong>T\u00e1bano<\/strong>: Nombre com\u00fan de las moscas del g\u00e9nero Tabanus (Diptera), de cuerpo robusto, ojos grandes, prob\u00f3scide saliente. Los machos chupan los jugos de las plantas y el polen, las hembras chupan la sangre de los animales que pican.<\/p>\n\n\n\n<p><strong>T\u00e1ctil<\/strong>: \u00d3rgano de los sentidos que se caracteriza porque su parte externa es una seta o pelo.<\/p>\n\n\n\n<p><strong>Tagma<\/strong>: Cada una de las tres grandes secciones en que se divide el cuerpo de los insectos.<\/p>\n\n\n\n<p><strong>Tagmatizaci\u00f3n<\/strong>: E specializaci\u00f3n funcional que determina regiones corporales por reuni\u00f3n de segmentos.<\/p>\n\n\n\n<p><strong>Tagmosis<\/strong>: Divisi\u00f3n del cuerpo de los insectos en conjuntos de segmentos m\u00e1s o menos unidos, constituyendo las distintas secciones o tagmas: cabeza, t\u00f3rax y abdomen.<\/p>\n\n\n\n<p><strong>Tanatocresis<\/strong>: Uso de cad\u00e1veres, secreciones y deyecciones de unos organismos por otros.<\/p>\n\n\n\n<p><strong>Tarsal<\/strong>: Relativo o perteneciente al tarso.<\/p>\n\n\n\n<p><strong>Tarsito<\/strong>: Cada uno de los subsegmentos que constituyen el tarso. Tars\u00f3mero.<\/p>\n\n\n\n<p><strong>Tarso<\/strong>: (Del griego tarsos, reuni\u00f3n de varias piezas) quinto segmento de las patas de los insectos, generalmente dividido en dos a cinco subsegmentos. Sigue a la tibia y lleva en su extremo distal las u\u00f1as.<\/p>\n\n\n\n<p><strong>Tars\u00f3mer<\/strong>:. Ver Tarsito<\/p>\n\n\n\n<p><strong>Tax\u00f3n<\/strong>: Unidad o categor\u00eda sistem\u00e1tica definida.<\/p>\n\n\n\n<p><strong>Taxonom\u00eda<\/strong>: (Del griego taxis, orden; nomos, ley) rama de la biolog\u00eda que describe y clasifica a los organismos vivientes. Conjunto de leyes o normas que rigen la clasificaci\u00f3n de los seres vivos.<\/p>\n\n\n\n<p><strong>Tegmen<\/strong>: Cada una de las semicori\u00e1ceas y rectas del primer par de Orthoptera, Dictyoptera y algunos Homoptera.<\/p>\n\n\n\n<p><strong>Tegumento<\/strong>: Revestimiento externo del cuerpo de los insectos.<\/p>\n\n\n\n<p><strong>Telesc\u00f3pico<\/strong>, <strong>Abdomen<\/strong>: Aquel abdomen capaz de distenderse longitudinalmente en raz\u00f3n de que sus anillos abdominales se encuentran en parte introducidos uno en el otro, como los segmentos de un telescopio.<\/p>\n\n\n\n<p><strong>Teli\u00f3spora:<\/strong>&nbsp;Son hongos&nbsp;uredinales&nbsp;(royas), de un tipo de esporas tard\u00edas, pediceladas y con episporio de color oscuro, perdurantes, que ya no germinan sobre las hojas del hospedante. Son verdaderas clamid\u00f3sporas capaces de resistir un largo per\u00edodo de&nbsp;reposo&nbsp;y de germinar sobre el&nbsp;suelo&nbsp;en el pr\u00f3ximo&nbsp;per\u00edodo vegetativo.<\/p>\n\n\n\n<p><strong>Telitoquia<\/strong>: Tipo de partenog\u00e9nesis en la cual la progenie es femenina.<\/p>\n\n\n\n<p><strong>Ten\u00e1culo<\/strong>: En Collembola, un peque\u00f1o ap\u00e9ndice como un broche ubicado en el tercer urosternito, con dos prolongaciones a modo de horquilla, y cuya funci\u00f3n es alojar la furca en estado de reposo manteni\u00e9ndola sujeta antes del salto.<\/p>\n\n\n\n<p><strong>Tenidio<\/strong>: E ngrosamiento de la cut\u00edcula traqueal que mantine constante el di\u00e1metro del tubo.<\/p>\n\n\n\n<p><strong>Tentorio<\/strong>: Endoesqueleto de la cabeza de un insecto, constituido por dos o tres pares de apodemas que soportan el cerebro y el estomodeo y en los cuales se insertan varios m\u00fasculos cef\u00e1licos.<\/p>\n\n\n\n<p><strong>Terebra<\/strong>: Ovipositor adaptado para perforar tejidos vegetales o animales.<\/p>\n\n\n\n<p><strong>Tergal<\/strong>: Relativo o perteneciente al tergo.<\/p>\n\n\n\n<p><strong>Tergo<\/strong>: Porci\u00f3n dorsal o superior esclerosada de un anillo o segmento.<\/p>\n\n\n\n<p><strong>Terguito<\/strong>: Cada esclerito de la cara superior de un somito.<\/p>\n\n\n\n<p><strong>Terminal<\/strong>, <strong>Filamento<\/strong>: Porci\u00f3n apical, celular y en forma de hilo de un ovariolo.<\/p>\n\n\n\n<p><strong>Terminalia<\/strong>: Los segmentos terminales de una estructura tomados en conjunto. Utilizado corrientemente como sin\u00f3nimo de genitalia.<\/p>\n\n\n\n<p><strong>Termit\u00f3filo<\/strong>: Que vive en colonias de termitas, asociado a ellas.<\/p>\n\n\n\n<p><strong>Test\u00edculo<\/strong>: \u00d3rgano reproductor masculino constituido por tubos esperm\u00e1ticos.<\/p>\n\n\n\n<p><strong>Tetr\u00e1mero<\/strong>: Con cuatro artejos tarsales o tarsitos. Puede aplicarse a cualquier ap\u00e9ndice tetrasegmentado.<\/p>\n\n\n\n<p><strong>Tetr\u00e1ptero<\/strong>: Con cuatro alas desarrolladas.<\/p>\n\n\n\n<p><strong>Tibia<\/strong>: Cuarto segmento de la pata de los insectos, entre el f\u00e9mur y el tarso.<\/p>\n\n\n\n<p><strong>Tifoidea<\/strong>: Enfermedad infecciosa aguda provocada por una bacteria del g\u00e9nero Salmonella.<\/p>\n\n\n\n<p><strong>Tifus<\/strong>: Murino, end\u00e9mico o urbano. Con distribuci\u00f3n mundial. Se localiza en zonas donde las habitaciones humanas est\u00e1n infestadas de ratas y ratones.<\/p>\n\n\n\n<p><strong>Tilo<\/strong>: Cl\u00edpeo de Hemiptera. En larvas de Coleoptera Scarabeidae, porci\u00f3n esclerosada en la parte anterior de la epifaringe que cubre total o parcialmente los elementos del epizygum, corypha y haptomerum fusionados.<\/p>\n\n\n\n<p><strong>Timbal<\/strong>: En Homoptera Cicadidae, membrana sonora o vibrante ubicada en el fondo de la cavidad timp\u00e1nica. Tambi\u00e9n llamada t\u00edmpano o tambor.<\/p>\n\n\n\n<p><strong>Timp\u00e1nica<\/strong>, <strong>Cavidad<\/strong>: Cavidad lateral y menor del aparato productor de sonidos de los machos de Homoptera Cicadidae.<\/p>\n\n\n\n<p><strong>T\u00edmpano<\/strong>: Membrana exterior ubicada en la tibia, el t\u00f3rax o el abdomen, que constituye, con sensilios cordotonales, el \u00f3rgano auditivo de ciertos insectos.<\/p>\n\n\n\n<p><strong>Tipo<\/strong>: El ejemplar simple, o uno cualquiera de una serie, sobre el cual se realiz\u00f3 la descripci\u00f3n original de una especie o la especie sobre la que se ha fundado un g\u00e9nero.<\/p>\n\n\n\n<p><strong>Tor\u00e1cica<\/strong>: Relativo o perteneciente al t\u00f3rax.<\/p>\n\n\n\n<p><strong>Tor\u00e1cicas<\/strong>, <strong>Gl\u00e1ndulas<\/strong>: Gl\u00e1ndulas que pueden estar ubicadas en el pro, meso o metat\u00f3rax y que al segregar la hormona de muda y crecimiento o ecdisona, desencadenan el proceso de renovaci\u00f3n del tegumento.<\/p>\n\n\n\n<p><strong>Tor\u00e1cico<\/strong>: Relativo o perteneciente al t\u00f3rax.<\/p>\n\n\n\n<p><strong>Toracoteca<\/strong>: Parte de la envoltura pupal que cubre el t\u00f3rax.<\/p>\n\n\n\n<p><strong>T\u00f3rax<\/strong>: Segunda gran regi\u00f3n del cuerpo de los insectos, portadora de los ap\u00e9ndices locomotores.<\/p>\n\n\n\n<p><strong>Torma<\/strong>: Entre el labro y el cl\u00edpeo, esclerito par ubicado a cada lado de la sutura y extendi\u00e9ndose sobre la cara interna del labro.<\/p>\n\n\n\n<p><strong>Toxic\u00f3geno<\/strong>, <strong>Insecto<\/strong>: Insecto cuyas secreciones alimentarias producen s\u00edntomas de enfermedad en su hu\u00e9sped.<\/p>\n\n\n\n<p><strong>Tr\u00e1quea<\/strong>: Invaginaci\u00f3n del tegumento en forma de tubo que se comunica con el exterior por medio de los espir\u00e1culos, y en cuyo interior se realiza el intercambio gaseoso entre el aire y la sangre.<\/p>\n\n\n\n<p><strong>Traqueal<\/strong>: Relativo o perteneciente a la tr\u00e1quea.<\/p>\n\n\n\n<p><strong>Traqueola<\/strong>: Cada uno de los tubos capilares terminales de las tr\u00e1queas.<\/p>\n\n\n\n<p><strong>Tri\u00e1ngulo<\/strong>: En Odonata, una c\u00e9lula triangular en la base del ala, formada por la nervadura cubital y dos nervaduras transversales gruesas convergentes. Tambi\u00e9n llamada tri\u00e1ngulo discoidal.<\/p>\n\n\n\n<p><strong>Tricoide<\/strong>: \u00d3rgano de los sentidos que se caracteriza porque su parte externa es una seta o pelo.<\/p>\n\n\n\n<p><strong>Tr\u00edmero<\/strong>: Con tres artejos tarsales o tarsitos. Puede aplicarse a cualquier ap\u00e9ndice trisegmentado.<\/p>\n\n\n\n<p><strong>Tripanosomiasis<\/strong>: Grupo de enfermedades infecciosas provocadas por un protozoo del g\u00e9nero Tripanosoma.<\/p>\n\n\n\n<p><strong>Tritocerebro<\/strong>: Tercer cerebro. Porci\u00f3n posterior, ventral y menor del cerebro.<\/p>\n\n\n\n<p><strong>Triungulina<\/strong>: F orma larvaria m\u00f3vil y activa de un Meloidae.<\/p>\n\n\n\n<p><strong>Troc\u00e1nter<\/strong>: (Del griego trokh\u00f3s, rueda; anteer\u00eds, sost\u00e9n) segundo segmento de la pata de los insectos, entre la coxa y el f\u00e9mur, a veces reducido a un simple l\u00f3bulo en la parte proximal del f\u00e9mur.<\/p>\n\n\n\n<p><strong>Trofalaxia<\/strong>: Intercambio de alimentos entre insectos de la misma o de diferentes especies. Frecuentemente, intercambio de alimentos entre adultos y larvas de Hymenoptera sociales.<\/p>\n\n\n\n<p><strong>Trofobiosis<\/strong>: Tipo de asociaci\u00f3n entre hormigas y <a href=\"http:\/\/www.fumigacontinente.com.ar\/pulgones\/\">pulgones<\/a> por la cual \u00e9stos proveen a las hormigas de sus secreciones azucaradas a cambio de la protecci\u00f3n que ellas les brindan.<\/p>\n\n\n\n<p><strong>Trofocito<\/strong>: C\u00e9lula que elabora materiales nutricios para otras c\u00e9lulas.<\/p>\n\n\n\n<p><strong>Tub\u00e9rculo<\/strong>: Peque\u00f1a elevaci\u00f3n abrupta de forma variada que puede llevar pelos o setas.<\/p>\n\n\n\n<p><strong>Tularemia<\/strong>: Es una enfermedad bacteriana causada por el cocobacilo Francisella tularensis, gramnegativo no m\u00f3vil, considerada una de las bacterias pat\u00f3genas m\u00e1s infecciosas que se conocen. Su reservorio son animales, especialmente conejos, liebres, ratas almizcleras, ardillas, castores, aves y algunos animales dom\u00e9sticos, como gatos y perros.<\/p>\n","protected":false},"excerpt":{"rendered":"<p>A\u2013 B \u2013 C \u2013 D \u2013 E \u2013 F \u2013 G \u2013 H \u2013<\/p>\n","protected":false},"author":1,"featured_media":0,"parent":0,"menu_order":0,"comment_status":"closed","ping_status":"closed","template":"","meta":{"footnotes":""},"class_list":["post-574","page","type-page","status-publish","hentry","comments-off"],"yoast_head":"<!-- This site is optimized with the Yoast SEO plugin v19.9 - https:\/\/yoast.com\/wordpress\/plugins\/seo\/ -->\n<title>GLOSARIO - Letra T - Sanipro<\/title>\n<meta name=\"robots\" content=\"index, follow, max-snippet:-1, max-image-preview:large, max-video-preview:-1\" \/>\n<link rel=\"canonical\" href=\"https:\/\/sanipro.com.ar\/noticias\/glosario-t\/\" \/>\n<meta property=\"og:locale\" content=\"es_ES\" \/>\n<meta property=\"og:type\" content=\"article\" \/>\n<meta property=\"og:title\" content=\"GLOSARIO - Letra T - Sanipro\" \/>\n<meta property=\"og:description\" content=\"A\u2013 B \u2013 C \u2013 D \u2013 E \u2013 F \u2013 G \u2013 H \u2013\" \/>\n<meta property=\"og:url\" content=\"https:\/\/sanipro.com.ar\/noticias\/glosario-t\/\" \/>\n<meta property=\"og:site_name\" content=\"Sanipro\" \/>\n<meta name=\"twitter:card\" content=\"summary_large_image\" \/>\n<meta name=\"twitter:label1\" content=\"Tiempo de lectura\" \/>\n\t<meta name=\"twitter:data1\" content=\"6 minutos\" \/>\n<script type=\"application\/ld+json\" class=\"yoast-schema-graph\">{\"@context\":\"https:\/\/schema.org\",\"@graph\":[{\"@type\":\"WebPage\",\"@id\":\"https:\/\/sanipro.com.ar\/noticias\/glosario-t\/\",\"url\":\"https:\/\/sanipro.com.ar\/noticias\/glosario-t\/\",\"name\":\"GLOSARIO - Letra T - Sanipro\",\"isPartOf\":{\"@id\":\"https:\/\/sanipro.com.ar\/noticias\/#website\"},\"datePublished\":\"2022-02-23T19:28:02+00:00\",\"dateModified\":\"2022-02-23T19:28:02+00:00\",\"breadcrumb\":{\"@id\":\"https:\/\/sanipro.com.ar\/noticias\/glosario-t\/#breadcrumb\"},\"inLanguage\":\"es-AR\",\"potentialAction\":[{\"@type\":\"ReadAction\",\"target\":[\"https:\/\/sanipro.com.ar\/noticias\/glosario-t\/\"]}]},{\"@type\":\"BreadcrumbList\",\"@id\":\"https:\/\/sanipro.com.ar\/noticias\/glosario-t\/#breadcrumb\",\"itemListElement\":[{\"@type\":\"ListItem\",\"position\":1,\"name\":\"Inicio\",\"item\":\"https:\/\/sanipro.com.ar\/noticias\/\"},{\"@type\":\"ListItem\",\"position\":2,\"name\":\"GLOSARIO &#8211; Letra T\"}]},{\"@type\":\"WebSite\",\"@id\":\"https:\/\/sanipro.com.ar\/noticias\/#website\",\"url\":\"https:\/\/sanipro.com.ar\/noticias\/\",\"name\":\"Sanipro\",\"description\":\"Sanidad profesional\",\"publisher\":{\"@id\":\"https:\/\/sanipro.com.ar\/noticias\/#organization\"},\"potentialAction\":[{\"@type\":\"SearchAction\",\"target\":{\"@type\":\"EntryPoint\",\"urlTemplate\":\"https:\/\/sanipro.com.ar\/noticias\/?s={search_term_string}\"},\"query-input\":\"required name=search_term_string\"}],\"inLanguage\":\"es-AR\"},{\"@type\":\"Organization\",\"@id\":\"https:\/\/sanipro.com.ar\/noticias\/#organization\",\"name\":\"Sanipro\",\"url\":\"https:\/\/sanipro.com.ar\/noticias\/\",\"logo\":{\"@type\":\"ImageObject\",\"inLanguage\":\"es-AR\",\"@id\":\"https:\/\/sanipro.com.ar\/noticias\/#\/schema\/logo\/image\/\",\"url\":\"https:\/\/sanipro.com.ar\/noticias\/wp-content\/uploads\/2022\/02\/cropped-LOGO-noticias.fw_-1.png\",\"contentUrl\":\"https:\/\/sanipro.com.ar\/noticias\/wp-content\/uploads\/2022\/02\/cropped-LOGO-noticias.fw_-1.png\",\"width\":250,\"height\":79,\"caption\":\"Sanipro\"},\"image\":{\"@id\":\"https:\/\/sanipro.com.ar\/noticias\/#\/schema\/logo\/image\/\"}}]}<\/script>\n<!-- \/ Yoast SEO plugin. -->","yoast_head_json":{"title":"GLOSARIO - Letra T - Sanipro","robots":{"index":"index","follow":"follow","max-snippet":"max-snippet:-1","max-image-preview":"max-image-preview:large","max-video-preview":"max-video-preview:-1"},"canonical":"https:\/\/sanipro.com.ar\/noticias\/glosario-t\/","og_locale":"es_ES","og_type":"article","og_title":"GLOSARIO - Letra T - Sanipro","og_description":"A\u2013 B \u2013 C \u2013 D \u2013 E \u2013 F \u2013 G \u2013 H \u2013","og_url":"https:\/\/sanipro.com.ar\/noticias\/glosario-t\/","og_site_name":"Sanipro","twitter_card":"summary_large_image","twitter_misc":{"Tiempo de lectura":"6 minutos"},"schema":{"@context":"https:\/\/schema.org","@graph":[{"@type":"WebPage","@id":"https:\/\/sanipro.com.ar\/noticias\/glosario-t\/","url":"https:\/\/sanipro.com.ar\/noticias\/glosario-t\/","name":"GLOSARIO - Letra T - Sanipro","isPartOf":{"@id":"https:\/\/sanipro.com.ar\/noticias\/#website"},"datePublished":"2022-02-23T19:28:02+00:00","dateModified":"2022-02-23T19:28:02+00:00","breadcrumb":{"@id":"https:\/\/sanipro.com.ar\/noticias\/glosario-t\/#breadcrumb"},"inLanguage":"es-AR","potentialAction":[{"@type":"ReadAction","target":["https:\/\/sanipro.com.ar\/noticias\/glosario-t\/"]}]},{"@type":"BreadcrumbList","@id":"https:\/\/sanipro.com.ar\/noticias\/glosario-t\/#breadcrumb","itemListElement":[{"@type":"ListItem","position":1,"name":"Inicio","item":"https:\/\/sanipro.com.ar\/noticias\/"},{"@type":"ListItem","position":2,"name":"GLOSARIO &#8211; Letra T"}]},{"@type":"WebSite","@id":"https:\/\/sanipro.com.ar\/noticias\/#website","url":"https:\/\/sanipro.com.ar\/noticias\/","name":"Sanipro","description":"Sanidad profesional","publisher":{"@id":"https:\/\/sanipro.com.ar\/noticias\/#organization"},"potentialAction":[{"@type":"SearchAction","target":{"@type":"EntryPoint","urlTemplate":"https:\/\/sanipro.com.ar\/noticias\/?s={search_term_string}"},"query-input":"required name=search_term_string"}],"inLanguage":"es-AR"},{"@type":"Organization","@id":"https:\/\/sanipro.com.ar\/noticias\/#organization","name":"Sanipro","url":"https:\/\/sanipro.com.ar\/noticias\/","logo":{"@type":"ImageObject","inLanguage":"es-AR","@id":"https:\/\/sanipro.com.ar\/noticias\/#\/schema\/logo\/image\/","url":"https:\/\/sanipro.com.ar\/noticias\/wp-content\/uploads\/2022\/02\/cropped-LOGO-noticias.fw_-1.png","contentUrl":"https:\/\/sanipro.com.ar\/noticias\/wp-content\/uploads\/2022\/02\/cropped-LOGO-noticias.fw_-1.png","width":250,"height":79,"caption":"Sanipro"},"image":{"@id":"https:\/\/sanipro.com.ar\/noticias\/#\/schema\/logo\/image\/"}}]}},"_links":{"self":[{"href":"https:\/\/sanipro.com.ar\/noticias\/wp-json\/wp\/v2\/pages\/574","targetHints":{"allow":["GET"]}}],"collection":[{"href":"https:\/\/sanipro.com.ar\/noticias\/wp-json\/wp\/v2\/pages"}],"about":[{"href":"https:\/\/sanipro.com.ar\/noticias\/wp-json\/wp\/v2\/types\/page"}],"author":[{"embeddable":true,"href":"https:\/\/sanipro.com.ar\/noticias\/wp-json\/wp\/v2\/users\/1"}],"replies":[{"embeddable":true,"href":"https:\/\/sanipro.com.ar\/noticias\/wp-json\/wp\/v2\/comments?post=574"}],"version-history":[{"count":1,"href":"https:\/\/sanipro.com.ar\/noticias\/wp-json\/wp\/v2\/pages\/574\/revisions"}],"predecessor-version":[{"id":575,"href":"https:\/\/sanipro.com.ar\/noticias\/wp-json\/wp\/v2\/pages\/574\/revisions\/575"}],"wp:attachment":[{"href":"https:\/\/sanipro.com.ar\/noticias\/wp-json\/wp\/v2\/media?parent=574"}],"curies":[{"name":"wp","href":"https:\/\/api.w.org\/{rel}","templated":true}]}}