{"id":578,"date":"2022-02-23T16:30:01","date_gmt":"2022-02-23T19:30:01","guid":{"rendered":"https:\/\/www.saniprosrl.com.ar\/noticias\/?page_id=578"},"modified":"2022-02-23T16:30:01","modified_gmt":"2022-02-23T19:30:01","slug":"glosario-v","status":"publish","type":"page","link":"https:\/\/sanipro.com.ar\/noticias\/glosario-v\/","title":{"rendered":"GLOSARIO &#8211; Letra V"},"content":{"rendered":"\n<p><a href=\"https:\/\/sanipro.com.ar\/noticias\/glosario\/\">A<\/a>\u2013 <a href=\"https:\/\/sanipro.com.ar\/noticias\/glosario-b\/\">B<\/a> \u2013 <a href=\"https:\/\/sanipro.com.ar\/noticias\/glosario-c\/\">C<\/a> \u2013 <a href=\"https:\/\/sanipro.com.ar\/noticias\/glosario-d\/\">D<\/a> \u2013 <a href=\"https:\/\/sanipro.com.ar\/noticias\/glosario-e\/\">E<\/a> \u2013 <a href=\"https:\/\/sanipro.com.ar\/noticias\/glosario-f\/\">F<\/a> \u2013 <a href=\"https:\/\/sanipro.com.ar\/noticias\/glosario-g\/\">G<\/a> \u2013 <a href=\"https:\/\/sanipro.com.ar\/noticias\/glosario-h\/\">H<\/a> \u2013 <a href=\"https:\/\/sanipro.com.ar\/noticias\/glosario-i\/\">I<\/a> \u2013 <a href=\"https:\/\/sanipro.com.ar\/noticias\/glosario-j\/\">J<\/a> \u2013<a href=\"https:\/\/sanipro.com.ar\/noticias\/glosario-k\/\">K<\/a>\u2013 <a href=\"https:\/\/sanipro.com.ar\/noticias\/glosario-l\/\">L<\/a> \u2013 <a href=\"https:\/\/sanipro.com.ar\/noticias\/glosario-m\/\">M<\/a> \u2013 <a href=\"https:\/\/sanipro.com.ar\/noticias\/glosario-n\/\">N<\/a> \u2013 <a href=\"https:\/\/sanipro.com.ar\/noticias\/glosario-o\/\">O<\/a> \u2013 <a href=\"https:\/\/sanipro.com.ar\/noticias\/glosario-p\/\">P<\/a> \u2013 <a href=\"https:\/\/sanipro.com.ar\/noticias\/glosario-q\/\">Q<\/a> \u2013 <a href=\"https:\/\/sanipro.com.ar\/noticias\/glosario-r\/\">R<\/a> \u2013 <a href=\"https:\/\/sanipro.com.ar\/noticias\/glosario-s\/\">S<\/a> \u2013<a href=\"https:\/\/sanipro.com.ar\/noticias\/glosario-t\/\">T<\/a>\u2013 <a href=\"https:\/\/sanipro.com.ar\/noticias\/glosario-u\/\">U<\/a> \u2013 <a href=\"https:\/\/sanipro.com.ar\/noticias\/glosario-v\/\">V<\/a> \u2013<a href=\"https:\/\/sanipro.com.ar\/noticias\/glosario-w\/\">W<\/a>\u2013 <a href=\"https:\/\/sanipro.com.ar\/noticias\/glosario-x\/\">X<\/a> \u2013 <a href=\"https:\/\/sanipro.com.ar\/noticias\/glosario-y\/\">Y<\/a> \u2013 <a href=\"https:\/\/sanipro.com.ar\/noticias\/glosario-z\/\">Z<\/a><\/p>\n\n\n\n<p><strong>Vagina<\/strong>: Pasaje tubular, derivado de la c\u00e1mara genital y continuo con el oviducto medio, que se abre primariamente en el octavo segmento. En algunos casos, esta abertura primaria est\u00e1 cerrada y aparece una secundaria en el noveno segmento que act\u00faa como funcional. Si las dos aberturas est\u00e1n presentes, como en Lepidoptera, la del octavo segmento es utilizada para la c\u00f3pula y la del noveno para la oviposici\u00f3n.<\/p>\n\n\n\n<p><strong>Valvas<\/strong>: Dos o tres pares de procesos alargados (dorsales, ventrales e internos o medianos) que constituyen la parte discal o lanceta del ovipositor.<\/p>\n\n\n\n<p><strong>Valv\u00edferos<\/strong>: Escleritos basales pares del octavo y noveno ur\u00f3mero portadores de las valvas del ovipositor.<\/p>\n\n\n\n<p><strong>Vannal<\/strong>, <strong>Nervadura<\/strong>: Ver Anal, Nervadura<\/p>\n\n\n\n<p><strong>Vannal<\/strong>, <strong>Pliegue<\/strong>: L\u00ednea radial de pliegue del ala, generalmente entre el remigio y la regi\u00f3n vannal o vannus.<\/p>\n\n\n\n<p><strong>Vannus<\/strong>: \u00e1rea alar que incluye las nervaduras anales o venas directamente asociadas con el tercer esclerito axilar y que est\u00e1 separada del remigio por el pliegue vannal.<\/p>\n\n\n\n<p><strong>Vasiforme<\/strong>, <strong>Orificio<\/strong>: En Homoptera Aleyrodoidea, estructura que se abre en el dorso del \u00faltimo ur\u00f3mero y que consiste en un orificio provisto de una l\u00edngula y de un op\u00e9rculo. Por debajo de la l\u00edngula y cerca de su base se encuentra el ano.<\/p>\n\n\n\n<p><strong>Vaso<\/strong> <strong>Dorsal<\/strong>: \u00d3rgano tubular situado en el seno dorsal que se extiende desde el extremo abdominal hasta la cabeza, constituido por una aorta anterior no puls\u00e1til y una serie de c\u00e1maras puls\u00e1tiles o coraz\u00f3n, y cuya funci\u00f3n es la de impulsar la sangre y controlar la circulaci\u00f3n.<\/p>\n\n\n\n<p><strong>Vector<\/strong>, <strong>Insecto<\/strong>: (Del lat\u00edn vector, conductor, que transporta) insecto transmisor de <a href=\"http:\/\/www.fumigacontinente.com.ar\/la-mosca-transmite-cerca-de-100-enfermedades\/\">agentes pat\u00f3genos<\/a>.<\/p>\n\n\n\n<p><strong>Vena<\/strong>: Ver venaci\u00f3n<\/p>\n\n\n\n<p><strong>Venaci\u00f3n<\/strong>: Estructuras tubulares esclerotizadas que sostiene las alas de los insectos. Vena.<\/p>\n\n\n\n<p><strong>Ventral<\/strong>: Perteneciente o relativo al vientre o cara inferior del insecto.<\/p>\n\n\n\n<p><strong>Ventral<\/strong>, <strong>Cadena<\/strong> <strong>Neural<\/strong>: Serie o cadena ventral de ganglios tor\u00e1cicos y abdominales que recorre longitudinalmente el cuerpo de los insectos y que forma parte del sistema nervios central.<\/p>\n\n\n\n<p><strong>Vermiforme<\/strong>, <strong>Larva<\/strong>: Tipo de larva \u00e1poda que se caracteriza por tener forma trococ\u00f3nica, alargada, con la cabeza en el extremo m\u00e1s aguzado.<\/p>\n\n\n\n<p><strong>Verruga<\/strong>: Porci\u00f3n elevada de la cut\u00edcula portadora de varias setas orientadas en distintas direcciones.<\/p>\n\n\n\n<p><strong>Verson<\/strong>, <strong>Gl\u00e1ndulas<\/strong> de: Gl\u00e1ndulas hipod\u00e9rmicas de larvas de Lepidoptera a las que se les atribuye la secreci\u00f3n del l\u00edquido de muda.<\/p>\n\n\n\n<p><strong>V\u00e9rtex<\/strong>: Ver V\u00e9rtice<\/p>\n\n\n\n<p><strong>V\u00e9rtice<\/strong>: Porci\u00f3n m\u00e1s prominente del epicr\u00e1neo ubicada entre los ojos, la frente y el occipucio. Sin\u00f3nimo de v\u00e9rtex.<\/p>\n\n\n\n<p><strong>Verticilada<\/strong>, <strong>Antena<\/strong>: Tipo de antena que se caracteriza por poseer en cada artejo o en sus articulaciones, c\u00edrculos de pelos largos y delgados.<\/p>\n\n\n\n<p><strong>Vibrissa<\/strong>: Cada una de las cerdas que en grupos pares se presentan pr\u00f3ximas a los \u00e1ngulos superiores de la cavidad bucal en Diptera.<\/p>\n\n\n\n<p><strong>Vicarianza<\/strong>: Existencia de grupos o taxa relacionados filogen\u00e9ticamente ubicados en \u00e1reas geogr\u00e1ficas separadas por la formaci\u00f3n de una barrera natural (evento vicariante).<\/p>\n\n\n\n<p><strong>Vientre<\/strong>: Cara inferior del cuerpo que se extiende por debajo de la regi\u00f3n pleural.<\/p>\n\n\n\n<p><strong>Vitelario<\/strong>: Parte del ovariolo que contiene los oocitos en desarrollo. Zona de crecimiento.<\/p>\n\n\n\n<p><strong>Vitelina<\/strong>, <strong>Membrana<\/strong>: Tejido delicado y homog\u00e9neo que recubre el deutoplasma o yema por debajo del cori\u00f3n.<\/p>\n\n\n\n<p><strong>Vitelo<\/strong>: Deutoplasma o yema del huevo.<\/p>\n\n\n\n<p><strong>Viv\u00edpara<\/strong>: Ver viviparidad<\/p>\n\n\n\n<p><strong>Viv\u00edparas<\/strong>: Ver viviparidad<\/p>\n\n\n\n<p><strong>Viviparidad<\/strong>: Forma de multiplicaci\u00f3n por la cual los embriones se forman y en algunos casos tambi\u00e9n se nutren en el interior del cuerpo materno.<\/p>\n\n\n\n<p><strong>Vulva<\/strong>: Abertura externa de la c\u00e1mara genital en las hembras.<\/p>\n","protected":false},"excerpt":{"rendered":"<p>A\u2013 B \u2013 C \u2013 D \u2013 E \u2013 F \u2013 G \u2013 H \u2013<\/p>\n","protected":false},"author":1,"featured_media":0,"parent":0,"menu_order":0,"comment_status":"closed","ping_status":"closed","template":"","meta":{"footnotes":""},"class_list":["post-578","page","type-page","status-publish","hentry","comments-off"],"yoast_head":"<!-- This site is optimized with the Yoast SEO plugin v19.9 - https:\/\/yoast.com\/wordpress\/plugins\/seo\/ -->\n<title>GLOSARIO - Letra V - Sanipro<\/title>\n<meta name=\"robots\" content=\"index, follow, max-snippet:-1, max-image-preview:large, max-video-preview:-1\" \/>\n<link rel=\"canonical\" href=\"https:\/\/sanipro.com.ar\/noticias\/glosario-v\/\" \/>\n<meta property=\"og:locale\" content=\"es_ES\" \/>\n<meta property=\"og:type\" content=\"article\" \/>\n<meta property=\"og:title\" content=\"GLOSARIO - Letra V - Sanipro\" \/>\n<meta property=\"og:description\" content=\"A\u2013 B \u2013 C \u2013 D \u2013 E \u2013 F \u2013 G \u2013 H \u2013\" \/>\n<meta property=\"og:url\" content=\"https:\/\/sanipro.com.ar\/noticias\/glosario-v\/\" \/>\n<meta property=\"og:site_name\" content=\"Sanipro\" \/>\n<meta name=\"twitter:card\" content=\"summary_large_image\" \/>\n<meta name=\"twitter:label1\" content=\"Tiempo de lectura\" \/>\n\t<meta name=\"twitter:data1\" content=\"3 minutos\" \/>\n<script type=\"application\/ld+json\" class=\"yoast-schema-graph\">{\"@context\":\"https:\/\/schema.org\",\"@graph\":[{\"@type\":\"WebPage\",\"@id\":\"https:\/\/sanipro.com.ar\/noticias\/glosario-v\/\",\"url\":\"https:\/\/sanipro.com.ar\/noticias\/glosario-v\/\",\"name\":\"GLOSARIO - Letra V - Sanipro\",\"isPartOf\":{\"@id\":\"https:\/\/sanipro.com.ar\/noticias\/#website\"},\"datePublished\":\"2022-02-23T19:30:01+00:00\",\"dateModified\":\"2022-02-23T19:30:01+00:00\",\"breadcrumb\":{\"@id\":\"https:\/\/sanipro.com.ar\/noticias\/glosario-v\/#breadcrumb\"},\"inLanguage\":\"es-AR\",\"potentialAction\":[{\"@type\":\"ReadAction\",\"target\":[\"https:\/\/sanipro.com.ar\/noticias\/glosario-v\/\"]}]},{\"@type\":\"BreadcrumbList\",\"@id\":\"https:\/\/sanipro.com.ar\/noticias\/glosario-v\/#breadcrumb\",\"itemListElement\":[{\"@type\":\"ListItem\",\"position\":1,\"name\":\"Inicio\",\"item\":\"https:\/\/sanipro.com.ar\/noticias\/\"},{\"@type\":\"ListItem\",\"position\":2,\"name\":\"GLOSARIO &#8211; Letra V\"}]},{\"@type\":\"WebSite\",\"@id\":\"https:\/\/sanipro.com.ar\/noticias\/#website\",\"url\":\"https:\/\/sanipro.com.ar\/noticias\/\",\"name\":\"Sanipro\",\"description\":\"Sanidad profesional\",\"publisher\":{\"@id\":\"https:\/\/sanipro.com.ar\/noticias\/#organization\"},\"potentialAction\":[{\"@type\":\"SearchAction\",\"target\":{\"@type\":\"EntryPoint\",\"urlTemplate\":\"https:\/\/sanipro.com.ar\/noticias\/?s={search_term_string}\"},\"query-input\":\"required name=search_term_string\"}],\"inLanguage\":\"es-AR\"},{\"@type\":\"Organization\",\"@id\":\"https:\/\/sanipro.com.ar\/noticias\/#organization\",\"name\":\"Sanipro\",\"url\":\"https:\/\/sanipro.com.ar\/noticias\/\",\"logo\":{\"@type\":\"ImageObject\",\"inLanguage\":\"es-AR\",\"@id\":\"https:\/\/sanipro.com.ar\/noticias\/#\/schema\/logo\/image\/\",\"url\":\"https:\/\/sanipro.com.ar\/noticias\/wp-content\/uploads\/2022\/02\/cropped-LOGO-noticias.fw_-1.png\",\"contentUrl\":\"https:\/\/sanipro.com.ar\/noticias\/wp-content\/uploads\/2022\/02\/cropped-LOGO-noticias.fw_-1.png\",\"width\":250,\"height\":79,\"caption\":\"Sanipro\"},\"image\":{\"@id\":\"https:\/\/sanipro.com.ar\/noticias\/#\/schema\/logo\/image\/\"}}]}<\/script>\n<!-- \/ Yoast SEO plugin. -->","yoast_head_json":{"title":"GLOSARIO - Letra V - Sanipro","robots":{"index":"index","follow":"follow","max-snippet":"max-snippet:-1","max-image-preview":"max-image-preview:large","max-video-preview":"max-video-preview:-1"},"canonical":"https:\/\/sanipro.com.ar\/noticias\/glosario-v\/","og_locale":"es_ES","og_type":"article","og_title":"GLOSARIO - Letra V - Sanipro","og_description":"A\u2013 B \u2013 C \u2013 D \u2013 E \u2013 F \u2013 G \u2013 H \u2013","og_url":"https:\/\/sanipro.com.ar\/noticias\/glosario-v\/","og_site_name":"Sanipro","twitter_card":"summary_large_image","twitter_misc":{"Tiempo de lectura":"3 minutos"},"schema":{"@context":"https:\/\/schema.org","@graph":[{"@type":"WebPage","@id":"https:\/\/sanipro.com.ar\/noticias\/glosario-v\/","url":"https:\/\/sanipro.com.ar\/noticias\/glosario-v\/","name":"GLOSARIO - Letra V - Sanipro","isPartOf":{"@id":"https:\/\/sanipro.com.ar\/noticias\/#website"},"datePublished":"2022-02-23T19:30:01+00:00","dateModified":"2022-02-23T19:30:01+00:00","breadcrumb":{"@id":"https:\/\/sanipro.com.ar\/noticias\/glosario-v\/#breadcrumb"},"inLanguage":"es-AR","potentialAction":[{"@type":"ReadAction","target":["https:\/\/sanipro.com.ar\/noticias\/glosario-v\/"]}]},{"@type":"BreadcrumbList","@id":"https:\/\/sanipro.com.ar\/noticias\/glosario-v\/#breadcrumb","itemListElement":[{"@type":"ListItem","position":1,"name":"Inicio","item":"https:\/\/sanipro.com.ar\/noticias\/"},{"@type":"ListItem","position":2,"name":"GLOSARIO &#8211; Letra V"}]},{"@type":"WebSite","@id":"https:\/\/sanipro.com.ar\/noticias\/#website","url":"https:\/\/sanipro.com.ar\/noticias\/","name":"Sanipro","description":"Sanidad profesional","publisher":{"@id":"https:\/\/sanipro.com.ar\/noticias\/#organization"},"potentialAction":[{"@type":"SearchAction","target":{"@type":"EntryPoint","urlTemplate":"https:\/\/sanipro.com.ar\/noticias\/?s={search_term_string}"},"query-input":"required name=search_term_string"}],"inLanguage":"es-AR"},{"@type":"Organization","@id":"https:\/\/sanipro.com.ar\/noticias\/#organization","name":"Sanipro","url":"https:\/\/sanipro.com.ar\/noticias\/","logo":{"@type":"ImageObject","inLanguage":"es-AR","@id":"https:\/\/sanipro.com.ar\/noticias\/#\/schema\/logo\/image\/","url":"https:\/\/sanipro.com.ar\/noticias\/wp-content\/uploads\/2022\/02\/cropped-LOGO-noticias.fw_-1.png","contentUrl":"https:\/\/sanipro.com.ar\/noticias\/wp-content\/uploads\/2022\/02\/cropped-LOGO-noticias.fw_-1.png","width":250,"height":79,"caption":"Sanipro"},"image":{"@id":"https:\/\/sanipro.com.ar\/noticias\/#\/schema\/logo\/image\/"}}]}},"_links":{"self":[{"href":"https:\/\/sanipro.com.ar\/noticias\/wp-json\/wp\/v2\/pages\/578","targetHints":{"allow":["GET"]}}],"collection":[{"href":"https:\/\/sanipro.com.ar\/noticias\/wp-json\/wp\/v2\/pages"}],"about":[{"href":"https:\/\/sanipro.com.ar\/noticias\/wp-json\/wp\/v2\/types\/page"}],"author":[{"embeddable":true,"href":"https:\/\/sanipro.com.ar\/noticias\/wp-json\/wp\/v2\/users\/1"}],"replies":[{"embeddable":true,"href":"https:\/\/sanipro.com.ar\/noticias\/wp-json\/wp\/v2\/comments?post=578"}],"version-history":[{"count":1,"href":"https:\/\/sanipro.com.ar\/noticias\/wp-json\/wp\/v2\/pages\/578\/revisions"}],"predecessor-version":[{"id":579,"href":"https:\/\/sanipro.com.ar\/noticias\/wp-json\/wp\/v2\/pages\/578\/revisions\/579"}],"wp:attachment":[{"href":"https:\/\/sanipro.com.ar\/noticias\/wp-json\/wp\/v2\/media?parent=578"}],"curies":[{"name":"wp","href":"https:\/\/api.w.org\/{rel}","templated":true}]}}